{"id":20106,"date":"2021-09-03T21:01:50","date_gmt":"2021-09-03T21:01:50","guid":{"rendered":"https:\/\/koroglucivata.com\/?post_type=product&#038;p=20106"},"modified":"2021-09-03T21:01:55","modified_gmt":"2021-09-03T21:01:55","slug":"1613-1-2-tork-anahtari","status":"publish","type":"product","link":"https:\/\/korogluhirdavat.com.tr\/?product=1613-1-2-tork-anahtari","title":{"rendered":"1613 1\/2&#8221; Tork Anahtar\u0131"},"content":{"rendered":"<table border=\"0\" width=\"100%\" cellspacing=\"2\" cellpadding=\"2\">\n<tbody>\n<tr>\n<td align=\"center\" bgcolor=\"#cecfd1\"><strong>KOD<\/strong><\/td>\n<td align=\"center\" bgcolor=\"#cecfd1\"><strong>\u00d6L\u00c7\u00dc<\/strong><\/td>\n<td align=\"center\" bgcolor=\"#cecfd1\"><img loading=\"lazy\" decoding=\"async\" src=\"https:\/\/www.izeltas.com.tr\/izeltascomtr\/upl\/Image\/terazi_G.jpg\" alt=\"\" width=\"34\" height=\"34\" \/><\/td>\n<td align=\"center\" bgcolor=\"#cecfd1\"><img loading=\"lazy\" decoding=\"async\" src=\"https:\/\/www.izeltas.com.tr\/izeltascomtr\/upl\/Image\/kare.jpg\" alt=\"\" width=\"34\" height=\"34\" \/><\/td>\n<\/tr>\n<tr>\n<td align=\"center\" bgcolor=\"#ffffff\">1613 06 1200<\/td>\n<td align=\"center\" bgcolor=\"#ffffff\">25-135 Nm &#8211; 3-14 Kg<\/td>\n<td align=\"center\" bgcolor=\"#ffffff\">1430<\/td>\n<td align=\"center\" bgcolor=\"#ffffff\">1<\/td>\n<\/tr>\n<tr bgcolor=\"#e2e3e4\">\n<td align=\"center\">1613 06 2000<\/td>\n<td align=\"center\">50-225 Nm &#8211; 5-23 Kg<\/td>\n<td align=\"center\">2165<\/td>\n<td align=\"center\">1<\/td>\n<\/tr>\n<tr>\n<td align=\"center\" bgcolor=\"#ffffff\">1613 06 3000<\/td>\n<td align=\"center\" bgcolor=\"#ffffff\">70-330 Nm &#8211; 7-35 Kg<\/td>\n<td align=\"center\" bgcolor=\"#ffffff\">2870<\/td>\n<td align=\"center\" bgcolor=\"#ffffff\">1<\/td>\n<\/tr>\n<\/tbody>\n<\/table>\n","protected":false},"excerpt":{"rendered":"<p>KOD \u00d6L\u00c7\u00dc 1613 06 1200 25-135 Nm &#8211; 3-14 Kg 1430 1 1613 06 2000 50-225 Nm &#8211; 5-23 Kg 2165 1 1613 06 3000 70-330 Nm &#8211; 7-35 Kg 2870 1<\/p>\n","protected":false},"featured_media":18556,"comment_status":"closed","ping_status":"closed","template":"","meta":[],"product_brand":[],"product_cat":[260,257],"product_tag":[],"class_list":{"0":"post-20106","1":"product","2":"type-product","3":"status-publish","4":"has-post-thumbnail","6":"product_cat-anahtarlar","7":"product_cat-el-aletleri","9":"first","10":"instock","11":"shipping-taxable","12":"product-type-simple"},"_links":{"self":[{"href":"https:\/\/korogluhirdavat.com.tr\/index.php?rest_route=\/wp\/v2\/product\/20106","targetHints":{"allow":["GET"]}}],"collection":[{"href":"https:\/\/korogluhirdavat.com.tr\/index.php?rest_route=\/wp\/v2\/product"}],"about":[{"href":"https:\/\/korogluhirdavat.com.tr\/index.php?rest_route=\/wp\/v2\/types\/product"}],"replies":[{"embeddable":true,"href":"https:\/\/korogluhirdavat.com.tr\/index.php?rest_route=%2Fwp%2Fv2%2Fcomments&post=20106"}],"wp:featuredmedia":[{"embeddable":true,"href":"https:\/\/korogluhirdavat.com.tr\/index.php?rest_route=\/wp\/v2\/media\/18556"}],"wp:attachment":[{"href":"https:\/\/korogluhirdavat.com.tr\/index.php?rest_route=%2Fwp%2Fv2%2Fmedia&parent=20106"}],"wp:term":[{"taxonomy":"product_brand","embeddable":true,"href":"https:\/\/korogluhirdavat.com.tr\/index.php?rest_route=%2Fwp%2Fv2%2Fproduct_brand&post=20106"},{"taxonomy":"product_cat","embeddable":true,"href":"https:\/\/korogluhirdavat.com.tr\/index.php?rest_route=%2Fwp%2Fv2%2Fproduct_cat&post=20106"},{"taxonomy":"product_tag","embeddable":true,"href":"https:\/\/korogluhirdavat.com.tr\/index.php?rest_route=%2Fwp%2Fv2%2Fproduct_tag&post=20106"}],"curies":[{"name":"wp","href":"https:\/\/api.w.org\/{rel}","templated":true}]}}