{"id":20109,"date":"2021-09-03T21:01:51","date_gmt":"2021-09-03T21:01:51","guid":{"rendered":"https:\/\/koroglucivata.com\/?post_type=product&#038;p=20109"},"modified":"2021-09-03T21:01:55","modified_gmt":"2021-09-03T21:01:55","slug":"1107-1-4-derin-lokma-anahtar-takimi-14-parca-mm","status":"publish","type":"product","link":"https:\/\/korogluhirdavat.com.tr\/?product=1107-1-4-derin-lokma-anahtar-takimi-14-parca-mm","title":{"rendered":"1107 1\/4\u201d Derin Lokma Anahtar Tak\u0131m\u0131 (14 par\u00e7a, mm)"},"content":{"rendered":"<table border=\"0\" width=\"100%\" cellspacing=\"2\" cellpadding=\"2\">\n<tbody>\n<tr>\n<td align=\"center\" bgcolor=\"#cecfd1\"><strong>KOD<\/strong><\/td>\n<td align=\"center\" bgcolor=\"#cecfd1\"><strong>Lokmalar<\/strong><\/td>\n<td align=\"center\" bgcolor=\"#cecfd1\"><b>Avadanl\u0131klar<\/b><\/td>\n<td align=\"center\" bgcolor=\"#cecfd1\"><img loading=\"lazy\" decoding=\"async\" src=\"https:\/\/www.izeltas.com.tr\/izeltascomtr\/upl\/Image\/terazi_G.jpg\" alt=\"\" width=\"34\" height=\"34\" \/><\/td>\n<td align=\"center\" bgcolor=\"#cecfd1\"><img loading=\"lazy\" decoding=\"async\" src=\"https:\/\/www.izeltas.com.tr\/izeltascomtr\/upl\/Image\/kare.jpg\" alt=\"\" width=\"34\" height=\"34\" \/><\/td>\n<\/tr>\n<tr>\n<td rowspan=\"5\" align=\"center\" bgcolor=\"#ffffff\">1107 00 6014<\/td>\n<td rowspan=\"5\" align=\"center\" bgcolor=\"#ffffff\">4-5-5.5-6 7-8-9-10 11-12-13<\/p>\n<p>Alt\u0131 K\u00f6\u015fe<\/td>\n<td bgcolor=\"#ffffff\">1\/4&#8243; C\u0131rc\u0131r Kol<\/td>\n<td rowspan=\"5\" align=\"center\" bgcolor=\"#ffffff\">1005<\/td>\n<td rowspan=\"5\" align=\"center\" bgcolor=\"#ffffff\">14<\/td>\n<\/tr>\n<tr>\n<td bgcolor=\"#cccccc\">1\/4&#8243; Ara Kol<\/td>\n<\/tr>\n<tr>\n<td bgcolor=\"#ffffff\">1\/4&#8243; Ara Kol<\/td>\n<\/tr>\n<\/tbody>\n<\/table>\n","protected":false},"excerpt":{"rendered":"<p>KOD Lokmalar Avadanl\u0131klar 1107 00 6014 4-5-5.5-6 7-8-9-10 11-12-13 Alt\u0131 K\u00f6\u015fe 1\/4&#8243; C\u0131rc\u0131r Kol 1005 14 1\/4&#8243; Ara Kol 1\/4&#8243; Ara Kol<\/p>\n","protected":false},"featured_media":18559,"comment_status":"closed","ping_status":"closed","template":"","meta":[],"product_brand":[],"product_cat":[257,265],"product_tag":[],"class_list":{"0":"post-20109","1":"product","2":"type-product","3":"status-publish","4":"has-post-thumbnail","6":"product_cat-el-aletleri","7":"product_cat-lokma-anahtarlar","9":"first","10":"instock","11":"shipping-taxable","12":"product-type-simple"},"_links":{"self":[{"href":"https:\/\/korogluhirdavat.com.tr\/index.php?rest_route=\/wp\/v2\/product\/20109","targetHints":{"allow":["GET"]}}],"collection":[{"href":"https:\/\/korogluhirdavat.com.tr\/index.php?rest_route=\/wp\/v2\/product"}],"about":[{"href":"https:\/\/korogluhirdavat.com.tr\/index.php?rest_route=\/wp\/v2\/types\/product"}],"replies":[{"embeddable":true,"href":"https:\/\/korogluhirdavat.com.tr\/index.php?rest_route=%2Fwp%2Fv2%2Fcomments&post=20109"}],"wp:featuredmedia":[{"embeddable":true,"href":"https:\/\/korogluhirdavat.com.tr\/index.php?rest_route=\/wp\/v2\/media\/18559"}],"wp:attachment":[{"href":"https:\/\/korogluhirdavat.com.tr\/index.php?rest_route=%2Fwp%2Fv2%2Fmedia&parent=20109"}],"wp:term":[{"taxonomy":"product_brand","embeddable":true,"href":"https:\/\/korogluhirdavat.com.tr\/index.php?rest_route=%2Fwp%2Fv2%2Fproduct_brand&post=20109"},{"taxonomy":"product_cat","embeddable":true,"href":"https:\/\/korogluhirdavat.com.tr\/index.php?rest_route=%2Fwp%2Fv2%2Fproduct_cat&post=20109"},{"taxonomy":"product_tag","embeddable":true,"href":"https:\/\/korogluhirdavat.com.tr\/index.php?rest_route=%2Fwp%2Fv2%2Fproduct_tag&post=20109"}],"curies":[{"name":"wp","href":"https:\/\/api.w.org\/{rel}","templated":true}]}}