{"id":20114,"date":"2021-09-03T21:01:57","date_gmt":"2021-09-03T21:01:57","guid":{"rendered":"https:\/\/koroglucivata.com\/?post_type=product&#038;p=20114"},"modified":"2021-09-03T21:02:01","modified_gmt":"2021-09-03T21:02:01","slug":"1107-1-4-lokmali-yildiz-uc","status":"publish","type":"product","link":"https:\/\/korogluhirdavat.com.tr\/?product=1107-1-4-lokmali-yildiz-uc","title":{"rendered":"1107 1\/4\u201d Lokmal\u0131 Y\u0131ld\u0131z U\u00e7"},"content":{"rendered":"<table border=\"0\" width=\"100%\" cellspacing=\"2\" cellpadding=\"2\">\n<tbody>\n<tr>\n<td bgcolor=\"#cecfd1\"><strong>KOD<\/strong><\/td>\n<td bgcolor=\"#cecfd1\">\u00a0<img loading=\"lazy\" decoding=\"async\" src=\"https:\/\/www.izeltas.com.tr\/izeltascomtr\/upl\/Image\/arti.jpg\" alt=\"\" width=\"34\" height=\"34\" \/><\/td>\n<td bgcolor=\"#cecfd1\"><img loading=\"lazy\" decoding=\"async\" src=\"https:\/\/www.izeltas.com.tr\/izeltascomtr\/upl\/Image\/L.jpg\" alt=\"\" width=\"34\" height=\"34\" \/><\/td>\n<td bgcolor=\"#cecfd1\"><img loading=\"lazy\" decoding=\"async\" src=\"https:\/\/www.izeltas.com.tr\/izeltascomtr\/upl\/Image\/terazi_G.jpg\" alt=\"\" width=\"34\" height=\"34\" \/><\/td>\n<td bgcolor=\"#cecfd1\"><img loading=\"lazy\" decoding=\"async\" src=\"https:\/\/www.izeltas.com.tr\/izeltascomtr\/upl\/Image\/kare.jpg\" alt=\"\" width=\"34\" height=\"34\" \/><\/td>\n<\/tr>\n<tr bgcolor=\"#ffffff\">\n<td>1107 06 1501<\/td>\n<td>Ph 1<\/td>\n<td>37<\/td>\n<td>14<\/td>\n<td>10<\/td>\n<\/tr>\n<tr bgcolor=\"#e2e3e4\">\n<td>1107 06 1502<\/td>\n<td>Ph 2<\/td>\n<td>37<\/td>\n<td>14<\/td>\n<td>10<\/td>\n<\/tr>\n<tr bgcolor=\"#ffffff\">\n<td>1107 06 1503<\/td>\n<td>Ph 3<\/td>\n<td>37<\/td>\n<td>15<\/td>\n<td>10<\/td>\n<\/tr>\n<tr bgcolor=\"#e2e3e4\">\n<td>1107 06 1504<\/td>\n<td>Ph 4<\/td>\n<td>37<\/td>\n<td>16<\/td>\n<td>10<\/td>\n<\/tr>\n<\/tbody>\n<\/table>\n","protected":false},"excerpt":{"rendered":"<p>KOD \u00a0 1107 06 1501 Ph 1 37 14 10 1107 06 1502 Ph 2 37 14 10 1107 06 1503 Ph 3 37 15 10 1107 06 1504 Ph 4 37 16 10<\/p>\n","protected":false},"featured_media":18565,"comment_status":"closed","ping_status":"closed","template":"","meta":[],"product_brand":[],"product_cat":[257,265],"product_tag":[],"class_list":{"0":"post-20114","1":"product","2":"type-product","3":"status-publish","4":"has-post-thumbnail","6":"product_cat-el-aletleri","7":"product_cat-lokma-anahtarlar","9":"first","10":"instock","11":"shipping-taxable","12":"product-type-simple"},"_links":{"self":[{"href":"https:\/\/korogluhirdavat.com.tr\/index.php?rest_route=\/wp\/v2\/product\/20114","targetHints":{"allow":["GET"]}}],"collection":[{"href":"https:\/\/korogluhirdavat.com.tr\/index.php?rest_route=\/wp\/v2\/product"}],"about":[{"href":"https:\/\/korogluhirdavat.com.tr\/index.php?rest_route=\/wp\/v2\/types\/product"}],"replies":[{"embeddable":true,"href":"https:\/\/korogluhirdavat.com.tr\/index.php?rest_route=%2Fwp%2Fv2%2Fcomments&post=20114"}],"wp:featuredmedia":[{"embeddable":true,"href":"https:\/\/korogluhirdavat.com.tr\/index.php?rest_route=\/wp\/v2\/media\/18565"}],"wp:attachment":[{"href":"https:\/\/korogluhirdavat.com.tr\/index.php?rest_route=%2Fwp%2Fv2%2Fmedia&parent=20114"}],"wp:term":[{"taxonomy":"product_brand","embeddable":true,"href":"https:\/\/korogluhirdavat.com.tr\/index.php?rest_route=%2Fwp%2Fv2%2Fproduct_brand&post=20114"},{"taxonomy":"product_cat","embeddable":true,"href":"https:\/\/korogluhirdavat.com.tr\/index.php?rest_route=%2Fwp%2Fv2%2Fproduct_cat&post=20114"},{"taxonomy":"product_tag","embeddable":true,"href":"https:\/\/korogluhirdavat.com.tr\/index.php?rest_route=%2Fwp%2Fv2%2Fproduct_tag&post=20114"}],"curies":[{"name":"wp","href":"https:\/\/api.w.org\/{rel}","templated":true}]}}