{"id":20115,"date":"2021-09-03T21:01:58","date_gmt":"2021-09-03T21:01:58","guid":{"rendered":"https:\/\/koroglucivata.com\/?post_type=product&#038;p=20115"},"modified":"2021-09-03T21:02:01","modified_gmt":"2021-09-03T21:02:01","slug":"1107-1-4-bits-uclu-lokma-takimi-41-parca","status":"publish","type":"product","link":"https:\/\/korogluhirdavat.com.tr\/?product=1107-1-4-bits-uclu-lokma-takimi-41-parca","title":{"rendered":"1107 1\/4\u201d Bits U\u00e7lu Lokma Tak\u0131m\u0131 (41 Par\u00e7a)"},"content":{"rendered":"<table border=\"0\" width=\"100%\" cellspacing=\"2\" cellpadding=\"2\">\n<tbody>\n<tr>\n<td bgcolor=\"#cecfd1\"><strong>KOD<\/strong><\/td>\n<td bgcolor=\"#cecfd1\"><\/td>\n<td bgcolor=\"#cecfd1\">\u00a0<strong>\u0130\u00c7ER\u0130K<\/strong><\/td>\n<td bgcolor=\"#cecfd1\"><img loading=\"lazy\" decoding=\"async\" src=\"https:\/\/www.izeltas.com.tr\/izeltascomtr\/upl\/Image\/terazi_G.jpg\" alt=\"\" width=\"34\" height=\"34\" \/><\/td>\n<td bgcolor=\"#cecfd1\"><img loading=\"lazy\" decoding=\"async\" src=\"https:\/\/www.izeltas.com.tr\/izeltascomtr\/upl\/Image\/kare.jpg\" alt=\"\" width=\"34\" height=\"34\" \/><\/td>\n<\/tr>\n<tr>\n<td rowspan=\"7\">&nbsp;<\/p>\n<p>&nbsp;<\/p>\n<p>&nbsp;<\/p>\n<p>&nbsp;<\/p>\n<p>1107 00 1041<\/td>\n<td><img loading=\"lazy\" decoding=\"async\" src=\"https:\/\/www.izeltas.com.tr\/upl\/Torx%C2%AE%20U%C3%A7lar(4).png\" alt=\"\" width=\"19\" height=\"16\" \/><\/td>\n<td><strong>Torx\u00ae U\u00e7lar<\/strong><\/p>\n<p>T8-T9-T10-T15-T20 &#8211; T25<\/p>\n<p>T27 -T30 &#8211; T40<\/td>\n<td rowspan=\"7\"><\/td>\n<td rowspan=\"7\">&nbsp;<\/p>\n<p>&nbsp;<\/p>\n<p>&nbsp;<\/p>\n<p>&nbsp;<\/p>\n<p>41<\/td>\n<\/tr>\n<tr>\n<td bgcolor=\"#cccccc\"><img loading=\"lazy\" decoding=\"async\" src=\"https:\/\/www.izeltas.com.tr\/upl\/delikli%20Torx%C2%AE%20U%C3%A7lar(1).png\" alt=\"\" width=\"19\" height=\"16\" \/><\/td>\n<td bgcolor=\"#cccccc\"><strong>Delikli Torx\u00ae U\u00e7lar<\/strong><\/p>\n<p>TR8-TR9-TR10-TR15-TR20<\/p>\n<p>TR25-TR27-TR30-TR40<\/td>\n<\/tr>\n<tr>\n<td><img loading=\"lazy\" decoding=\"async\" src=\"https:\/\/www.izeltas.com.tr\/upl\/Allen%20U%C3%A7lar(1).png\" alt=\"\" width=\"18\" height=\"16\" \/><\/td>\n<td><strong>Allen U\u00e7lar<\/strong><\/p>\n<p>2.5-3-4-5-6-7-8-10<\/td>\n<\/tr>\n<tr>\n<td bgcolor=\"#cccccc\"><img loading=\"lazy\" decoding=\"async\" src=\"https:\/\/www.izeltas.com.tr\/upl\/Lokmal%C4%B1%20D%C3%BCz%20U%C3%A7(1).png\" alt=\"\" width=\"16\" height=\"16\" \/><\/td>\n<td bgcolor=\"#cccccc\"><strong>Lokmal\u0131 D\u00fcz U\u00e7<\/strong><\/p>\n<p>3-3.5-4-4.5-5.5<\/p>\n<p>6.5-7-8-10<\/td>\n<\/tr>\n<tr>\n<td><img loading=\"lazy\" decoding=\"async\" src=\"https:\/\/www.izeltas.com.tr\/upl\/Lokmal%C4%B1%20Y%C4%B1ld%C4%B1z%20U%C3%A7(1).png\" alt=\"\" width=\"16\" height=\"16\" \/><\/td>\n<td><strong>Lokmal\u0131 Y\u0131ld\u0131z U\u00e7<\/strong><\/p>\n<p>Ph1-Ph2-Ph3-Ph4<\/td>\n<\/tr>\n<tr>\n<td><\/td>\n<td bgcolor=\"#cccccc\"><strong>1\/4&#8243; C\u0131rc\u0131r kolu<\/strong><\/td>\n<\/tr>\n<tr>\n<td><\/td>\n<td><strong>1\/4&#8243; Ara Kol<\/strong><\/td>\n<\/tr>\n<\/tbody>\n<\/table>\n","protected":false},"excerpt":{"rendered":"<p>KOD \u00a0\u0130\u00c7ER\u0130K &nbsp; &nbsp; &nbsp; &nbsp; 1107 00 1041 Torx\u00ae U\u00e7lar T8-T9-T10-T15-T20 &#8211; T25 T27 -T30 &#8211; T40 &nbsp; &nbsp; &nbsp; &nbsp; 41 Delikli Torx\u00ae U\u00e7lar TR8-TR9-TR10-TR15-TR20 TR25-TR27-TR30-TR40 Allen U\u00e7lar 2.5-3-4-5-6-7-8-10 Lokmal\u0131 D\u00fcz U\u00e7 3-3.5-4-4.5-5.5 6.5-7-8-10 Lokmal\u0131 Y\u0131ld\u0131z U\u00e7 Ph1-Ph2-Ph3-Ph4 1\/4&#8243; C\u0131rc\u0131r kolu 1\/4&#8243; Ara Kol<\/p>\n","protected":false},"featured_media":18566,"comment_status":"closed","ping_status":"closed","template":"","meta":[],"product_brand":[],"product_cat":[257,265],"product_tag":[],"class_list":{"0":"post-20115","1":"product","2":"type-product","3":"status-publish","4":"has-post-thumbnail","6":"product_cat-el-aletleri","7":"product_cat-lokma-anahtarlar","9":"first","10":"instock","11":"shipping-taxable","12":"product-type-simple"},"_links":{"self":[{"href":"https:\/\/korogluhirdavat.com.tr\/index.php?rest_route=\/wp\/v2\/product\/20115","targetHints":{"allow":["GET"]}}],"collection":[{"href":"https:\/\/korogluhirdavat.com.tr\/index.php?rest_route=\/wp\/v2\/product"}],"about":[{"href":"https:\/\/korogluhirdavat.com.tr\/index.php?rest_route=\/wp\/v2\/types\/product"}],"replies":[{"embeddable":true,"href":"https:\/\/korogluhirdavat.com.tr\/index.php?rest_route=%2Fwp%2Fv2%2Fcomments&post=20115"}],"wp:featuredmedia":[{"embeddable":true,"href":"https:\/\/korogluhirdavat.com.tr\/index.php?rest_route=\/wp\/v2\/media\/18566"}],"wp:attachment":[{"href":"https:\/\/korogluhirdavat.com.tr\/index.php?rest_route=%2Fwp%2Fv2%2Fmedia&parent=20115"}],"wp:term":[{"taxonomy":"product_brand","embeddable":true,"href":"https:\/\/korogluhirdavat.com.tr\/index.php?rest_route=%2Fwp%2Fv2%2Fproduct_brand&post=20115"},{"taxonomy":"product_cat","embeddable":true,"href":"https:\/\/korogluhirdavat.com.tr\/index.php?rest_route=%2Fwp%2Fv2%2Fproduct_cat&post=20115"},{"taxonomy":"product_tag","embeddable":true,"href":"https:\/\/korogluhirdavat.com.tr\/index.php?rest_route=%2Fwp%2Fv2%2Fproduct_tag&post=20115"}],"curies":[{"name":"wp","href":"https:\/\/api.w.org\/{rel}","templated":true}]}}