{"id":20116,"date":"2021-09-03T21:01:58","date_gmt":"2021-09-03T21:01:58","guid":{"rendered":"https:\/\/koroglucivata.com\/?post_type=product&#038;p=20116"},"modified":"2021-09-03T21:02:01","modified_gmt":"2021-09-03T21:02:01","slug":"1507-1-4-circir-kolu-plastik-sapli","status":"publish","type":"product","link":"https:\/\/korogluhirdavat.com.tr\/?product=1507-1-4-circir-kolu-plastik-sapli","title":{"rendered":"1507 1\/4\u201d C\u0131rc\u0131r Kolu (Plastik Sapl\u0131)"},"content":{"rendered":"<table border=\"0\" width=\"100%\" cellspacing=\"2\" cellpadding=\"2\">\n<tbody>\n<tr>\n<td align=\"center\" bgcolor=\"#cecfd1\"><strong>KOD<\/strong><\/td>\n<td align=\"center\" bgcolor=\"#cecfd1\"><img loading=\"lazy\" decoding=\"async\" src=\"https:\/\/www.izeltas.com.tr\/izeltascomtr\/upl\/Image\/L.jpg\" alt=\"\" width=\"34\" height=\"34\" \/><\/td>\n<td align=\"center\" bgcolor=\"#cecfd1\"><img loading=\"lazy\" decoding=\"async\" src=\"https:\/\/www.izeltas.com.tr\/izeltascomtr\/upl\/Image\/terazi_G.jpg\" alt=\"\" width=\"34\" height=\"34\" \/><\/td>\n<td align=\"center\" bgcolor=\"#cecfd1\"><img loading=\"lazy\" decoding=\"async\" src=\"https:\/\/www.izeltas.com.tr\/izeltascomtr\/upl\/Image\/kare.jpg\" alt=\"\" width=\"34\" height=\"34\" \/><\/td>\n<\/tr>\n<tr>\n<td align=\"center\" bgcolor=\"#ffffff\">1507 06 2140<\/td>\n<td align=\"center\" bgcolor=\"#ffffff\">140<\/td>\n<td align=\"center\" bgcolor=\"#ffffff\">140<\/td>\n<td align=\"center\" bgcolor=\"#ffffff\">5<\/td>\n<\/tr>\n<\/tbody>\n<\/table>\n","protected":false},"excerpt":{"rendered":"<p>KOD 1507 06 2140 140 140 5<\/p>\n","protected":false},"featured_media":18567,"comment_status":"closed","ping_status":"closed","template":"","meta":[],"product_brand":[],"product_cat":[257,265],"product_tag":[],"class_list":{"0":"post-20116","1":"product","2":"type-product","3":"status-publish","4":"has-post-thumbnail","6":"product_cat-el-aletleri","7":"product_cat-lokma-anahtarlar","9":"first","10":"instock","11":"shipping-taxable","12":"product-type-simple"},"_links":{"self":[{"href":"https:\/\/korogluhirdavat.com.tr\/index.php?rest_route=\/wp\/v2\/product\/20116","targetHints":{"allow":["GET"]}}],"collection":[{"href":"https:\/\/korogluhirdavat.com.tr\/index.php?rest_route=\/wp\/v2\/product"}],"about":[{"href":"https:\/\/korogluhirdavat.com.tr\/index.php?rest_route=\/wp\/v2\/types\/product"}],"replies":[{"embeddable":true,"href":"https:\/\/korogluhirdavat.com.tr\/index.php?rest_route=%2Fwp%2Fv2%2Fcomments&post=20116"}],"wp:featuredmedia":[{"embeddable":true,"href":"https:\/\/korogluhirdavat.com.tr\/index.php?rest_route=\/wp\/v2\/media\/18567"}],"wp:attachment":[{"href":"https:\/\/korogluhirdavat.com.tr\/index.php?rest_route=%2Fwp%2Fv2%2Fmedia&parent=20116"}],"wp:term":[{"taxonomy":"product_brand","embeddable":true,"href":"https:\/\/korogluhirdavat.com.tr\/index.php?rest_route=%2Fwp%2Fv2%2Fproduct_brand&post=20116"},{"taxonomy":"product_cat","embeddable":true,"href":"https:\/\/korogluhirdavat.com.tr\/index.php?rest_route=%2Fwp%2Fv2%2Fproduct_cat&post=20116"},{"taxonomy":"product_tag","embeddable":true,"href":"https:\/\/korogluhirdavat.com.tr\/index.php?rest_route=%2Fwp%2Fv2%2Fproduct_tag&post=20116"}],"curies":[{"name":"wp","href":"https:\/\/api.w.org\/{rel}","templated":true}]}}