{"id":20117,"date":"2021-09-03T21:01:58","date_gmt":"2021-09-03T21:01:58","guid":{"rendered":"https:\/\/koroglucivata.com\/?post_type=product&#038;p=20117"},"modified":"2021-09-03T21:02:01","modified_gmt":"2021-09-03T21:02:01","slug":"1108-1-2-6-kose-havali-derin-lokma-anahtar-mm","status":"publish","type":"product","link":"https:\/\/korogluhirdavat.com.tr\/?product=1108-1-2-6-kose-havali-derin-lokma-anahtar-mm","title":{"rendered":"1108 1\/2&#8243; 6 K\u00f6\u015fe Haval\u0131 Derin Lokma Anahtar (mm)"},"content":{"rendered":"<table border=\"0\" width=\"100%\" cellspacing=\"2\" cellpadding=\"2\">\n<tbody>\n<tr>\n<td align=\"center\" bgcolor=\"#cecfd1\"><strong>KOD<\/strong><\/td>\n<td align=\"center\" bgcolor=\"#cecfd1\"><img loading=\"lazy\" decoding=\"async\" src=\"https:\/\/www.izeltas.com.tr\/izeltascomtr\/upl\/Image\/yuvarlakAltigen_mm.jpg\" alt=\"\" width=\"34\" height=\"34\" \/><\/td>\n<td align=\"center\" bgcolor=\"#cecfd1\"><img loading=\"lazy\" decoding=\"async\" src=\"https:\/\/www.izeltas.com.tr\/izeltascomtr\/upl\/Image\/L.jpg\" alt=\"\" width=\"34\" height=\"34\" \/><\/td>\n<td align=\"center\" bgcolor=\"#cecfd1\"><img loading=\"lazy\" decoding=\"async\" src=\"https:\/\/www.izeltas.com.tr\/izeltascomtr\/upl\/Image\/terazi_G.jpg\" alt=\"\" width=\"34\" height=\"34\" \/><\/td>\n<td align=\"center\" bgcolor=\"#cecfd1\"><img loading=\"lazy\" decoding=\"async\" src=\"https:\/\/www.izeltas.com.tr\/izeltascomtr\/upl\/Image\/kare.jpg\" alt=\"\" width=\"34\" height=\"34\" \/><\/td>\n<\/tr>\n<tr>\n<td align=\"center\" bgcolor=\"#ffffff\">1108 06 7010<\/td>\n<td bgcolor=\"#ffffff\">10<\/td>\n<td align=\"center\" bgcolor=\"#ffffff\">80<\/td>\n<td align=\"center\" bgcolor=\"#ffffff\">136<\/td>\n<td align=\"center\" bgcolor=\"#ffffff\">10<\/td>\n<\/tr>\n<tr>\n<td align=\"center\" bgcolor=\"#cccccc\">1108 06 7011<\/td>\n<td bgcolor=\"#cccccc\">11<\/td>\n<td align=\"center\" bgcolor=\"#cccccc\">80<\/td>\n<td align=\"center\" bgcolor=\"#cccccc\">144<\/td>\n<td align=\"center\" bgcolor=\"#cccccc\">10<\/td>\n<\/tr>\n<tr>\n<td align=\"center\" bgcolor=\"#ffffff\">1108 06 7012<\/td>\n<td bgcolor=\"#ffffff\">12<\/td>\n<td align=\"center\" bgcolor=\"#ffffff\">80<\/td>\n<td align=\"center\" bgcolor=\"#ffffff\">157<\/td>\n<td align=\"center\" bgcolor=\"#ffffff\">10<\/td>\n<\/tr>\n<tr>\n<td align=\"center\" bgcolor=\"#cccccc\">1108 06 7013<\/td>\n<td bgcolor=\"#cccccc\">13<\/td>\n<td align=\"center\" bgcolor=\"#cccccc\">80<\/td>\n<td align=\"center\" bgcolor=\"#cccccc\">157<\/td>\n<td align=\"center\" bgcolor=\"#cccccc\">10<\/td>\n<\/tr>\n<tr>\n<td align=\"center\" bgcolor=\"#ffffff\">1108 06 7014<\/td>\n<td bgcolor=\"#ffffff\">14<\/td>\n<td align=\"center\" bgcolor=\"#ffffff\">80<\/td>\n<td align=\"center\" bgcolor=\"#ffffff\">172<\/td>\n<td align=\"center\" bgcolor=\"#ffffff\">10<\/td>\n<\/tr>\n<tr>\n<td align=\"center\" bgcolor=\"#cccccc\">1108 06 7015<\/td>\n<td bgcolor=\"#cccccc\">15<\/td>\n<td align=\"center\" bgcolor=\"#cccccc\">80<\/td>\n<td align=\"center\" bgcolor=\"#cccccc\">223<\/td>\n<td align=\"center\" bgcolor=\"#cccccc\">10<\/td>\n<\/tr>\n<tr>\n<td align=\"center\" bgcolor=\"#ffffff\">1108 06 7016<\/td>\n<td bgcolor=\"#ffffff\">16<\/td>\n<td align=\"center\" bgcolor=\"#ffffff\">80<\/td>\n<td align=\"center\" bgcolor=\"#ffffff\">230<\/td>\n<td align=\"center\" bgcolor=\"#ffffff\">10<\/td>\n<\/tr>\n<tr>\n<td align=\"center\" bgcolor=\"#cccccc\">1108 06 7017<\/td>\n<td bgcolor=\"#cccccc\">17<\/td>\n<td align=\"center\" bgcolor=\"#cccccc\">80<\/td>\n<td align=\"center\" bgcolor=\"#cccccc\">240<\/td>\n<td align=\"center\" bgcolor=\"#cccccc\">10<\/td>\n<\/tr>\n<tr>\n<td align=\"center\" bgcolor=\"#ffffff\">1108 06 7018<\/td>\n<td bgcolor=\"#ffffff\">18<\/td>\n<td align=\"center\" bgcolor=\"#ffffff\">80<\/td>\n<td align=\"center\" bgcolor=\"#ffffff\">255<\/td>\n<td align=\"center\" bgcolor=\"#ffffff\">10<\/td>\n<\/tr>\n<tr>\n<td align=\"center\" bgcolor=\"#cccccc\">1108 06 7019<\/td>\n<td bgcolor=\"#cccccc\">19<\/td>\n<td align=\"center\" bgcolor=\"#cccccc\">80<\/td>\n<td align=\"center\" bgcolor=\"#cccccc\">236<\/td>\n<td align=\"center\" bgcolor=\"#cccccc\">10<\/td>\n<\/tr>\n<tr>\n<td align=\"center\" bgcolor=\"#ffffff\">1108 06 7021<\/td>\n<td bgcolor=\"#ffffff\">\u00a021<\/td>\n<td align=\"center\" bgcolor=\"#ffffff\">80<\/td>\n<td align=\"center\" bgcolor=\"#ffffff\">240<\/td>\n<td align=\"center\" bgcolor=\"#ffffff\">10<\/td>\n<\/tr>\n<tr>\n<td align=\"center\" bgcolor=\"#cccccc\">1108 06 7022<\/td>\n<td bgcolor=\"#cccccc\">22<\/td>\n<td align=\"center\" bgcolor=\"#cccccc\">80<\/td>\n<td align=\"center\" bgcolor=\"#cccccc\">296<\/td>\n<td align=\"center\" bgcolor=\"#cccccc\">5<\/td>\n<\/tr>\n<tr>\n<td align=\"center\" bgcolor=\"#ffffff\">1108 06 7024<\/td>\n<td bgcolor=\"#ffffff\">24<\/td>\n<td align=\"center\" bgcolor=\"#ffffff\">80<\/td>\n<td align=\"center\" bgcolor=\"#ffffff\">308<\/td>\n<td align=\"center\" bgcolor=\"#ffffff\">5<\/td>\n<\/tr>\n<tr>\n<td align=\"center\" bgcolor=\"#cccccc\">1108 06 7027<\/td>\n<td bgcolor=\"#cccccc\">27<\/td>\n<td align=\"center\" bgcolor=\"#cccccc\">80<\/td>\n<td align=\"center\" bgcolor=\"#cccccc\">356<\/td>\n<td align=\"center\" bgcolor=\"#cccccc\">5<\/td>\n<\/tr>\n<tr>\n<td align=\"center\" bgcolor=\"#ffffff\">1108 06 7030<\/td>\n<td bgcolor=\"#ffffff\">30<\/td>\n<td align=\"center\" bgcolor=\"#ffffff\">80<\/td>\n<td align=\"center\" bgcolor=\"#ffffff\">416<\/td>\n<td align=\"center\" bgcolor=\"#ffffff\">5<\/td>\n<\/tr>\n<tr>\n<td align=\"center\" bgcolor=\"#cccccc\">1108 06 7032<\/td>\n<td bgcolor=\"#cccccc\">32<\/td>\n<td align=\"center\" bgcolor=\"#cccccc\">80<\/td>\n<td align=\"center\" bgcolor=\"#cccccc\">510<\/td>\n<td align=\"center\" bgcolor=\"#cccccc\">5<\/td>\n<\/tr>\n<\/tbody>\n<\/table>\n","protected":false},"excerpt":{"rendered":"<p>KOD 1108 06 7010 10 80 136 10 1108 06 7011 11 80 144 10 1108 06 7012 12 80 157 10 1108 06 7013 13 80 157 10 1108 06 7014 14 80 172 10 1108 06 7015 15 80 223 10 1108 06 7016 16 80 230 10 1108 06 7017 17 80 [&hellip;]<\/p>\n","protected":false},"featured_media":18568,"comment_status":"closed","ping_status":"closed","template":"","meta":[],"product_brand":[],"product_cat":[257,265],"product_tag":[],"class_list":{"0":"post-20117","1":"product","2":"type-product","3":"status-publish","4":"has-post-thumbnail","6":"product_cat-el-aletleri","7":"product_cat-lokma-anahtarlar","9":"first","10":"instock","11":"shipping-taxable","12":"product-type-simple"},"_links":{"self":[{"href":"https:\/\/korogluhirdavat.com.tr\/index.php?rest_route=\/wp\/v2\/product\/20117","targetHints":{"allow":["GET"]}}],"collection":[{"href":"https:\/\/korogluhirdavat.com.tr\/index.php?rest_route=\/wp\/v2\/product"}],"about":[{"href":"https:\/\/korogluhirdavat.com.tr\/index.php?rest_route=\/wp\/v2\/types\/product"}],"replies":[{"embeddable":true,"href":"https:\/\/korogluhirdavat.com.tr\/index.php?rest_route=%2Fwp%2Fv2%2Fcomments&post=20117"}],"wp:featuredmedia":[{"embeddable":true,"href":"https:\/\/korogluhirdavat.com.tr\/index.php?rest_route=\/wp\/v2\/media\/18568"}],"wp:attachment":[{"href":"https:\/\/korogluhirdavat.com.tr\/index.php?rest_route=%2Fwp%2Fv2%2Fmedia&parent=20117"}],"wp:term":[{"taxonomy":"product_brand","embeddable":true,"href":"https:\/\/korogluhirdavat.com.tr\/index.php?rest_route=%2Fwp%2Fv2%2Fproduct_brand&post=20117"},{"taxonomy":"product_cat","embeddable":true,"href":"https:\/\/korogluhirdavat.com.tr\/index.php?rest_route=%2Fwp%2Fv2%2Fproduct_cat&post=20117"},{"taxonomy":"product_tag","embeddable":true,"href":"https:\/\/korogluhirdavat.com.tr\/index.php?rest_route=%2Fwp%2Fv2%2Fproduct_tag&post=20117"}],"curies":[{"name":"wp","href":"https:\/\/api.w.org\/{rel}","templated":true}]}}