{"id":20125,"date":"2021-09-03T21:01:59","date_gmt":"2021-09-03T21:01:59","guid":{"rendered":"https:\/\/koroglucivata.com\/?post_type=product&#038;p=20125"},"modified":"2021-09-03T21:02:02","modified_gmt":"2021-09-03T21:02:02","slug":"1619-3-4-tork-anahtari","status":"publish","type":"product","link":"https:\/\/korogluhirdavat.com.tr\/?product=1619-3-4-tork-anahtari","title":{"rendered":"1619 3\/4&#8243; Tork Anahtar\u0131"},"content":{"rendered":"<table border=\"0\" width=\"100%\" cellspacing=\"2\" cellpadding=\"2\">\n<tbody>\n<tr>\n<td bgcolor=\"#cecfd1\"><strong>KOD<\/strong><\/td>\n<td bgcolor=\"#cecfd1\"><strong>\u00d6L\u00c7\u00dc<\/strong><\/td>\n<td bgcolor=\"#cecfd1\"><img loading=\"lazy\" decoding=\"async\" src=\"https:\/\/www.izeltas.com.tr\/izeltascomtr\/upl\/Image\/terazi_G.jpg\" alt=\"\" width=\"34\" height=\"34\" \/><\/td>\n<td bgcolor=\"#cecfd1\"><img loading=\"lazy\" decoding=\"async\" src=\"https:\/\/www.izeltas.com.tr\/izeltascomtr\/upl\/Image\/kare.jpg\" alt=\"\" width=\"34\" height=\"34\" \/><\/td>\n<\/tr>\n<tr bgcolor=\"#ffffff\">\n<td>1619 06 2080<\/td>\n<td>200-800 Nm-22-82 kg<\/td>\n<td>8860<\/td>\n<td>1<\/td>\n<\/tr>\n<\/tbody>\n<\/table>\n","protected":false},"excerpt":{"rendered":"<p>KOD \u00d6L\u00c7\u00dc 1619 06 2080 200-800 Nm-22-82 kg 8860 1<\/p>\n","protected":false},"featured_media":18591,"comment_status":"closed","ping_status":"closed","template":"","meta":[],"product_brand":[],"product_cat":[260,257],"product_tag":[],"class_list":{"0":"post-20125","1":"product","2":"type-product","3":"status-publish","4":"has-post-thumbnail","6":"product_cat-anahtarlar","7":"product_cat-el-aletleri","9":"first","10":"instock","11":"shipping-taxable","12":"product-type-simple"},"_links":{"self":[{"href":"https:\/\/korogluhirdavat.com.tr\/index.php?rest_route=\/wp\/v2\/product\/20125","targetHints":{"allow":["GET"]}}],"collection":[{"href":"https:\/\/korogluhirdavat.com.tr\/index.php?rest_route=\/wp\/v2\/product"}],"about":[{"href":"https:\/\/korogluhirdavat.com.tr\/index.php?rest_route=\/wp\/v2\/types\/product"}],"replies":[{"embeddable":true,"href":"https:\/\/korogluhirdavat.com.tr\/index.php?rest_route=%2Fwp%2Fv2%2Fcomments&post=20125"}],"wp:featuredmedia":[{"embeddable":true,"href":"https:\/\/korogluhirdavat.com.tr\/index.php?rest_route=\/wp\/v2\/media\/18591"}],"wp:attachment":[{"href":"https:\/\/korogluhirdavat.com.tr\/index.php?rest_route=%2Fwp%2Fv2%2Fmedia&parent=20125"}],"wp:term":[{"taxonomy":"product_brand","embeddable":true,"href":"https:\/\/korogluhirdavat.com.tr\/index.php?rest_route=%2Fwp%2Fv2%2Fproduct_brand&post=20125"},{"taxonomy":"product_cat","embeddable":true,"href":"https:\/\/korogluhirdavat.com.tr\/index.php?rest_route=%2Fwp%2Fv2%2Fproduct_cat&post=20125"},{"taxonomy":"product_tag","embeddable":true,"href":"https:\/\/korogluhirdavat.com.tr\/index.php?rest_route=%2Fwp%2Fv2%2Fproduct_tag&post=20125"}],"curies":[{"name":"wp","href":"https:\/\/api.w.org\/{rel}","templated":true}]}}