{"id":20129,"date":"2021-09-03T21:01:59","date_gmt":"2021-09-03T21:01:59","guid":{"rendered":"https:\/\/koroglucivata.com\/?post_type=product&#038;p=20129"},"modified":"2021-09-03T21:02:03","modified_gmt":"2021-09-03T21:02:03","slug":"4100-kraft-seri-sungusu-uzun-duz-uclu-tornavida","status":"publish","type":"product","link":"https:\/\/korogluhirdavat.com.tr\/?product=4100-kraft-seri-sungusu-uzun-duz-uclu-tornavida","title":{"rendered":"4100 Kraft Seri S\u00fcng\u00fcs\u00fc Uzun D\u00fcz U\u00e7lu Tornavida"},"content":{"rendered":"<table border=\"0\" width=\"100%\" cellspacing=\"2\" cellpadding=\"2\">\n<tbody>\n<tr>\n<td align=\"center\" bgcolor=\"#cecfd1\"><strong>KOD<\/strong><\/td>\n<td align=\"center\" bgcolor=\"#cecfd1\"><img loading=\"lazy\" decoding=\"async\" src=\"https:\/\/www.izeltas.com.tr\/izeltascomtr\/upl\/Image\/DxL1.jpg\" alt=\"\" width=\"34\" height=\"34\" \/><\/td>\n<td colspan=\"2\" align=\"center\" bgcolor=\"#cecfd1\"><img loading=\"lazy\" decoding=\"async\" src=\"https:\/\/www.izeltas.com.tr\/izeltascomtr\/upl\/Image\/a-b.jpg\" alt=\"\" width=\"59\" height=\"34\" \/><\/td>\n<td align=\"center\" bgcolor=\"#cecfd1\"><img loading=\"lazy\" decoding=\"async\" src=\"https:\/\/www.izeltas.com.tr\/izeltascomtr\/upl\/Image\/L.jpg\" alt=\"\" width=\"34\" height=\"34\" \/><\/td>\n<td align=\"center\" bgcolor=\"#cecfd1\"><img loading=\"lazy\" decoding=\"async\" src=\"https:\/\/www.izeltas.com.tr\/izeltascomtr\/upl\/Image\/terazi_G.jpg\" alt=\"\" width=\"34\" height=\"34\" \/><\/td>\n<td align=\"center\" bgcolor=\"#cecfd1\"><img loading=\"lazy\" decoding=\"async\" src=\"https:\/\/www.izeltas.com.tr\/izeltascomtr\/upl\/Image\/kare.jpg\" alt=\"\" width=\"34\" height=\"34\" \/><\/td>\n<\/tr>\n<tr bgcolor=\"#ffffff\">\n<td align=\"center\">*4100 17 3150<\/td>\n<td align=\"center\">3&#215;150<\/td>\n<td align=\"center\">0.5<\/td>\n<td align=\"center\">3<\/td>\n<td align=\"center\">225<\/td>\n<td align=\"center\">35<\/td>\n<td align=\"center\">10<\/td>\n<\/tr>\n<tr bgcolor=\"#e2e3e4\">\n<td align=\"center\">*4100 17 3250<\/td>\n<td align=\"center\">3&#215;250<\/td>\n<td align=\"center\">0.5<\/td>\n<td align=\"center\">3<\/td>\n<td align=\"center\">325<\/td>\n<td align=\"center\">40<\/td>\n<td align=\"center\">10<\/td>\n<\/tr>\n<tr bgcolor=\"#ffffff\">\n<td align=\"center\">*4100 17 4250<\/td>\n<td align=\"center\">4&#215;250<\/td>\n<td align=\"center\">0.8<\/td>\n<td align=\"center\">4<\/td>\n<td align=\"center\">335<\/td>\n<td align=\"center\">65<\/td>\n<td align=\"center\">10<\/td>\n<\/tr>\n<tr bgcolor=\"#e2e3e4\">\n<td align=\"center\">4100 17 4300<\/td>\n<td align=\"center\">4&#215;300<\/td>\n<td align=\"center\">0.8<\/td>\n<td align=\"center\">4<\/td>\n<td align=\"center\">385<\/td>\n<td align=\"center\">70<\/td>\n<td align=\"center\">10<\/td>\n<\/tr>\n<tr bgcolor=\"#ffffff\">\n<td align=\"center\">*4100 17 5200<\/td>\n<td align=\"center\">5&#215;200<\/td>\n<td align=\"center\">1.0<\/td>\n<td align=\"center\">5.5<\/td>\n<td align=\"center\">295<\/td>\n<td align=\"center\">90<\/td>\n<td align=\"center\">10<\/td>\n<\/tr>\n<tr bgcolor=\"#e2e3e4\">\n<td align=\"center\">*4100 17 5250<\/td>\n<td align=\"center\">5&#215;250<\/td>\n<td align=\"center\">1.0<\/td>\n<td align=\"center\">5.5<\/td>\n<td align=\"center\">345<\/td>\n<td align=\"center\">95<\/td>\n<td align=\"center\">10<\/td>\n<\/tr>\n<tr bgcolor=\"#ffffff\">\n<td align=\"center\">4100 17 5300<\/td>\n<td align=\"center\">5&#215;300<\/td>\n<td align=\"center\">1.0<\/td>\n<td align=\"center\">5.5<\/td>\n<td align=\"center\">395<\/td>\n<td align=\"center\">105<\/td>\n<td align=\"center\">10<\/td>\n<\/tr>\n<tr bgcolor=\"#e2e3e4\">\n<td align=\"center\">*4100 17 5350<\/td>\n<td align=\"center\">5&#215;350<\/td>\n<td align=\"center\">1.0<\/td>\n<td align=\"center\">5.5<\/td>\n<td align=\"center\">445<\/td>\n<td align=\"center\">115<\/td>\n<td align=\"center\">10<\/td>\n<\/tr>\n<tr bgcolor=\"#ffffff\">\n<td align=\"center\">4100 17 6350<\/td>\n<td align=\"center\">6&#215;350<\/td>\n<td align=\"center\">1.2<\/td>\n<td align=\"center\">6.5<\/td>\n<td align=\"center\">445<\/td>\n<td align=\"center\">125<\/td>\n<td align=\"center\">10<\/td>\n<\/tr>\n<tr bgcolor=\"#e2e3e4\">\n<td align=\"center\">*4100 17 6400<\/td>\n<td align=\"center\">6&#215;400<\/td>\n<td align=\"center\">1.2<\/td>\n<td align=\"center\">6.5<\/td>\n<td align=\"center\">495<\/td>\n<td align=\"center\">145<\/td>\n<td align=\"center\">10<\/td>\n<\/tr>\n<tr bgcolor=\"#ffffff\">\n<td align=\"center\">*4100 17 6450<\/td>\n<td align=\"center\">6&#215;450<\/td>\n<td align=\"center\">1.2<\/td>\n<td align=\"center\">6.5<\/td>\n<td align=\"center\">545<\/td>\n<td align=\"center\">160<\/td>\n<td align=\"center\">10<\/td>\n<\/tr>\n<tr bgcolor=\"#e2e3e4\">\n<td align=\"center\">*4100 17 1130<\/td>\n<td align=\"center\">11&#215;300<\/td>\n<td align=\"center\">2.5<\/td>\n<td align=\"center\">14<\/td>\n<td align=\"center\">415<\/td>\n<td align=\"center\">345<\/td>\n<td align=\"center\">10<\/td>\n<\/tr>\n<\/tbody>\n<\/table>\n","protected":false},"excerpt":{"rendered":"<p>KOD *4100 17 3150 3&#215;150 0.5 3 225 35 10 *4100 17 3250 3&#215;250 0.5 3 325 40 10 *4100 17 4250 4&#215;250 0.8 4 335 65 10 4100 17 4300 4&#215;300 0.8 4 385 70 10 *4100 17 5200 5&#215;200 1.0 5.5 295 90 10 *4100 17 5250 5&#215;250 1.0 5.5 345 95 10 [&hellip;]<\/p>\n","protected":false},"featured_media":18595,"comment_status":"closed","ping_status":"closed","template":"","meta":[],"product_brand":[],"product_cat":[257,269],"product_tag":[],"class_list":{"0":"post-20129","1":"product","2":"type-product","3":"status-publish","4":"has-post-thumbnail","6":"product_cat-el-aletleri","7":"product_cat-tornavidalar","9":"first","10":"instock","11":"shipping-taxable","12":"product-type-simple"},"_links":{"self":[{"href":"https:\/\/korogluhirdavat.com.tr\/index.php?rest_route=\/wp\/v2\/product\/20129","targetHints":{"allow":["GET"]}}],"collection":[{"href":"https:\/\/korogluhirdavat.com.tr\/index.php?rest_route=\/wp\/v2\/product"}],"about":[{"href":"https:\/\/korogluhirdavat.com.tr\/index.php?rest_route=\/wp\/v2\/types\/product"}],"replies":[{"embeddable":true,"href":"https:\/\/korogluhirdavat.com.tr\/index.php?rest_route=%2Fwp%2Fv2%2Fcomments&post=20129"}],"wp:featuredmedia":[{"embeddable":true,"href":"https:\/\/korogluhirdavat.com.tr\/index.php?rest_route=\/wp\/v2\/media\/18595"}],"wp:attachment":[{"href":"https:\/\/korogluhirdavat.com.tr\/index.php?rest_route=%2Fwp%2Fv2%2Fmedia&parent=20129"}],"wp:term":[{"taxonomy":"product_brand","embeddable":true,"href":"https:\/\/korogluhirdavat.com.tr\/index.php?rest_route=%2Fwp%2Fv2%2Fproduct_brand&post=20129"},{"taxonomy":"product_cat","embeddable":true,"href":"https:\/\/korogluhirdavat.com.tr\/index.php?rest_route=%2Fwp%2Fv2%2Fproduct_cat&post=20129"},{"taxonomy":"product_tag","embeddable":true,"href":"https:\/\/korogluhirdavat.com.tr\/index.php?rest_route=%2Fwp%2Fv2%2Fproduct_tag&post=20129"}],"curies":[{"name":"wp","href":"https:\/\/api.w.org\/{rel}","templated":true}]}}