{"id":20133,"date":"2021-09-03T21:02:00","date_gmt":"2021-09-03T21:02:00","guid":{"rendered":"https:\/\/koroglucivata.com\/?post_type=product&#038;p=20133"},"modified":"2021-09-03T21:02:03","modified_gmt":"2021-09-03T21:02:03","slug":"4120-kraft-seri-yildiz-uclu-tornavida-seti-6-parca","status":"publish","type":"product","link":"https:\/\/korogluhirdavat.com.tr\/?product=4120-kraft-seri-yildiz-uclu-tornavida-seti-6-parca","title":{"rendered":"4120 Kraft Seri Y\u0131ld\u0131z U\u00e7lu Tornavida Seti (6 Par\u00e7a)"},"content":{"rendered":"<table border=\"0\" width=\"100%\" cellspacing=\"2\" cellpadding=\"2\">\n<tbody>\n<tr>\n<td align=\"center\" bgcolor=\"#cecfd1\"><strong>KOD<\/strong><\/td>\n<td align=\"center\" bgcolor=\"#cecfd1\"><strong>\u0130\u00c7ER\u0130K<\/strong><\/td>\n<td align=\"center\" bgcolor=\"#cecfd1\"><img loading=\"lazy\" decoding=\"async\" src=\"https:\/\/www.izeltas.com.tr\/izeltascomtr\/upl\/Image\/terazi_G.jpg\" alt=\"\" width=\"34\" height=\"34\" \/><\/td>\n<td align=\"center\" bgcolor=\"#cecfd1\"><img loading=\"lazy\" decoding=\"async\" src=\"https:\/\/www.izeltas.com.tr\/izeltascomtr\/upl\/Image\/kare.jpg\" alt=\"\" width=\"34\" height=\"34\" \/><\/td>\n<\/tr>\n<tr>\n<td align=\"center\" bgcolor=\"#ffffff\">4120 00 8106<\/td>\n<td align=\"center\" bgcolor=\"#ffffff\">3&#215;60 &#8211; 4.5&#215;80 &#8211; 4.5&#215;100<br \/>\n4.5&#215;150 &#8211; 6&#215;100<br \/>\n&#8211; 6&#215;150<br \/>\nY\u0131ld\u0131z U\u00e7lu<\/td>\n<td align=\"center\" bgcolor=\"#ffffff\">380<\/td>\n<td align=\"center\" bgcolor=\"#ffffff\">6<\/td>\n<\/tr>\n<\/tbody>\n<\/table>\n","protected":false},"excerpt":{"rendered":"<p>KOD \u0130\u00c7ER\u0130K 4120 00 8106 3&#215;60 &#8211; 4.5&#215;80 &#8211; 4.5&#215;100 4.5&#215;150 &#8211; 6&#215;100 &#8211; 6&#215;150 Y\u0131ld\u0131z U\u00e7lu 380 6<\/p>\n","protected":false},"featured_media":18599,"comment_status":"closed","ping_status":"closed","template":"","meta":[],"product_brand":[],"product_cat":[257,269],"product_tag":[],"class_list":{"0":"post-20133","1":"product","2":"type-product","3":"status-publish","4":"has-post-thumbnail","6":"product_cat-el-aletleri","7":"product_cat-tornavidalar","9":"first","10":"instock","11":"shipping-taxable","12":"product-type-simple"},"_links":{"self":[{"href":"https:\/\/korogluhirdavat.com.tr\/index.php?rest_route=\/wp\/v2\/product\/20133","targetHints":{"allow":["GET"]}}],"collection":[{"href":"https:\/\/korogluhirdavat.com.tr\/index.php?rest_route=\/wp\/v2\/product"}],"about":[{"href":"https:\/\/korogluhirdavat.com.tr\/index.php?rest_route=\/wp\/v2\/types\/product"}],"replies":[{"embeddable":true,"href":"https:\/\/korogluhirdavat.com.tr\/index.php?rest_route=%2Fwp%2Fv2%2Fcomments&post=20133"}],"wp:featuredmedia":[{"embeddable":true,"href":"https:\/\/korogluhirdavat.com.tr\/index.php?rest_route=\/wp\/v2\/media\/18599"}],"wp:attachment":[{"href":"https:\/\/korogluhirdavat.com.tr\/index.php?rest_route=%2Fwp%2Fv2%2Fmedia&parent=20133"}],"wp:term":[{"taxonomy":"product_brand","embeddable":true,"href":"https:\/\/korogluhirdavat.com.tr\/index.php?rest_route=%2Fwp%2Fv2%2Fproduct_brand&post=20133"},{"taxonomy":"product_cat","embeddable":true,"href":"https:\/\/korogluhirdavat.com.tr\/index.php?rest_route=%2Fwp%2Fv2%2Fproduct_cat&post=20133"},{"taxonomy":"product_tag","embeddable":true,"href":"https:\/\/korogluhirdavat.com.tr\/index.php?rest_route=%2Fwp%2Fv2%2Fproduct_tag&post=20133"}],"curies":[{"name":"wp","href":"https:\/\/api.w.org\/{rel}","templated":true}]}}