{"id":20134,"date":"2021-09-03T21:02:00","date_gmt":"2021-09-03T21:02:00","guid":{"rendered":"https:\/\/koroglucivata.com\/?post_type=product&#038;p=20134"},"modified":"2021-09-03T21:02:03","modified_gmt":"2021-09-03T21:02:03","slug":"4110-kraft-seri-duz-uclu-topac-tornavida","status":"publish","type":"product","link":"https:\/\/korogluhirdavat.com.tr\/?product=4110-kraft-seri-duz-uclu-topac-tornavida","title":{"rendered":"4110 Kraft Seri D\u00fcz U\u00e7lu Topa\u00e7 Tornavida"},"content":{"rendered":"<table border=\"0\" width=\"100%\" cellspacing=\"2\" cellpadding=\"2\">\n<tbody>\n<tr>\n<td align=\"center\" bgcolor=\"#cecfd1\"><strong>KOD<\/strong><\/td>\n<td align=\"center\" bgcolor=\"#cecfd1\"><img loading=\"lazy\" decoding=\"async\" src=\"https:\/\/www.izeltas.com.tr\/izeltascomtr\/upl\/Image\/DxL1.jpg\" alt=\"\" width=\"34\" height=\"34\" \/><\/td>\n<td colspan=\"2\" align=\"center\" bgcolor=\"#cecfd1\"><img loading=\"lazy\" decoding=\"async\" src=\"https:\/\/www.izeltas.com.tr\/izeltascomtr\/upl\/Image\/a-b.jpg\" alt=\"\" width=\"59\" height=\"34\" \/><\/td>\n<td align=\"center\" bgcolor=\"#cecfd1\"><img loading=\"lazy\" decoding=\"async\" src=\"https:\/\/www.izeltas.com.tr\/izeltascomtr\/upl\/Image\/L.jpg\" alt=\"\" width=\"34\" height=\"34\" \/><\/td>\n<td align=\"center\" bgcolor=\"#cecfd1\"><img loading=\"lazy\" decoding=\"async\" src=\"https:\/\/www.izeltas.com.tr\/izeltas\/upl\/image\/terazi_G.jpg\" alt=\"\" width=\"34\" height=\"34\" \/><\/td>\n<td align=\"center\" bgcolor=\"#cecfd1\"><img loading=\"lazy\" decoding=\"async\" src=\"https:\/\/www.izeltas.com.tr\/izeltascomtr\/upl\/Image\/kare.jpg\" alt=\"\" width=\"34\" height=\"34\" \/><\/td>\n<\/tr>\n<tr bgcolor=\"#ffffff\">\n<td align=\"center\">4110 17 5525<\/td>\n<td align=\"center\">5.5&#215;25<\/td>\n<td align=\"center\">1<\/td>\n<td align=\"center\">5.5<\/td>\n<td align=\"center\">70<\/td>\n<td align=\"center\">30<\/td>\n<td align=\"center\">5<\/td>\n<\/tr>\n<tr bgcolor=\"#e2e3e4\">\n<td align=\"center\">*4110 17 5540<\/td>\n<td align=\"center\">5.5&#215;40<\/td>\n<td align=\"center\">1<\/td>\n<td align=\"center\">5.5<\/td>\n<td align=\"center\">105<\/td>\n<td align=\"center\">45<\/td>\n<td align=\"center\">5<\/td>\n<\/tr>\n<tr bgcolor=\"#ffffff\">\n<td align=\"center\">4110 17 6525<\/td>\n<td align=\"center\">6.5&#215;25<\/td>\n<td align=\"center\">1.2<\/td>\n<td align=\"center\">6.5<\/td>\n<td align=\"center\">70<\/td>\n<td align=\"center\">35<\/td>\n<td align=\"center\">5<\/td>\n<\/tr>\n<tr bgcolor=\"#e2e3e4\">\n<td align=\"center\">4110 17 6540<\/td>\n<td align=\"center\">6.5&#215;40<\/td>\n<td align=\"center\">1.2<\/td>\n<td align=\"center\">6.5<\/td>\n<td align=\"center\">105<\/td>\n<td align=\"center\">50<\/td>\n<td align=\"center\">5<\/td>\n<\/tr>\n<tr bgcolor=\"#ffffff\">\n<td align=\"center\">*4110 17 0825<\/td>\n<td align=\"center\">8&#215;25<\/td>\n<td align=\"center\">1.2<\/td>\n<td align=\"center\">8<\/td>\n<td align=\"center\">70<\/td>\n<td align=\"center\">40<\/td>\n<td align=\"center\">5<\/td>\n<\/tr>\n<tr bgcolor=\"#e2e3e4\">\n<td align=\"center\">*4110 17 0840<\/td>\n<td align=\"center\">8&#215;40<\/td>\n<td align=\"center\">1.2<\/td>\n<td align=\"center\">8<\/td>\n<td align=\"center\">105<\/td>\n<td align=\"center\">60<\/td>\n<td align=\"center\">5<\/td>\n<\/tr>\n<\/tbody>\n<\/table>\n","protected":false},"excerpt":{"rendered":"<p>KOD 4110 17 5525 5.5&#215;25 1 5.5 70 30 5 *4110 17 5540 5.5&#215;40 1 5.5 105 45 5 4110 17 6525 6.5&#215;25 1.2 6.5 70 35 5 4110 17 6540 6.5&#215;40 1.2 6.5 105 50 5 *4110 17 0825 8&#215;25 1.2 8 70 40 5 *4110 17 0840 8&#215;40 1.2 8 105 60 5<\/p>\n","protected":false},"featured_media":18600,"comment_status":"closed","ping_status":"closed","template":"","meta":[],"product_brand":[],"product_cat":[257,269],"product_tag":[],"class_list":{"0":"post-20134","1":"product","2":"type-product","3":"status-publish","4":"has-post-thumbnail","6":"product_cat-el-aletleri","7":"product_cat-tornavidalar","9":"first","10":"instock","11":"shipping-taxable","12":"product-type-simple"},"_links":{"self":[{"href":"https:\/\/korogluhirdavat.com.tr\/index.php?rest_route=\/wp\/v2\/product\/20134","targetHints":{"allow":["GET"]}}],"collection":[{"href":"https:\/\/korogluhirdavat.com.tr\/index.php?rest_route=\/wp\/v2\/product"}],"about":[{"href":"https:\/\/korogluhirdavat.com.tr\/index.php?rest_route=\/wp\/v2\/types\/product"}],"replies":[{"embeddable":true,"href":"https:\/\/korogluhirdavat.com.tr\/index.php?rest_route=%2Fwp%2Fv2%2Fcomments&post=20134"}],"wp:featuredmedia":[{"embeddable":true,"href":"https:\/\/korogluhirdavat.com.tr\/index.php?rest_route=\/wp\/v2\/media\/18600"}],"wp:attachment":[{"href":"https:\/\/korogluhirdavat.com.tr\/index.php?rest_route=%2Fwp%2Fv2%2Fmedia&parent=20134"}],"wp:term":[{"taxonomy":"product_brand","embeddable":true,"href":"https:\/\/korogluhirdavat.com.tr\/index.php?rest_route=%2Fwp%2Fv2%2Fproduct_brand&post=20134"},{"taxonomy":"product_cat","embeddable":true,"href":"https:\/\/korogluhirdavat.com.tr\/index.php?rest_route=%2Fwp%2Fv2%2Fproduct_cat&post=20134"},{"taxonomy":"product_tag","embeddable":true,"href":"https:\/\/korogluhirdavat.com.tr\/index.php?rest_route=%2Fwp%2Fv2%2Fproduct_tag&post=20134"}],"curies":[{"name":"wp","href":"https:\/\/api.w.org\/{rel}","templated":true}]}}