{"id":20136,"date":"2021-09-03T21:02:00","date_gmt":"2021-09-03T21:02:00","guid":{"rendered":"https:\/\/koroglucivata.com\/?post_type=product&#038;p=20136"},"modified":"2021-09-03T21:02:04","modified_gmt":"2021-09-03T21:02:04","slug":"4140-1000v-izoleli-elektrikci-duz-uclu-tornavida","status":"publish","type":"product","link":"https:\/\/korogluhirdavat.com.tr\/?product=4140-1000v-izoleli-elektrikci-duz-uclu-tornavida","title":{"rendered":"4140 1000V \u0130zoleli Elektrik\u00e7i D\u00fcz U\u00e7lu Tornavida"},"content":{"rendered":"<table border=\"0\" width=\"100%\" cellspacing=\"2\" cellpadding=\"2\">\n<tbody>\n<tr>\n<td align=\"center\" bgcolor=\"#cecfd1\"><strong>KOD<\/strong><\/td>\n<td align=\"center\" bgcolor=\"#cecfd1\"><img loading=\"lazy\" decoding=\"async\" src=\"https:\/\/www.izeltas.com.tr\/izeltascomtr\/upl\/Image\/DxL1.jpg\" alt=\"\" width=\"34\" height=\"34\" \/><\/td>\n<td colspan=\"2\" align=\"center\" bgcolor=\"#cecfd1\"><img loading=\"lazy\" decoding=\"async\" src=\"https:\/\/www.izeltas.com.tr\/izeltascomtr\/upl\/Image\/a-b.jpg\" alt=\"\" width=\"59\" height=\"34\" \/><\/td>\n<td align=\"center\" bgcolor=\"#cecfd1\"><img loading=\"lazy\" decoding=\"async\" src=\"https:\/\/www.izeltas.com.tr\/izeltascomtr\/upl\/Image\/L.jpg\" alt=\"\" width=\"34\" height=\"34\" \/><\/td>\n<td align=\"center\" bgcolor=\"#cecfd1\"><img loading=\"lazy\" decoding=\"async\" src=\"https:\/\/www.izeltas.com.tr\/izeltas\/upl\/image\/terazi_G.jpg\" alt=\"\" width=\"34\" height=\"34\" \/><\/td>\n<td align=\"center\" bgcolor=\"#cecfd1\"><img loading=\"lazy\" decoding=\"async\" src=\"https:\/\/www.izeltas.com.tr\/izeltascomtr\/upl\/Image\/kare.jpg\" alt=\"\" width=\"34\" height=\"34\" \/><\/td>\n<\/tr>\n<tr bgcolor=\"#ffffff\">\n<td align=\"center\">4140 17 2575<\/td>\n<td align=\"center\">2.5&#215;75<\/td>\n<td align=\"center\">0.4<\/td>\n<td align=\"center\">2.5<\/td>\n<td align=\"center\">150<\/td>\n<td align=\"center\">25<\/td>\n<td align=\"center\">10<\/td>\n<\/tr>\n<tr bgcolor=\"#e2e3e4\">\n<td align=\"center\">4140 17 4100<\/td>\n<td align=\"center\">4&#215;100<\/td>\n<td align=\"center\">0.8<\/td>\n<td align=\"center\">4<\/td>\n<td align=\"center\">185<\/td>\n<td align=\"center\">40<\/td>\n<td align=\"center\">10<\/td>\n<\/tr>\n<tr bgcolor=\"#ffffff\">\n<td align=\"center\">4140 17 5512<\/td>\n<td align=\"center\">5.5&#215;125<\/td>\n<td align=\"center\">1<\/td>\n<td align=\"center\">5.5<\/td>\n<td align=\"center\">220<\/td>\n<td align=\"center\">70<\/td>\n<td align=\"center\">10<\/td>\n<\/tr>\n<tr bgcolor=\"#e2e3e4\">\n<td align=\"center\">4140 17 6515<\/td>\n<td align=\"center\">6.5&#215;150<\/td>\n<td align=\"center\">1.2<\/td>\n<td align=\"center\">6.5<\/td>\n<td align=\"center\">245<\/td>\n<td align=\"center\">90<\/td>\n<td align=\"center\">10<\/td>\n<\/tr>\n<\/tbody>\n<\/table>\n","protected":false},"excerpt":{"rendered":"<p>KOD 4140 17 2575 2.5&#215;75 0.4 2.5 150 25 10 4140 17 4100 4&#215;100 0.8 4 185 40 10 4140 17 5512 5.5&#215;125 1 5.5 220 70 10 4140 17 6515 6.5&#215;150 1.2 6.5 245 90 10<\/p>\n","protected":false},"featured_media":18602,"comment_status":"closed","ping_status":"closed","template":"","meta":[],"product_brand":[],"product_cat":[257,269],"product_tag":[],"class_list":{"0":"post-20136","1":"product","2":"type-product","3":"status-publish","4":"has-post-thumbnail","6":"product_cat-el-aletleri","7":"product_cat-tornavidalar","9":"first","10":"instock","11":"shipping-taxable","12":"product-type-simple"},"_links":{"self":[{"href":"https:\/\/korogluhirdavat.com.tr\/index.php?rest_route=\/wp\/v2\/product\/20136","targetHints":{"allow":["GET"]}}],"collection":[{"href":"https:\/\/korogluhirdavat.com.tr\/index.php?rest_route=\/wp\/v2\/product"}],"about":[{"href":"https:\/\/korogluhirdavat.com.tr\/index.php?rest_route=\/wp\/v2\/types\/product"}],"replies":[{"embeddable":true,"href":"https:\/\/korogluhirdavat.com.tr\/index.php?rest_route=%2Fwp%2Fv2%2Fcomments&post=20136"}],"wp:featuredmedia":[{"embeddable":true,"href":"https:\/\/korogluhirdavat.com.tr\/index.php?rest_route=\/wp\/v2\/media\/18602"}],"wp:attachment":[{"href":"https:\/\/korogluhirdavat.com.tr\/index.php?rest_route=%2Fwp%2Fv2%2Fmedia&parent=20136"}],"wp:term":[{"taxonomy":"product_brand","embeddable":true,"href":"https:\/\/korogluhirdavat.com.tr\/index.php?rest_route=%2Fwp%2Fv2%2Fproduct_brand&post=20136"},{"taxonomy":"product_cat","embeddable":true,"href":"https:\/\/korogluhirdavat.com.tr\/index.php?rest_route=%2Fwp%2Fv2%2Fproduct_cat&post=20136"},{"taxonomy":"product_tag","embeddable":true,"href":"https:\/\/korogluhirdavat.com.tr\/index.php?rest_route=%2Fwp%2Fv2%2Fproduct_tag&post=20136"}],"curies":[{"name":"wp","href":"https:\/\/api.w.org\/{rel}","templated":true}]}}