{"id":20144,"date":"2021-09-03T21:02:05","date_gmt":"2021-09-03T21:02:05","guid":{"rendered":"https:\/\/koroglucivata.com\/?post_type=product&#038;p=20144"},"modified":"2021-09-03T21:02:09","modified_gmt":"2021-09-03T21:02:09","slug":"4350-ergonomik-seri-tornavida-seti-7-parca","status":"publish","type":"product","link":"https:\/\/korogluhirdavat.com.tr\/?product=4350-ergonomik-seri-tornavida-seti-7-parca","title":{"rendered":"4350 Ergonomik Seri Tornavida Seti (7 Par\u00e7a)"},"content":{"rendered":"<table border=\"0\" width=\"100%\" cellspacing=\"2\" cellpadding=\"2\">\n<tbody>\n<tr>\n<td align=\"center\" bgcolor=\"#d0d1d3\"><strong>KOD<\/strong><\/td>\n<td align=\"center\" bgcolor=\"#d0d1d3\"><strong>\u0130\u00c7ER\u0130K<\/strong><\/td>\n<td align=\"center\" bgcolor=\"#d0d1d3\"><img loading=\"lazy\" decoding=\"async\" src=\"https:\/\/www.izeltas.com.tr\/izeltascomtr\/upl\/Image\/terazi_G.jpg\" alt=\"\" width=\"34\" height=\"34\" \/><\/td>\n<td align=\"center\" bgcolor=\"#d0d1d3\"><img loading=\"lazy\" decoding=\"async\" src=\"https:\/\/www.izeltas.com.tr\/izeltascomtr\/upl\/Image\/kare.jpg\" alt=\"\" width=\"34\" height=\"34\" \/><\/td>\n<\/tr>\n<tr>\n<td rowspan=\"2\" align=\"center\" bgcolor=\"#ffffff\">4350 00 8107<\/td>\n<td align=\"center\" bgcolor=\"#ffffff\">\u00a0\u00a0\u00a0\u00a0\u00a0\u00a0 \u00a0\u00a0 3&#215;80 &#8211; 4&#215;80 &#8211; 4&#215;100<br \/>\n5&#215;125 &#8211; 6&#215;150<br \/>\n<img loading=\"lazy\" decoding=\"async\" src=\"https:\/\/www.izeltas.com.tr\/izeltascomtr\/upl\/Image\/eksi_beyaz.jpg\" alt=\"\" width=\"34\" height=\"34\" align=\"left\" \/>D\u00fcz u\u00e7lu<\/td>\n<td rowspan=\"2\" align=\"center\" bgcolor=\"#ffffff\">370<\/td>\n<td rowspan=\"2\" align=\"center\" bgcolor=\"#ffffff\">7<\/td>\n<\/tr>\n<tr>\n<td bgcolor=\"#e2e3e4\">\u00a0\u00a0\u00a0\u00a0 \u00a0\u00a0 \u00a0\u00a0 4.5&#215;80 &#8211; 6&#215;100<br \/>\n<img loading=\"lazy\" decoding=\"async\" src=\"https:\/\/www.izeltas.com.tr\/izeltascomtr\/upl\/Image\/arti.jpg\" alt=\"\" width=\"34\" height=\"34\" align=\"left\" \/>Y\u0131ld\u0131z u\u00e7lu<\/td>\n<\/tr>\n<\/tbody>\n<\/table>\n<p>&nbsp;<\/p>\n","protected":false},"excerpt":{"rendered":"<p>KOD \u0130\u00c7ER\u0130K 4350 00 8107 \u00a0\u00a0\u00a0\u00a0\u00a0\u00a0 \u00a0\u00a0 3&#215;80 &#8211; 4&#215;80 &#8211; 4&#215;100 5&#215;125 &#8211; 6&#215;150 D\u00fcz u\u00e7lu 370 7 \u00a0\u00a0\u00a0\u00a0 \u00a0\u00a0 \u00a0\u00a0 4.5&#215;80 &#8211; 6&#215;100 Y\u0131ld\u0131z u\u00e7lu &nbsp;<\/p>\n","protected":false},"featured_media":18610,"comment_status":"closed","ping_status":"closed","template":"","meta":[],"product_brand":[],"product_cat":[257,269],"product_tag":[],"class_list":{"0":"post-20144","1":"product","2":"type-product","3":"status-publish","4":"has-post-thumbnail","6":"product_cat-el-aletleri","7":"product_cat-tornavidalar","9":"first","10":"instock","11":"shipping-taxable","12":"product-type-simple"},"_links":{"self":[{"href":"https:\/\/korogluhirdavat.com.tr\/index.php?rest_route=\/wp\/v2\/product\/20144","targetHints":{"allow":["GET"]}}],"collection":[{"href":"https:\/\/korogluhirdavat.com.tr\/index.php?rest_route=\/wp\/v2\/product"}],"about":[{"href":"https:\/\/korogluhirdavat.com.tr\/index.php?rest_route=\/wp\/v2\/types\/product"}],"replies":[{"embeddable":true,"href":"https:\/\/korogluhirdavat.com.tr\/index.php?rest_route=%2Fwp%2Fv2%2Fcomments&post=20144"}],"wp:featuredmedia":[{"embeddable":true,"href":"https:\/\/korogluhirdavat.com.tr\/index.php?rest_route=\/wp\/v2\/media\/18610"}],"wp:attachment":[{"href":"https:\/\/korogluhirdavat.com.tr\/index.php?rest_route=%2Fwp%2Fv2%2Fmedia&parent=20144"}],"wp:term":[{"taxonomy":"product_brand","embeddable":true,"href":"https:\/\/korogluhirdavat.com.tr\/index.php?rest_route=%2Fwp%2Fv2%2Fproduct_brand&post=20144"},{"taxonomy":"product_cat","embeddable":true,"href":"https:\/\/korogluhirdavat.com.tr\/index.php?rest_route=%2Fwp%2Fv2%2Fproduct_cat&post=20144"},{"taxonomy":"product_tag","embeddable":true,"href":"https:\/\/korogluhirdavat.com.tr\/index.php?rest_route=%2Fwp%2Fv2%2Fproduct_tag&post=20144"}],"curies":[{"name":"wp","href":"https:\/\/api.w.org\/{rel}","templated":true}]}}