{"id":20153,"date":"2021-09-03T21:02:06","date_gmt":"2021-09-03T21:02:06","guid":{"rendered":"https:\/\/koroglucivata.com\/?post_type=product&#038;p=20153"},"modified":"2021-09-03T21:02:11","modified_gmt":"2021-09-03T21:02:11","slug":"4101-sungusu-izoleli-tornovida-seti-6-parca","status":"publish","type":"product","link":"https:\/\/korogluhirdavat.com.tr\/?product=4101-sungusu-izoleli-tornovida-seti-6-parca","title":{"rendered":"4101 S\u00fcng\u00fcs\u00fc \u0130zoleli Tornovida Seti (6 par\u00e7a)"},"content":{"rendered":"<table border=\"0\" width=\"100%\" cellspacing=\"2\" cellpadding=\"2\">\n<tbody>\n<tr>\n<td align=\"center\" bgcolor=\"#cecfd1\"><strong>KOD<\/strong><\/td>\n<td align=\"center\" bgcolor=\"#cecfd1\"><strong>\u0130\u00c7ER\u0130K<\/strong><\/td>\n<td align=\"center\" bgcolor=\"#cecfd1\"><img loading=\"lazy\" decoding=\"async\" src=\"https:\/\/www.izeltas.com.tr\/izeltascomtr\/upl\/Image\/terazi_G.jpg\" alt=\"\" width=\"34\" height=\"34\" \/><\/td>\n<td align=\"center\" bgcolor=\"#cecfd1\"><img loading=\"lazy\" decoding=\"async\" src=\"https:\/\/www.izeltas.com.tr\/izeltascomtr\/upl\/Image\/kare.jpg\" alt=\"\" width=\"34\" height=\"34\" \/><\/td>\n<\/tr>\n<tr>\n<td rowspan=\"2\" bgcolor=\"#ffffff\">4101 00 9106<\/td>\n<td bgcolor=\"#ffffff\">\u00a02.5&#215;75 &#8211; 4&#215;100<br \/>\n5.5&#215;125 &#8211; 6.5&#215;150<br \/>\nD\u00fcz u\u00e7lu<\/td>\n<td rowspan=\"2\" align=\"center\" bgcolor=\"#ffffff\">335<\/td>\n<td rowspan=\"2\" align=\"center\" bgcolor=\"#ffffff\">6<\/td>\n<\/tr>\n<\/tbody>\n<\/table>\n","protected":false},"excerpt":{"rendered":"<p>KOD \u0130\u00c7ER\u0130K 4101 00 9106 \u00a02.5&#215;75 &#8211; 4&#215;100 5.5&#215;125 &#8211; 6.5&#215;150 D\u00fcz u\u00e7lu 335 6<\/p>\n","protected":false},"featured_media":18649,"comment_status":"closed","ping_status":"closed","template":"","meta":[],"product_brand":[],"product_cat":[257,269],"product_tag":[],"class_list":{"0":"post-20153","1":"product","2":"type-product","3":"status-publish","4":"has-post-thumbnail","6":"product_cat-el-aletleri","7":"product_cat-tornavidalar","9":"first","10":"instock","11":"shipping-taxable","12":"product-type-simple"},"_links":{"self":[{"href":"https:\/\/korogluhirdavat.com.tr\/index.php?rest_route=\/wp\/v2\/product\/20153","targetHints":{"allow":["GET"]}}],"collection":[{"href":"https:\/\/korogluhirdavat.com.tr\/index.php?rest_route=\/wp\/v2\/product"}],"about":[{"href":"https:\/\/korogluhirdavat.com.tr\/index.php?rest_route=\/wp\/v2\/types\/product"}],"replies":[{"embeddable":true,"href":"https:\/\/korogluhirdavat.com.tr\/index.php?rest_route=%2Fwp%2Fv2%2Fcomments&post=20153"}],"wp:featuredmedia":[{"embeddable":true,"href":"https:\/\/korogluhirdavat.com.tr\/index.php?rest_route=\/wp\/v2\/media\/18649"}],"wp:attachment":[{"href":"https:\/\/korogluhirdavat.com.tr\/index.php?rest_route=%2Fwp%2Fv2%2Fmedia&parent=20153"}],"wp:term":[{"taxonomy":"product_brand","embeddable":true,"href":"https:\/\/korogluhirdavat.com.tr\/index.php?rest_route=%2Fwp%2Fv2%2Fproduct_brand&post=20153"},{"taxonomy":"product_cat","embeddable":true,"href":"https:\/\/korogluhirdavat.com.tr\/index.php?rest_route=%2Fwp%2Fv2%2Fproduct_cat&post=20153"},{"taxonomy":"product_tag","embeddable":true,"href":"https:\/\/korogluhirdavat.com.tr\/index.php?rest_route=%2Fwp%2Fv2%2Fproduct_tag&post=20153"}],"curies":[{"name":"wp","href":"https:\/\/api.w.org\/{rel}","templated":true}]}}