{"id":20159,"date":"2021-09-03T21:02:07","date_gmt":"2021-09-03T21:02:07","guid":{"rendered":"https:\/\/koroglucivata.com\/?post_type=product&#038;p=20159"},"modified":"2021-09-03T21:02:12","modified_gmt":"2021-09-03T21:02:12","slug":"4530-torx-uclu-klemens-tornavida-takimi-6-parca","status":"publish","type":"product","link":"https:\/\/korogluhirdavat.com.tr\/?product=4530-torx-uclu-klemens-tornavida-takimi-6-parca","title":{"rendered":"4530 Torx\u00ae U\u00e7lu Klemens Tornavida Tak\u0131m\u0131 (6 Par\u00e7a)"},"content":{"rendered":"<table border=\"0\" width=\"100%\" cellspacing=\"1\" cellpadding=\"1\">\n<tbody>\n<tr>\n<td bgcolor=\"#cccccc\"><strong>KOD<\/strong><\/td>\n<td bgcolor=\"#cccccc\"><strong>\u0130\u00c7ER\u0130K\u00a0<\/strong><\/td>\n<td bgcolor=\"#cccccc\"><img loading=\"lazy\" decoding=\"async\" src=\"https:\/\/www.izeltas.com.tr\/izeltascomtr\/upl\/Image\/terazi_G.jpg\" alt=\"\" width=\"34\" height=\"34\" \/><\/td>\n<td bgcolor=\"#cccccc\">\u00a0<img loading=\"lazy\" decoding=\"async\" src=\"https:\/\/www.izeltas.com.tr\/izeltascomtr\/upl\/Image\/kare.jpg\" alt=\"\" width=\"34\" height=\"34\" \/><\/td>\n<\/tr>\n<tr>\n<td>4530 00 1006<\/td>\n<td>T5x60 &#8211; T6x60 &#8211; T7x60<\/p>\n<p>T8x60 &#8211; T9x60 &#8211; T10x60<\/td>\n<td>115<\/td>\n<td>\u00a06<\/td>\n<\/tr>\n<\/tbody>\n<\/table>\n","protected":false},"excerpt":{"rendered":"<p>KOD \u0130\u00c7ER\u0130K\u00a0 \u00a0 4530 00 1006 T5x60 &#8211; T6x60 &#8211; T7x60 T8x60 &#8211; T9x60 &#8211; T10x60 115 \u00a06<\/p>\n","protected":false},"featured_media":18655,"comment_status":"closed","ping_status":"closed","template":"","meta":[],"product_brand":[],"product_cat":[38],"product_tag":[],"class_list":{"0":"post-20159","1":"product","2":"type-product","3":"status-publish","4":"has-post-thumbnail","6":"product_cat-diger","8":"first","9":"instock","10":"shipping-taxable","11":"product-type-simple"},"_links":{"self":[{"href":"https:\/\/korogluhirdavat.com.tr\/index.php?rest_route=\/wp\/v2\/product\/20159","targetHints":{"allow":["GET"]}}],"collection":[{"href":"https:\/\/korogluhirdavat.com.tr\/index.php?rest_route=\/wp\/v2\/product"}],"about":[{"href":"https:\/\/korogluhirdavat.com.tr\/index.php?rest_route=\/wp\/v2\/types\/product"}],"replies":[{"embeddable":true,"href":"https:\/\/korogluhirdavat.com.tr\/index.php?rest_route=%2Fwp%2Fv2%2Fcomments&post=20159"}],"wp:featuredmedia":[{"embeddable":true,"href":"https:\/\/korogluhirdavat.com.tr\/index.php?rest_route=\/wp\/v2\/media\/18655"}],"wp:attachment":[{"href":"https:\/\/korogluhirdavat.com.tr\/index.php?rest_route=%2Fwp%2Fv2%2Fmedia&parent=20159"}],"wp:term":[{"taxonomy":"product_brand","embeddable":true,"href":"https:\/\/korogluhirdavat.com.tr\/index.php?rest_route=%2Fwp%2Fv2%2Fproduct_brand&post=20159"},{"taxonomy":"product_cat","embeddable":true,"href":"https:\/\/korogluhirdavat.com.tr\/index.php?rest_route=%2Fwp%2Fv2%2Fproduct_cat&post=20159"},{"taxonomy":"product_tag","embeddable":true,"href":"https:\/\/korogluhirdavat.com.tr\/index.php?rest_route=%2Fwp%2Fv2%2Fproduct_tag&post=20159"}],"curies":[{"name":"wp","href":"https:\/\/api.w.org\/{rel}","templated":true}]}}