{"id":20163,"date":"2021-09-03T21:02:07","date_gmt":"2021-09-03T21:02:07","guid":{"rendered":"https:\/\/koroglucivata.com\/?post_type=product&#038;p=20163"},"modified":"2021-09-03T21:02:13","modified_gmt":"2021-09-03T21:02:13","slug":"4772-sungusu-izoleli-lokma-uclu-tornavida","status":"publish","type":"product","link":"https:\/\/korogluhirdavat.com.tr\/?product=4772-sungusu-izoleli-lokma-uclu-tornavida","title":{"rendered":"4772 S\u00fcng\u00fcs\u00fc \u0130zoleli Lokma U\u00e7lu Tornavida"},"content":{"rendered":"<table border=\"0\" width=\"100%\" cellspacing=\"2\" cellpadding=\"2\">\n<tbody>\n<tr>\n<td align=\"center\" bgcolor=\"#cecfd1\"><strong>KOD<\/strong><\/td>\n<td align=\"center\" bgcolor=\"#cecfd1\"><img loading=\"lazy\" decoding=\"async\" src=\"https:\/\/www.izeltas.com.tr\/izeltascomtr\/upl\/Image\/yuvarlakAltigen_mm.jpg\" alt=\"\" width=\"34\" height=\"34\" \/><\/td>\n<td align=\"center\" bgcolor=\"#cecfd1\"><img loading=\"lazy\" decoding=\"async\" src=\"https:\/\/www.izeltas.com.tr\/izeltascomtr\/upl\/Image\/L.jpg\" alt=\"\" width=\"34\" height=\"34\" \/><\/td>\n<td align=\"center\" bgcolor=\"#cecfd1\"><img loading=\"lazy\" decoding=\"async\" src=\"https:\/\/www.izeltas.com.tr\/izeltascomtr\/upl\/Image\/L1.jpg\" alt=\"\" width=\"34\" height=\"34\" \/><\/td>\n<td align=\"center\" bgcolor=\"#cecfd1\"><img loading=\"lazy\" decoding=\"async\" src=\"https:\/\/www.izeltas.com.tr\/izeltascomtr\/upl\/Image\/terazi_G.jpg\" alt=\"\" width=\"34\" height=\"34\" \/><\/td>\n<td align=\"center\" bgcolor=\"#cecfd1\"><img loading=\"lazy\" decoding=\"async\" src=\"https:\/\/www.izeltas.com.tr\/izeltascomtr\/upl\/Image\/kare.jpg\" alt=\"\" width=\"34\" height=\"34\" \/><\/td>\n<\/tr>\n<tr>\n<td align=\"center\" bgcolor=\"#ffffff\">4772 19 0040<\/td>\n<td align=\"center\" bgcolor=\"#ffffff\">4<\/td>\n<td align=\"center\" bgcolor=\"#ffffff\">220<\/td>\n<td align=\"center\" bgcolor=\"#ffffff\">125<\/td>\n<td align=\"center\" bgcolor=\"#ffffff\">90<\/td>\n<td align=\"center\" bgcolor=\"#ffffff\">10<\/td>\n<\/tr>\n<tr>\n<td align=\"center\" bgcolor=\"#cccccc\">4772 19 0050<\/td>\n<td align=\"center\" bgcolor=\"#cccccc\">5<\/td>\n<td align=\"center\" bgcolor=\"#cccccc\">220<\/td>\n<td align=\"center\" bgcolor=\"#cccccc\">125<\/td>\n<td align=\"center\" bgcolor=\"#cccccc\">90<\/td>\n<td align=\"center\" bgcolor=\"#cccccc\">10<\/td>\n<\/tr>\n<tr>\n<td align=\"center\" bgcolor=\"#ffffff\">4772 19 0055<\/td>\n<td align=\"center\" bgcolor=\"#ffffff\">5.5<\/td>\n<td align=\"center\" bgcolor=\"#ffffff\">220<\/td>\n<td align=\"center\" bgcolor=\"#ffffff\">125<\/td>\n<td align=\"center\" bgcolor=\"#ffffff\">90<\/td>\n<td align=\"center\" bgcolor=\"#ffffff\">10<\/td>\n<\/tr>\n<tr>\n<td align=\"center\" bgcolor=\"#cccccc\">4772 19 0060<\/td>\n<td align=\"center\" bgcolor=\"#cccccc\">6<\/td>\n<td align=\"center\" bgcolor=\"#cccccc\">220<\/td>\n<td align=\"center\" bgcolor=\"#cccccc\">125<\/td>\n<td align=\"center\" bgcolor=\"#cccccc\">90<\/td>\n<td align=\"center\" bgcolor=\"#cccccc\">10<\/td>\n<\/tr>\n<tr>\n<td align=\"center\" bgcolor=\"#ffffff\">4772 19 0070<\/td>\n<td align=\"center\" bgcolor=\"#ffffff\">7<\/td>\n<td align=\"center\" bgcolor=\"#ffffff\">230<\/td>\n<td align=\"center\" bgcolor=\"#ffffff\">125<\/td>\n<td align=\"center\" bgcolor=\"#ffffff\">110<\/td>\n<td align=\"center\" bgcolor=\"#ffffff\">10<\/td>\n<\/tr>\n<tr>\n<td align=\"center\" bgcolor=\"#cccccc\">4772 19 0080<\/td>\n<td align=\"center\" bgcolor=\"#cccccc\">8<\/td>\n<td align=\"center\" bgcolor=\"#cccccc\">230<\/td>\n<td align=\"center\" bgcolor=\"#cccccc\">125<\/td>\n<td align=\"center\" bgcolor=\"#cccccc\">120<\/td>\n<td align=\"center\" bgcolor=\"#cccccc\">10<\/td>\n<\/tr>\n<tr>\n<td align=\"center\" bgcolor=\"#ffffff\">4772 19 0090<\/td>\n<td align=\"center\" bgcolor=\"#ffffff\">9<\/td>\n<td align=\"center\" bgcolor=\"#ffffff\">230<\/td>\n<td align=\"center\" bgcolor=\"#ffffff\">125<\/td>\n<td align=\"center\" bgcolor=\"#ffffff\">125<\/td>\n<td align=\"center\" bgcolor=\"#ffffff\">10<\/td>\n<\/tr>\n<tr>\n<td align=\"center\" bgcolor=\"#cccccc\">4772 19 0100<\/td>\n<td align=\"center\" bgcolor=\"#cccccc\">10<\/td>\n<td align=\"center\" bgcolor=\"#cccccc\">230<\/td>\n<td align=\"center\" bgcolor=\"#cccccc\">125<\/td>\n<td align=\"center\" bgcolor=\"#cccccc\">125<\/td>\n<td align=\"center\" bgcolor=\"#cccccc\">10<\/td>\n<\/tr>\n<tr>\n<td align=\"center\" bgcolor=\"#ffffff\">4772 19 0110<\/td>\n<td align=\"center\" bgcolor=\"#ffffff\">11<\/td>\n<td align=\"center\" bgcolor=\"#ffffff\">230<\/td>\n<td align=\"center\" bgcolor=\"#ffffff\">125<\/td>\n<td align=\"center\" bgcolor=\"#ffffff\">140<\/td>\n<td align=\"center\" bgcolor=\"#ffffff\">10<\/td>\n<\/tr>\n<tr>\n<td align=\"center\" bgcolor=\"#cccccc\">4772 19 0120<\/td>\n<td align=\"center\" bgcolor=\"#cccccc\">12<\/td>\n<td align=\"center\" bgcolor=\"#cccccc\">230<\/td>\n<td align=\"center\" bgcolor=\"#cccccc\">125<\/td>\n<td align=\"center\" bgcolor=\"#cccccc\">145<\/td>\n<td align=\"center\" bgcolor=\"#cccccc\">10<\/td>\n<\/tr>\n<tr>\n<td align=\"center\" bgcolor=\"#ffffff\">4772 19 0130<\/td>\n<td align=\"center\" bgcolor=\"#ffffff\">13<\/td>\n<td align=\"center\" bgcolor=\"#ffffff\">230<\/td>\n<td align=\"center\" bgcolor=\"#ffffff\">125<\/td>\n<td align=\"center\" bgcolor=\"#ffffff\">150<\/td>\n<td align=\"center\" bgcolor=\"#ffffff\">10<\/td>\n<\/tr>\n<tr>\n<td align=\"center\" bgcolor=\"#cccccc\">4772 19 0140<\/td>\n<td align=\"center\" bgcolor=\"#cccccc\">14<\/td>\n<td align=\"center\" bgcolor=\"#cccccc\">230<\/td>\n<td align=\"center\" bgcolor=\"#cccccc\">125<\/td>\n<td align=\"center\" bgcolor=\"#cccccc\">150<\/td>\n<td align=\"center\" bgcolor=\"#cccccc\">10<\/td>\n<\/tr>\n<\/tbody>\n<\/table>\n","protected":false},"excerpt":{"rendered":"<p>KOD 4772 19 0040 4 220 125 90 10 4772 19 0050 5 220 125 90 10 4772 19 0055 5.5 220 125 90 10 4772 19 0060 6 220 125 90 10 4772 19 0070 7 230 125 110 10 4772 19 0080 8 230 125 120 10 4772 19 0090 9 230 125 [&hellip;]<\/p>\n","protected":false},"featured_media":18659,"comment_status":"closed","ping_status":"closed","template":"","meta":[],"product_brand":[],"product_cat":[257,269],"product_tag":[],"class_list":{"0":"post-20163","1":"product","2":"type-product","3":"status-publish","4":"has-post-thumbnail","6":"product_cat-el-aletleri","7":"product_cat-tornavidalar","9":"first","10":"instock","11":"shipping-taxable","12":"product-type-simple"},"_links":{"self":[{"href":"https:\/\/korogluhirdavat.com.tr\/index.php?rest_route=\/wp\/v2\/product\/20163","targetHints":{"allow":["GET"]}}],"collection":[{"href":"https:\/\/korogluhirdavat.com.tr\/index.php?rest_route=\/wp\/v2\/product"}],"about":[{"href":"https:\/\/korogluhirdavat.com.tr\/index.php?rest_route=\/wp\/v2\/types\/product"}],"replies":[{"embeddable":true,"href":"https:\/\/korogluhirdavat.com.tr\/index.php?rest_route=%2Fwp%2Fv2%2Fcomments&post=20163"}],"wp:featuredmedia":[{"embeddable":true,"href":"https:\/\/korogluhirdavat.com.tr\/index.php?rest_route=\/wp\/v2\/media\/18659"}],"wp:attachment":[{"href":"https:\/\/korogluhirdavat.com.tr\/index.php?rest_route=%2Fwp%2Fv2%2Fmedia&parent=20163"}],"wp:term":[{"taxonomy":"product_brand","embeddable":true,"href":"https:\/\/korogluhirdavat.com.tr\/index.php?rest_route=%2Fwp%2Fv2%2Fproduct_brand&post=20163"},{"taxonomy":"product_cat","embeddable":true,"href":"https:\/\/korogluhirdavat.com.tr\/index.php?rest_route=%2Fwp%2Fv2%2Fproduct_cat&post=20163"},{"taxonomy":"product_tag","embeddable":true,"href":"https:\/\/korogluhirdavat.com.tr\/index.php?rest_route=%2Fwp%2Fv2%2Fproduct_tag&post=20163"}],"curies":[{"name":"wp","href":"https:\/\/api.w.org\/{rel}","templated":true}]}}