{"id":20164,"date":"2021-09-03T21:02:07","date_gmt":"2021-09-03T21:02:07","guid":{"rendered":"https:\/\/koroglucivata.com\/?post_type=product&#038;p=20164"},"modified":"2021-09-03T21:02:13","modified_gmt":"2021-09-03T21:02:13","slug":"4772-sungusu-izoleli-lokma-uclu-tornavida-seti-8-parca","status":"publish","type":"product","link":"https:\/\/korogluhirdavat.com.tr\/?product=4772-sungusu-izoleli-lokma-uclu-tornavida-seti-8-parca","title":{"rendered":"4772 S\u00fcng\u00fcs\u00fc \u0130zoleli Lokma U\u00e7lu Tornavida Seti (8 Par\u00e7a)"},"content":{"rendered":"<table border=\"0\" width=\"100%\" cellspacing=\"1\" cellpadding=\"1\">\n<tbody>\n<tr>\n<td bgcolor=\"#cccccc\"><strong>KOD<\/strong><\/td>\n<td bgcolor=\"#cccccc\"><strong>\u0130\u00c7ER\u0130K\u00a0<\/strong><\/td>\n<td bgcolor=\"#cccccc\"><img loading=\"lazy\" decoding=\"async\" src=\"https:\/\/www.izeltas.com.tr\/izeltascomtr\/upl\/Image\/terazi_G.jpg\" alt=\"\" width=\"34\" height=\"34\" \/><\/td>\n<td bgcolor=\"#cccccc\">\u00a0<img loading=\"lazy\" decoding=\"async\" src=\"https:\/\/www.izeltas.com.tr\/izeltascomtr\/upl\/Image\/kare.jpg\" alt=\"\" width=\"34\" height=\"34\" \/><\/td>\n<\/tr>\n<tr>\n<td>4772008108<\/td>\n<td>6 &#8211; 7 &#8211; 8 &#8211; 9 &#8211; 10 &#8211; 11 &#8211; 12 &#8211; 13<\/td>\n<td>2225<\/td>\n<td>\u00a08<\/td>\n<\/tr>\n<\/tbody>\n<\/table>\n","protected":false},"excerpt":{"rendered":"<p>KOD \u0130\u00c7ER\u0130K\u00a0 \u00a0 4772008108 6 &#8211; 7 &#8211; 8 &#8211; 9 &#8211; 10 &#8211; 11 &#8211; 12 &#8211; 13 2225 \u00a08<\/p>\n","protected":false},"featured_media":18660,"comment_status":"closed","ping_status":"closed","template":"","meta":[],"product_brand":[],"product_cat":[257,269],"product_tag":[],"class_list":{"0":"post-20164","1":"product","2":"type-product","3":"status-publish","4":"has-post-thumbnail","6":"product_cat-el-aletleri","7":"product_cat-tornavidalar","9":"first","10":"instock","11":"shipping-taxable","12":"product-type-simple"},"_links":{"self":[{"href":"https:\/\/korogluhirdavat.com.tr\/index.php?rest_route=\/wp\/v2\/product\/20164","targetHints":{"allow":["GET"]}}],"collection":[{"href":"https:\/\/korogluhirdavat.com.tr\/index.php?rest_route=\/wp\/v2\/product"}],"about":[{"href":"https:\/\/korogluhirdavat.com.tr\/index.php?rest_route=\/wp\/v2\/types\/product"}],"replies":[{"embeddable":true,"href":"https:\/\/korogluhirdavat.com.tr\/index.php?rest_route=%2Fwp%2Fv2%2Fcomments&post=20164"}],"wp:featuredmedia":[{"embeddable":true,"href":"https:\/\/korogluhirdavat.com.tr\/index.php?rest_route=\/wp\/v2\/media\/18660"}],"wp:attachment":[{"href":"https:\/\/korogluhirdavat.com.tr\/index.php?rest_route=%2Fwp%2Fv2%2Fmedia&parent=20164"}],"wp:term":[{"taxonomy":"product_brand","embeddable":true,"href":"https:\/\/korogluhirdavat.com.tr\/index.php?rest_route=%2Fwp%2Fv2%2Fproduct_brand&post=20164"},{"taxonomy":"product_cat","embeddable":true,"href":"https:\/\/korogluhirdavat.com.tr\/index.php?rest_route=%2Fwp%2Fv2%2Fproduct_cat&post=20164"},{"taxonomy":"product_tag","embeddable":true,"href":"https:\/\/korogluhirdavat.com.tr\/index.php?rest_route=%2Fwp%2Fv2%2Fproduct_tag&post=20164"}],"curies":[{"name":"wp","href":"https:\/\/api.w.org\/{rel}","templated":true}]}}