{"id":20166,"date":"2021-09-03T21:02:08","date_gmt":"2021-09-03T21:02:08","guid":{"rendered":"https:\/\/koroglucivata.com\/?post_type=product&#038;p=20166"},"modified":"2021-09-03T21:02:14","modified_gmt":"2021-09-03T21:02:14","slug":"4775-torx-uclu-tornavida-takimi-7-parca","status":"publish","type":"product","link":"https:\/\/korogluhirdavat.com.tr\/?product=4775-torx-uclu-tornavida-takimi-7-parca","title":{"rendered":"4775 Torx\u00ae U\u00e7lu Tornavida Tak\u0131m\u0131 7 Par\u00e7a"},"content":{"rendered":"<table border=\"0\" width=\"100%\" cellspacing=\"1\" cellpadding=\"1\">\n<tbody>\n<tr>\n<td bgcolor=\"#cccccc\"><strong>KOD<\/strong><\/td>\n<td bgcolor=\"#cccccc\"><strong>\u0130\u00c7ER\u0130K\u00a0<\/strong><\/td>\n<td bgcolor=\"#cccccc\"><img loading=\"lazy\" decoding=\"async\" src=\"https:\/\/www.izeltas.com.tr\/izeltascomtr\/upl\/Image\/terazi_G.jpg\" alt=\"\" width=\"34\" height=\"34\" \/><\/td>\n<td bgcolor=\"#cccccc\">\u00a0<img loading=\"lazy\" decoding=\"async\" src=\"https:\/\/www.izeltas.com.tr\/izeltascomtr\/upl\/Image\/kare.jpg\" alt=\"\" width=\"34\" height=\"34\" \/><\/td>\n<\/tr>\n<tr>\n<td>4775 00 8107<\/td>\n<td>T10 &#8211; T15 &#8211; T20 &#8211; T25 &#8211; T27 &#8211; T30 &#8211; T40<\/td>\n<td>380<\/td>\n<td>7<\/td>\n<\/tr>\n<\/tbody>\n<\/table>\n","protected":false},"excerpt":{"rendered":"<p>KOD \u0130\u00c7ER\u0130K\u00a0 \u00a0 4775 00 8107 T10 &#8211; T15 &#8211; T20 &#8211; T25 &#8211; T27 &#8211; T30 &#8211; T40 380 7<\/p>\n","protected":false},"featured_media":18662,"comment_status":"closed","ping_status":"closed","template":"","meta":[],"product_brand":[],"product_cat":[257,269],"product_tag":[],"class_list":{"0":"post-20166","1":"product","2":"type-product","3":"status-publish","4":"has-post-thumbnail","6":"product_cat-el-aletleri","7":"product_cat-tornavidalar","9":"first","10":"instock","11":"shipping-taxable","12":"product-type-simple"},"_links":{"self":[{"href":"https:\/\/korogluhirdavat.com.tr\/index.php?rest_route=\/wp\/v2\/product\/20166","targetHints":{"allow":["GET"]}}],"collection":[{"href":"https:\/\/korogluhirdavat.com.tr\/index.php?rest_route=\/wp\/v2\/product"}],"about":[{"href":"https:\/\/korogluhirdavat.com.tr\/index.php?rest_route=\/wp\/v2\/types\/product"}],"replies":[{"embeddable":true,"href":"https:\/\/korogluhirdavat.com.tr\/index.php?rest_route=%2Fwp%2Fv2%2Fcomments&post=20166"}],"wp:featuredmedia":[{"embeddable":true,"href":"https:\/\/korogluhirdavat.com.tr\/index.php?rest_route=\/wp\/v2\/media\/18662"}],"wp:attachment":[{"href":"https:\/\/korogluhirdavat.com.tr\/index.php?rest_route=%2Fwp%2Fv2%2Fmedia&parent=20166"}],"wp:term":[{"taxonomy":"product_brand","embeddable":true,"href":"https:\/\/korogluhirdavat.com.tr\/index.php?rest_route=%2Fwp%2Fv2%2Fproduct_brand&post=20166"},{"taxonomy":"product_cat","embeddable":true,"href":"https:\/\/korogluhirdavat.com.tr\/index.php?rest_route=%2Fwp%2Fv2%2Fproduct_cat&post=20166"},{"taxonomy":"product_tag","embeddable":true,"href":"https:\/\/korogluhirdavat.com.tr\/index.php?rest_route=%2Fwp%2Fv2%2Fproduct_tag&post=20166"}],"curies":[{"name":"wp","href":"https:\/\/api.w.org\/{rel}","templated":true}]}}