{"id":20176,"date":"2021-09-03T21:02:15","date_gmt":"2021-09-03T21:02:15","guid":{"rendered":"https:\/\/koroglucivata.com\/?post_type=product&#038;p=20176"},"modified":"2021-09-03T21:02:18","modified_gmt":"2021-09-03T21:02:18","slug":"4815-degisken-bits-uclu-tornavida-set-7-parca","status":"publish","type":"product","link":"https:\/\/korogluhirdavat.com.tr\/?product=4815-degisken-bits-uclu-tornavida-set-7-parca","title":{"rendered":"4815 De\u011fi\u015fken Bits U\u00e7lu Tornavida Set (7 Par\u00e7a)"},"content":{"rendered":"<table border=\"0\" width=\"100%\" cellspacing=\"1\" cellpadding=\"1\">\n<tbody>\n<tr>\n<td bgcolor=\"#cccccc\"><strong>KOD<\/strong><\/td>\n<td bgcolor=\"#cccccc\"><strong>\u0130\u00c7ER\u0130K\u00a0<\/strong><\/td>\n<td bgcolor=\"#cccccc\"><img loading=\"lazy\" decoding=\"async\" src=\"https:\/\/www.izeltas.com.tr\/izeltascomtr\/upl\/Image\/terazi_G.jpg\" alt=\"\" width=\"34\" height=\"34\" \/><\/td>\n<td bgcolor=\"#cccccc\">\u00a0<img loading=\"lazy\" decoding=\"async\" src=\"https:\/\/www.izeltas.com.tr\/izeltascomtr\/upl\/Image\/kare.jpg\" alt=\"\" width=\"34\" height=\"34\" \/><\/td>\n<\/tr>\n<tr>\n<td>4815 00 6107<\/td>\n<td>100 mm Sap<\/p>\n<p>D\u00fcz \u00a0 &#8211; Ph1x4.5 &#8211; Ph2x5.5 &#8211; Ph3x7<\/p>\n<p>Y\u0131ld\u0131z \u00a0Pz1x4.5 &#8211; Pz2x5.5 &#8211; Pz3x7<\/td>\n<td>140<\/td>\n<td>\u00a01<\/td>\n<\/tr>\n<\/tbody>\n<\/table>\n","protected":false},"excerpt":{"rendered":"<p>KOD \u0130\u00c7ER\u0130K\u00a0 \u00a0 4815 00 6107 100 mm Sap D\u00fcz \u00a0 &#8211; Ph1x4.5 &#8211; Ph2x5.5 &#8211; Ph3x7 Y\u0131ld\u0131z \u00a0Pz1x4.5 &#8211; Pz2x5.5 &#8211; Pz3x7 140 \u00a01<\/p>\n","protected":false},"featured_media":18697,"comment_status":"closed","ping_status":"closed","template":"","meta":[],"product_brand":[],"product_cat":[257,270],"product_tag":[],"class_list":{"0":"post-20176","1":"product","2":"type-product","3":"status-publish","4":"has-post-thumbnail","6":"product_cat-el-aletleri","7":"product_cat-tornavida-ve-bitsler","9":"first","10":"instock","11":"shipping-taxable","12":"product-type-simple"},"_links":{"self":[{"href":"https:\/\/korogluhirdavat.com.tr\/index.php?rest_route=\/wp\/v2\/product\/20176","targetHints":{"allow":["GET"]}}],"collection":[{"href":"https:\/\/korogluhirdavat.com.tr\/index.php?rest_route=\/wp\/v2\/product"}],"about":[{"href":"https:\/\/korogluhirdavat.com.tr\/index.php?rest_route=\/wp\/v2\/types\/product"}],"replies":[{"embeddable":true,"href":"https:\/\/korogluhirdavat.com.tr\/index.php?rest_route=%2Fwp%2Fv2%2Fcomments&post=20176"}],"wp:featuredmedia":[{"embeddable":true,"href":"https:\/\/korogluhirdavat.com.tr\/index.php?rest_route=\/wp\/v2\/media\/18697"}],"wp:attachment":[{"href":"https:\/\/korogluhirdavat.com.tr\/index.php?rest_route=%2Fwp%2Fv2%2Fmedia&parent=20176"}],"wp:term":[{"taxonomy":"product_brand","embeddable":true,"href":"https:\/\/korogluhirdavat.com.tr\/index.php?rest_route=%2Fwp%2Fv2%2Fproduct_brand&post=20176"},{"taxonomy":"product_cat","embeddable":true,"href":"https:\/\/korogluhirdavat.com.tr\/index.php?rest_route=%2Fwp%2Fv2%2Fproduct_cat&post=20176"},{"taxonomy":"product_tag","embeddable":true,"href":"https:\/\/korogluhirdavat.com.tr\/index.php?rest_route=%2Fwp%2Fv2%2Fproduct_tag&post=20176"}],"curies":[{"name":"wp","href":"https:\/\/api.w.org\/{rel}","templated":true}]}}