{"id":20180,"date":"2021-09-03T21:02:16","date_gmt":"2021-09-03T21:02:16","guid":{"rendered":"https:\/\/koroglucivata.com\/?post_type=product&#038;p=20180"},"modified":"2021-09-03T21:02:19","modified_gmt":"2021-09-03T21:02:19","slug":"4800-8li-bits-takim-kisa","status":"publish","type":"product","link":"https:\/\/korogluhirdavat.com.tr\/?product=4800-8li-bits-takim-kisa","title":{"rendered":"4800 8&#8217;li Bits Tak\u0131m (K\u0131sa)"},"content":{"rendered":"<table border=\"0\" width=\"100%\" cellspacing=\"2\" cellpadding=\"2\">\n<tbody>\n<tr>\n<td align=\"center\" bgcolor=\"#cfd0d2\"><strong>KOD<\/strong><\/td>\n<td align=\"center\" bgcolor=\"#cfd0d2\"><strong>\u0130\u00c7ER\u0130K<\/strong><\/td>\n<td align=\"center\" bgcolor=\"#cfd0d2\"><img loading=\"lazy\" decoding=\"async\" src=\"https:\/\/www.izeltas.com.tr\/izeltascomtr\/upl\/Image\/terazi_G.jpg\" alt=\"\" width=\"34\" height=\"34\" \/><\/td>\n<td align=\"center\" bgcolor=\"#cfd0d2\"><img loading=\"lazy\" decoding=\"async\" src=\"https:\/\/www.izeltas.com.tr\/izeltascomtr\/upl\/Image\/kare.jpg\" alt=\"\" width=\"34\" height=\"34\" \/><\/td>\n<\/tr>\n<tr>\n<td rowspan=\"5\" align=\"center\" bgcolor=\"#ffffff\">4800 00 8208<\/td>\n<td rowspan=\"5\" align=\"center\" bgcolor=\"#ffffff\">D\u00fcz \u00a0\u00a0 0.6&#215;4.5 &#8211; 0.8&#215;5.5<\/p>\n<p>Y\u0131ld\u0131z\u00a0\u00a0\u00a0 Ph1 &#8211; Ph2 &#8211; Ph3<\/p>\n<p>Torx\u00a0\u00a0\u00a0 T27<\/p>\n<p>6.3&#215;60 Adapt\u00f6r<\/p>\n<p>6.3&#215;30 Bits tornavida<\/td>\n<td rowspan=\"5\" align=\"center\" bgcolor=\"#ffffff\">150<\/td>\n<td rowspan=\"5\" align=\"center\" bgcolor=\"#ffffff\">8<\/td>\n<\/tr>\n<\/tbody>\n<\/table>\n<p>&nbsp;<\/p>\n","protected":false},"excerpt":{"rendered":"<p>KOD \u0130\u00c7ER\u0130K 4800 00 8208 D\u00fcz \u00a0\u00a0 0.6&#215;4.5 &#8211; 0.8&#215;5.5 Y\u0131ld\u0131z\u00a0\u00a0\u00a0 Ph1 &#8211; Ph2 &#8211; Ph3 Torx\u00a0\u00a0\u00a0 T27 6.3&#215;60 Adapt\u00f6r 6.3&#215;30 Bits tornavida 150 8 &nbsp;<\/p>\n","protected":false},"featured_media":18701,"comment_status":"closed","ping_status":"closed","template":"","meta":[],"product_brand":[],"product_cat":[271,257],"product_tag":[],"class_list":{"0":"post-20180","1":"product","2":"type-product","3":"status-publish","4":"has-post-thumbnail","6":"product_cat-bitsler","7":"product_cat-el-aletleri","9":"first","10":"instock","11":"shipping-taxable","12":"product-type-simple"},"_links":{"self":[{"href":"https:\/\/korogluhirdavat.com.tr\/index.php?rest_route=\/wp\/v2\/product\/20180","targetHints":{"allow":["GET"]}}],"collection":[{"href":"https:\/\/korogluhirdavat.com.tr\/index.php?rest_route=\/wp\/v2\/product"}],"about":[{"href":"https:\/\/korogluhirdavat.com.tr\/index.php?rest_route=\/wp\/v2\/types\/product"}],"replies":[{"embeddable":true,"href":"https:\/\/korogluhirdavat.com.tr\/index.php?rest_route=%2Fwp%2Fv2%2Fcomments&post=20180"}],"wp:featuredmedia":[{"embeddable":true,"href":"https:\/\/korogluhirdavat.com.tr\/index.php?rest_route=\/wp\/v2\/media\/18701"}],"wp:attachment":[{"href":"https:\/\/korogluhirdavat.com.tr\/index.php?rest_route=%2Fwp%2Fv2%2Fmedia&parent=20180"}],"wp:term":[{"taxonomy":"product_brand","embeddable":true,"href":"https:\/\/korogluhirdavat.com.tr\/index.php?rest_route=%2Fwp%2Fv2%2Fproduct_brand&post=20180"},{"taxonomy":"product_cat","embeddable":true,"href":"https:\/\/korogluhirdavat.com.tr\/index.php?rest_route=%2Fwp%2Fv2%2Fproduct_cat&post=20180"},{"taxonomy":"product_tag","embeddable":true,"href":"https:\/\/korogluhirdavat.com.tr\/index.php?rest_route=%2Fwp%2Fv2%2Fproduct_tag&post=20180"}],"curies":[{"name":"wp","href":"https:\/\/api.w.org\/{rel}","templated":true}]}}