{"id":20197,"date":"2021-09-03T21:02:17","date_gmt":"2021-09-03T21:02:17","guid":{"rendered":"https:\/\/koroglucivata.com\/?post_type=product&#038;p=20197"},"modified":"2021-09-03T21:02:21","modified_gmt":"2021-09-03T21:02:21","slug":"4850-150-mm-uzun-bits-uc-takimi-13-parca","status":"publish","type":"product","link":"https:\/\/korogluhirdavat.com.tr\/?product=4850-150-mm-uzun-bits-uc-takimi-13-parca","title":{"rendered":"4850 150 mm Uzun Bits U\u00e7 Tak\u0131m\u0131 (13 Par\u00e7a)"},"content":{"rendered":"<table border=\"0\" width=\"100%\" cellspacing=\"2\" cellpadding=\"2\">\n<tbody>\n<tr>\n<td align=\"center\" bgcolor=\"#cccccc\"><strong>KOD<\/strong><\/td>\n<td align=\"center\" bgcolor=\"#cccccc\"><strong>\u0130\u00c7ER\u0130K<\/strong><\/td>\n<td align=\"center\" bgcolor=\"#cccccc\"><img loading=\"lazy\" decoding=\"async\" src=\"https:\/\/www.izeltas.com.tr\/izeltascomtr\/upl\/Image\/terazi_G.jpg\" alt=\"\" width=\"34\" height=\"34\" \/><\/td>\n<td align=\"center\" bgcolor=\"#cccccc\"><img loading=\"lazy\" decoding=\"async\" src=\"https:\/\/www.izeltas.com.tr\/izeltascomtr\/upl\/Image\/kare.jpg\" alt=\"\" width=\"34\" height=\"34\" \/><\/td>\n<\/tr>\n<tr>\n<td rowspan=\"4\" align=\"center\" bgcolor=\"#ffffff\">4850 00 1513<\/td>\n<td align=\"center\" bgcolor=\"#ffffff\"><strong>D\u00fcz U\u00e7lar<br \/>\n<\/strong><\/p>\n<p>4,5 &#8211; 5,5 &#8211; 6,5<\/td>\n<td rowspan=\"4\" align=\"center\" bgcolor=\"#ffffff\">356<\/td>\n<td rowspan=\"4\" align=\"center\" bgcolor=\"#ffffff\">13<\/td>\n<\/tr>\n<tr>\n<td align=\"center\" bgcolor=\"#ffffff\"><strong>Y\u0131ld\u0131z U\u00e7lar<br \/>\n<\/strong><\/p>\n<p>Ph1 &#8211; Ph2 &#8211; Ph3<\/td>\n<\/tr>\n<tr>\n<td align=\"center\" bgcolor=\"#ffffff\"><strong>Pozidriv U\u00e7lar<\/strong><\/p>\n<p>Pz1 &#8211; Pz2 &#8211; Pz3<\/td>\n<\/tr>\n<tr>\n<td align=\"center\" bgcolor=\"#ffffff\"><strong>Torx\u00ae U\u00e7lar<br \/>\n<\/strong><\/p>\n<p>T25 &#8211; T27 &#8211; T30 &#8211; T40<\/td>\n<\/tr>\n<\/tbody>\n<\/table>\n<p>&nbsp;<\/p>\n","protected":false},"excerpt":{"rendered":"<p>KOD \u0130\u00c7ER\u0130K 4850 00 1513 D\u00fcz U\u00e7lar 4,5 &#8211; 5,5 &#8211; 6,5 356 13 Y\u0131ld\u0131z U\u00e7lar Ph1 &#8211; Ph2 &#8211; Ph3 Pozidriv U\u00e7lar Pz1 &#8211; Pz2 &#8211; Pz3 Torx\u00ae U\u00e7lar T25 &#8211; T27 &#8211; T30 &#8211; T40 &nbsp;<\/p>\n","protected":false},"featured_media":18740,"comment_status":"closed","ping_status":"closed","template":"","meta":[],"product_brand":[],"product_cat":[271,257],"product_tag":[],"class_list":{"0":"post-20197","1":"product","2":"type-product","3":"status-publish","4":"has-post-thumbnail","6":"product_cat-bitsler","7":"product_cat-el-aletleri","9":"first","10":"instock","11":"shipping-taxable","12":"product-type-simple"},"_links":{"self":[{"href":"https:\/\/korogluhirdavat.com.tr\/index.php?rest_route=\/wp\/v2\/product\/20197","targetHints":{"allow":["GET"]}}],"collection":[{"href":"https:\/\/korogluhirdavat.com.tr\/index.php?rest_route=\/wp\/v2\/product"}],"about":[{"href":"https:\/\/korogluhirdavat.com.tr\/index.php?rest_route=\/wp\/v2\/types\/product"}],"replies":[{"embeddable":true,"href":"https:\/\/korogluhirdavat.com.tr\/index.php?rest_route=%2Fwp%2Fv2%2Fcomments&post=20197"}],"wp:featuredmedia":[{"embeddable":true,"href":"https:\/\/korogluhirdavat.com.tr\/index.php?rest_route=\/wp\/v2\/media\/18740"}],"wp:attachment":[{"href":"https:\/\/korogluhirdavat.com.tr\/index.php?rest_route=%2Fwp%2Fv2%2Fmedia&parent=20197"}],"wp:term":[{"taxonomy":"product_brand","embeddable":true,"href":"https:\/\/korogluhirdavat.com.tr\/index.php?rest_route=%2Fwp%2Fv2%2Fproduct_brand&post=20197"},{"taxonomy":"product_cat","embeddable":true,"href":"https:\/\/korogluhirdavat.com.tr\/index.php?rest_route=%2Fwp%2Fv2%2Fproduct_cat&post=20197"},{"taxonomy":"product_tag","embeddable":true,"href":"https:\/\/korogluhirdavat.com.tr\/index.php?rest_route=%2Fwp%2Fv2%2Fproduct_tag&post=20197"}],"curies":[{"name":"wp","href":"https:\/\/api.w.org\/{rel}","templated":true}]}}