{"id":20198,"date":"2021-09-03T21:02:17","date_gmt":"2021-09-03T21:02:17","guid":{"rendered":"https:\/\/koroglucivata.com\/?post_type=product&#038;p=20198"},"modified":"2021-09-03T21:02:21","modified_gmt":"2021-09-03T21:02:21","slug":"4900-allen-anahtar-alti-kose-mm","status":"publish","type":"product","link":"https:\/\/korogluhirdavat.com.tr\/?product=4900-allen-anahtar-alti-kose-mm","title":{"rendered":"4900 Allen Anahtar Alt\u0131 K\u00f6\u015fe (mm)"},"content":{"rendered":"<table border=\"0\" width=\"100%\" cellspacing=\"2\" cellpadding=\"2\">\n<tbody>\n<tr>\n<td align=\"center\" bgcolor=\"#cecfd1\"><strong>KOD<\/strong><\/td>\n<td align=\"center\" bgcolor=\"#cecfd1\"><img loading=\"lazy\" decoding=\"async\" src=\"https:\/\/www.izeltas.com.tr\/izeltascomtr\/upl\/Image\/altigenDolu.jpg\" alt=\"\" width=\"34\" height=\"34\" \/><\/td>\n<td align=\"center\" bgcolor=\"#cecfd1\"><img loading=\"lazy\" decoding=\"async\" src=\"https:\/\/www.izeltas.com.tr\/izeltascomtr\/upl\/Image\/L.jpg\" alt=\"\" width=\"34\" height=\"34\" \/><\/td>\n<td align=\"center\" bgcolor=\"#cecfd1\"><img loading=\"lazy\" decoding=\"async\" src=\"https:\/\/www.izeltas.com.tr\/izeltascomtr\/upl\/Image\/L1.jpg\" alt=\"\" width=\"34\" height=\"34\" \/><\/td>\n<td align=\"center\" bgcolor=\"#cecfd1\"><img loading=\"lazy\" decoding=\"async\" src=\"https:\/\/www.izeltas.com.tr\/izeltascomtr\/upl\/Image\/terazi_G.jpg\" alt=\"\" width=\"34\" height=\"34\" \/><\/td>\n<td align=\"center\" bgcolor=\"#cecfd1\"><img loading=\"lazy\" decoding=\"async\" src=\"https:\/\/www.izeltas.com.tr\/izeltascomtr\/upl\/Image\/kare.jpg\" alt=\"\" width=\"34\" height=\"34\" \/><\/td>\n<\/tr>\n<tr bgcolor=\"#ffffff\">\n<td align=\"center\">4900 22 0015<\/td>\n<td align=\"center\">1.5<\/td>\n<td align=\"center\">45<\/td>\n<td align=\"center\">14<\/td>\n<td align=\"center\">1.5<\/td>\n<td align=\"center\">10<\/td>\n<\/tr>\n<tr bgcolor=\"#e2e3e4\">\n<td align=\"center\">4900 22 0020<\/td>\n<td align=\"center\">2<\/td>\n<td align=\"center\">50<\/td>\n<td align=\"center\">16<\/td>\n<td align=\"center\">2<\/td>\n<td align=\"center\">10<\/td>\n<\/tr>\n<tr bgcolor=\"#ffffff\">\n<td align=\"center\">4900 22 0025<\/td>\n<td align=\"center\">2.5<\/td>\n<td align=\"center\">56<\/td>\n<td align=\"center\">18<\/td>\n<td align=\"center\">4<\/td>\n<td align=\"center\">10<\/td>\n<\/tr>\n<tr bgcolor=\"#e2e3e4\">\n<td align=\"center\">4900 22 0030<\/td>\n<td align=\"center\">3<\/td>\n<td align=\"center\">63<\/td>\n<td align=\"center\">20<\/td>\n<td align=\"center\">6<\/td>\n<td align=\"center\">10<\/td>\n<\/tr>\n<tr bgcolor=\"#ffffff\">\n<td align=\"center\">4900 22 0035<\/td>\n<td align=\"center\">3.5<\/td>\n<td align=\"center\">66<\/td>\n<td align=\"center\">22<\/td>\n<td align=\"center\">8<\/td>\n<td align=\"center\">10<\/td>\n<\/tr>\n<tr bgcolor=\"#e2e3e4\">\n<td align=\"center\">4900 22 0040<\/td>\n<td align=\"center\">4<\/td>\n<td align=\"center\">70<\/td>\n<td align=\"center\">25<\/td>\n<td align=\"center\">10<\/td>\n<td align=\"center\">10<\/td>\n<\/tr>\n<tr bgcolor=\"#ffffff\">\n<td align=\"center\">4900 22 0050<\/td>\n<td align=\"center\">5<\/td>\n<td align=\"center\">80<\/td>\n<td align=\"center\">28<\/td>\n<td align=\"center\">20<\/td>\n<td align=\"center\">10<\/td>\n<\/tr>\n<tr bgcolor=\"#e2e3e4\">\n<td align=\"center\">4900 22 0060<\/td>\n<td align=\"center\">6<\/td>\n<td align=\"center\">90<\/td>\n<td align=\"center\">32<\/td>\n<td align=\"center\">30<\/td>\n<td align=\"center\">10<\/td>\n<\/tr>\n<tr bgcolor=\"#ffffff\">\n<td align=\"center\">4900 22 0070<\/td>\n<td align=\"center\">7<\/td>\n<td align=\"center\">95<\/td>\n<td align=\"center\">34<\/td>\n<td align=\"center\">40<\/td>\n<td align=\"center\">10<\/td>\n<\/tr>\n<tr bgcolor=\"#e2e3e4\">\n<td align=\"center\">4900 22 0080<\/td>\n<td align=\"center\">8<\/td>\n<td align=\"center\">100<\/td>\n<td align=\"center\">36<\/td>\n<td align=\"center\">55<\/td>\n<td align=\"center\">10<\/td>\n<\/tr>\n<tr bgcolor=\"#ffffff\">\n<td align=\"center\">4900 22 0090<\/td>\n<td align=\"center\">9<\/td>\n<td align=\"center\">105<\/td>\n<td align=\"center\">38<\/td>\n<td align=\"center\">75<\/td>\n<td align=\"center\">10<\/td>\n<\/tr>\n<tr bgcolor=\"#e2e3e4\">\n<td align=\"center\">4900 22 0100<\/td>\n<td align=\"center\">10<\/td>\n<td align=\"center\">112<\/td>\n<td align=\"center\">40<\/td>\n<td align=\"center\">100<\/td>\n<td align=\"center\">10<\/td>\n<\/tr>\n<tr bgcolor=\"#ffffff\">\n<td align=\"center\">4900 22 0120<\/td>\n<td align=\"center\">12<\/td>\n<td align=\"center\">125<\/td>\n<td align=\"center\">45<\/td>\n<td align=\"center\">160<\/td>\n<td align=\"center\">10<\/td>\n<\/tr>\n<tr bgcolor=\"#e2e3e4\">\n<td align=\"center\">4900 22 0140<\/td>\n<td align=\"center\">14<\/td>\n<td align=\"center\">140<\/td>\n<td align=\"center\">56<\/td>\n<td align=\"center\">250<\/td>\n<td align=\"center\">5<\/td>\n<\/tr>\n<tr bgcolor=\"#ffffff\">\n<td align=\"center\">4900 22 0160<\/td>\n<td align=\"center\">16<\/td>\n<td align=\"center\">152<\/td>\n<td align=\"center\">60<\/td>\n<td align=\"center\">375<\/td>\n<td align=\"center\">5<\/td>\n<\/tr>\n<tr bgcolor=\"#e2e3e4\">\n<td align=\"center\">4900 22 0170<\/td>\n<td align=\"center\">17<\/td>\n<td align=\"center\">160<\/td>\n<td align=\"center\">63<\/td>\n<td align=\"center\">425<\/td>\n<td align=\"center\">5<\/td>\n<\/tr>\n<tr bgcolor=\"#ffffff\">\n<td align=\"center\">4900 22 0190<\/td>\n<td align=\"center\">19<\/td>\n<td align=\"center\">180<\/td>\n<td align=\"center\">70<\/td>\n<td align=\"center\">610<\/td>\n<td align=\"center\">5<\/td>\n<\/tr>\n<\/tbody>\n<\/table>\n","protected":false},"excerpt":{"rendered":"<p>KOD 4900 22 0015 1.5 45 14 1.5 10 4900 22 0020 2 50 16 2 10 4900 22 0025 2.5 56 18 4 10 4900 22 0030 3 63 20 6 10 4900 22 0035 3.5 66 22 8 10 4900 22 0040 4 70 25 10 10 4900 22 0050 5 80 28 [&hellip;]<\/p>\n","protected":false},"featured_media":18741,"comment_status":"closed","ping_status":"closed","template":"","meta":[],"product_brand":[],"product_cat":[268,257],"product_tag":[],"class_list":{"0":"post-20198","1":"product","2":"type-product","3":"status-publish","4":"has-post-thumbnail","6":"product_cat-allen-anahtarlar","7":"product_cat-el-aletleri","9":"first","10":"instock","11":"shipping-taxable","12":"product-type-simple"},"_links":{"self":[{"href":"https:\/\/korogluhirdavat.com.tr\/index.php?rest_route=\/wp\/v2\/product\/20198","targetHints":{"allow":["GET"]}}],"collection":[{"href":"https:\/\/korogluhirdavat.com.tr\/index.php?rest_route=\/wp\/v2\/product"}],"about":[{"href":"https:\/\/korogluhirdavat.com.tr\/index.php?rest_route=\/wp\/v2\/types\/product"}],"replies":[{"embeddable":true,"href":"https:\/\/korogluhirdavat.com.tr\/index.php?rest_route=%2Fwp%2Fv2%2Fcomments&post=20198"}],"wp:featuredmedia":[{"embeddable":true,"href":"https:\/\/korogluhirdavat.com.tr\/index.php?rest_route=\/wp\/v2\/media\/18741"}],"wp:attachment":[{"href":"https:\/\/korogluhirdavat.com.tr\/index.php?rest_route=%2Fwp%2Fv2%2Fmedia&parent=20198"}],"wp:term":[{"taxonomy":"product_brand","embeddable":true,"href":"https:\/\/korogluhirdavat.com.tr\/index.php?rest_route=%2Fwp%2Fv2%2Fproduct_brand&post=20198"},{"taxonomy":"product_cat","embeddable":true,"href":"https:\/\/korogluhirdavat.com.tr\/index.php?rest_route=%2Fwp%2Fv2%2Fproduct_cat&post=20198"},{"taxonomy":"product_tag","embeddable":true,"href":"https:\/\/korogluhirdavat.com.tr\/index.php?rest_route=%2Fwp%2Fv2%2Fproduct_tag&post=20198"}],"curies":[{"name":"wp","href":"https:\/\/api.w.org\/{rel}","templated":true}]}}