{"id":20199,"date":"2021-09-03T21:02:17","date_gmt":"2021-09-03T21:02:17","guid":{"rendered":"https:\/\/koroglucivata.com\/?post_type=product&#038;p=20199"},"modified":"2021-09-03T21:02:22","modified_gmt":"2021-09-03T21:02:22","slug":"4900-allen-anahtar-takim-alti-kose-mm","status":"publish","type":"product","link":"https:\/\/korogluhirdavat.com.tr\/?product=4900-allen-anahtar-takim-alti-kose-mm","title":{"rendered":"4900 Allen Anahtar Tak\u0131m Alt\u0131 K\u00f6\u015fe (mm)"},"content":{"rendered":"<table border=\"0\" width=\"100%\" cellspacing=\"2\" cellpadding=\"2\">\n<tbody>\n<tr>\n<td align=\"center\" bgcolor=\"#cecfd1\"><strong>KOD<\/strong><\/td>\n<td align=\"center\" bgcolor=\"#cecfd1\"><img loading=\"lazy\" decoding=\"async\" src=\"https:\/\/www.izeltas.com.tr\/izeltascomtr\/upl\/Image\/altigenDolu.jpg\" alt=\"\" width=\"34\" height=\"34\" \/><\/td>\n<td align=\"center\" bgcolor=\"#cecfd1\"><img loading=\"lazy\" decoding=\"async\" src=\"https:\/\/www.izeltas.com.tr\/izeltascomtr\/upl\/Image\/terazi_G.jpg\" alt=\"\" width=\"34\" height=\"34\" \/><\/td>\n<td align=\"center\" bgcolor=\"#cecfd1\"><img loading=\"lazy\" decoding=\"async\" src=\"https:\/\/www.izeltas.com.tr\/izeltascomtr\/upl\/Image\/kare.jpg\" alt=\"\" width=\"34\" height=\"34\" \/><\/td>\n<\/tr>\n<tr>\n<td align=\"center\" bgcolor=\"#ffffff\">4900 00 3110<\/td>\n<td align=\"center\" bgcolor=\"#ffffff\">2 &#8211; 2.5 &#8211; 3 &#8211; 4 &#8211; 5 &#8211; 6<br \/>\n7 &#8211; 8 &#8211; 9 &#8211; 10<\/td>\n<td align=\"center\" bgcolor=\"#ffffff\">400<\/td>\n<td align=\"center\" bgcolor=\"#ffffff\">10<\/td>\n<\/tr>\n<tr bgcolor=\"#e2e3e4\">\n<td align=\"center\">4900 00 3112<\/td>\n<td align=\"center\">2 &#8211; 2.5 &#8211; 3 &#8211; 3.5 &#8211; 4 &#8211; 5<br \/>\n6 &#8211; 7 &#8211; 8 &#8211; 9 &#8211; 10 &#8211; 12<\/td>\n<td align=\"center\">565<\/td>\n<td align=\"center\">12<\/td>\n<\/tr>\n<\/tbody>\n<\/table>\n","protected":false},"excerpt":{"rendered":"<p>KOD 4900 00 3110 2 &#8211; 2.5 &#8211; 3 &#8211; 4 &#8211; 5 &#8211; 6 7 &#8211; 8 &#8211; 9 &#8211; 10 400 10 4900 00 3112 2 &#8211; 2.5 &#8211; 3 &#8211; 3.5 &#8211; 4 &#8211; 5 6 &#8211; 7 &#8211; 8 &#8211; 9 &#8211; 10 &#8211; 12 565 12<\/p>\n","protected":false},"featured_media":18742,"comment_status":"closed","ping_status":"closed","template":"","meta":[],"product_brand":[],"product_cat":[268,257],"product_tag":[],"class_list":{"0":"post-20199","1":"product","2":"type-product","3":"status-publish","4":"has-post-thumbnail","6":"product_cat-allen-anahtarlar","7":"product_cat-el-aletleri","9":"first","10":"instock","11":"shipping-taxable","12":"product-type-simple"},"_links":{"self":[{"href":"https:\/\/korogluhirdavat.com.tr\/index.php?rest_route=\/wp\/v2\/product\/20199","targetHints":{"allow":["GET"]}}],"collection":[{"href":"https:\/\/korogluhirdavat.com.tr\/index.php?rest_route=\/wp\/v2\/product"}],"about":[{"href":"https:\/\/korogluhirdavat.com.tr\/index.php?rest_route=\/wp\/v2\/types\/product"}],"replies":[{"embeddable":true,"href":"https:\/\/korogluhirdavat.com.tr\/index.php?rest_route=%2Fwp%2Fv2%2Fcomments&post=20199"}],"wp:featuredmedia":[{"embeddable":true,"href":"https:\/\/korogluhirdavat.com.tr\/index.php?rest_route=\/wp\/v2\/media\/18742"}],"wp:attachment":[{"href":"https:\/\/korogluhirdavat.com.tr\/index.php?rest_route=%2Fwp%2Fv2%2Fmedia&parent=20199"}],"wp:term":[{"taxonomy":"product_brand","embeddable":true,"href":"https:\/\/korogluhirdavat.com.tr\/index.php?rest_route=%2Fwp%2Fv2%2Fproduct_brand&post=20199"},{"taxonomy":"product_cat","embeddable":true,"href":"https:\/\/korogluhirdavat.com.tr\/index.php?rest_route=%2Fwp%2Fv2%2Fproduct_cat&post=20199"},{"taxonomy":"product_tag","embeddable":true,"href":"https:\/\/korogluhirdavat.com.tr\/index.php?rest_route=%2Fwp%2Fv2%2Fproduct_tag&post=20199"}],"curies":[{"name":"wp","href":"https:\/\/api.w.org\/{rel}","templated":true}]}}