{"id":20201,"date":"2021-09-03T21:02:22","date_gmt":"2021-09-03T21:02:22","guid":{"rendered":"https:\/\/koroglucivata.com\/?post_type=product&#038;p=20201"},"modified":"2021-09-03T21:02:26","modified_gmt":"2021-09-03T21:02:26","slug":"4901-allen-anahtar-takimi-alti-kose-sae","status":"publish","type":"product","link":"https:\/\/korogluhirdavat.com.tr\/?product=4901-allen-anahtar-takimi-alti-kose-sae","title":{"rendered":"4901 Allen Anahtar Tak\u0131m\u0131 Alt\u0131 K\u00f6\u015fe (SAE)"},"content":{"rendered":"<table border=\"0\" width=\"100%\" cellspacing=\"2\" cellpadding=\"2\">\n<tbody>\n<tr>\n<td align=\"center\" bgcolor=\"#cecfd1\"><strong>KOD<\/strong><\/td>\n<td align=\"center\" bgcolor=\"#cecfd1\"><img loading=\"lazy\" decoding=\"async\" src=\"https:\/\/www.izeltas.com.tr\/izeltascomtr\/upl\/Image\/altigenDolu_inch.jpg\" alt=\"\" width=\"34\" height=\"34\" \/><\/td>\n<td align=\"center\" bgcolor=\"#cecfd1\"><img loading=\"lazy\" decoding=\"async\" src=\"https:\/\/www.izeltas.com.tr\/izeltascomtr\/upl\/Image\/terazi_G.jpg\" alt=\"\" width=\"34\" height=\"34\" \/><\/td>\n<td align=\"center\" bgcolor=\"#cecfd1\"><img loading=\"lazy\" decoding=\"async\" src=\"https:\/\/www.izeltas.com.tr\/izeltascomtr\/upl\/Image\/kare.jpg\" alt=\"\" width=\"34\" height=\"34\" \/><\/td>\n<\/tr>\n<tr>\n<td align=\"center\" bgcolor=\"#ffffff\">4901 00 3110<\/td>\n<td align=\"center\" bgcolor=\"#ffffff\">5\/64&#8243; &#8211; 3\/32&#8243; &#8211; 1\/8&#8243; &#8211; 5\/32&#8243; -3\/16&#8243;<br \/>\n7\/32 &#8220;- 1\/4&#8243; &#8211; 5\/16&#8243; &#8211; 3\/8&#8243; &#8211; 7\/16&#8221;<\/td>\n<td align=\"center\" bgcolor=\"#ffffff\">405<\/td>\n<td align=\"center\" bgcolor=\"#ffffff\">10<\/td>\n<\/tr>\n<tr bgcolor=\"#e2e3e4\">\n<td align=\"center\">4901 00 3112<\/td>\n<td align=\"center\">5\/64&#8243; &#8211; 3\/32&#8243; -1\/8&#8243; &#8211; 5\/32&#8243;<br \/>\n3\/16&#8243; &#8211; 7\/32&#8243; &#8211; 1\/4&#8243; &#8211; 5\/16&#8243;<br \/>\n3\/8&#8243; &#8211; 7\/16&#8243; &#8211; 1\/2&#8243; &#8211; 9\/16&#8243;<\/td>\n<td align=\"center\">855<\/td>\n<td align=\"center\">12<\/td>\n<\/tr>\n<\/tbody>\n<\/table>\n","protected":false},"excerpt":{"rendered":"<p>KOD 4901 00 3110 5\/64&#8243; &#8211; 3\/32&#8243; &#8211; 1\/8&#8243; &#8211; 5\/32&#8243; -3\/16&#8243; 7\/32 &#8220;- 1\/4&#8243; &#8211; 5\/16&#8243; &#8211; 3\/8&#8243; &#8211; 7\/16&#8221; 405 10 4901 00 3112 5\/64&#8243; &#8211; 3\/32&#8243; -1\/8&#8243; &#8211; 5\/32&#8243; 3\/16&#8243; &#8211; 7\/32&#8243; &#8211; 1\/4&#8243; &#8211; 5\/16&#8243; 3\/8&#8243; &#8211; 7\/16&#8243; &#8211; 1\/2&#8243; &#8211; 9\/16&#8243; 855 12<\/p>\n","protected":false},"featured_media":18744,"comment_status":"closed","ping_status":"closed","template":"","meta":[],"product_brand":[],"product_cat":[268,257],"product_tag":[],"class_list":{"0":"post-20201","1":"product","2":"type-product","3":"status-publish","4":"has-post-thumbnail","6":"product_cat-allen-anahtarlar","7":"product_cat-el-aletleri","9":"first","10":"instock","11":"shipping-taxable","12":"product-type-simple"},"_links":{"self":[{"href":"https:\/\/korogluhirdavat.com.tr\/index.php?rest_route=\/wp\/v2\/product\/20201","targetHints":{"allow":["GET"]}}],"collection":[{"href":"https:\/\/korogluhirdavat.com.tr\/index.php?rest_route=\/wp\/v2\/product"}],"about":[{"href":"https:\/\/korogluhirdavat.com.tr\/index.php?rest_route=\/wp\/v2\/types\/product"}],"replies":[{"embeddable":true,"href":"https:\/\/korogluhirdavat.com.tr\/index.php?rest_route=%2Fwp%2Fv2%2Fcomments&post=20201"}],"wp:featuredmedia":[{"embeddable":true,"href":"https:\/\/korogluhirdavat.com.tr\/index.php?rest_route=\/wp\/v2\/media\/18744"}],"wp:attachment":[{"href":"https:\/\/korogluhirdavat.com.tr\/index.php?rest_route=%2Fwp%2Fv2%2Fmedia&parent=20201"}],"wp:term":[{"taxonomy":"product_brand","embeddable":true,"href":"https:\/\/korogluhirdavat.com.tr\/index.php?rest_route=%2Fwp%2Fv2%2Fproduct_brand&post=20201"},{"taxonomy":"product_cat","embeddable":true,"href":"https:\/\/korogluhirdavat.com.tr\/index.php?rest_route=%2Fwp%2Fv2%2Fproduct_cat&post=20201"},{"taxonomy":"product_tag","embeddable":true,"href":"https:\/\/korogluhirdavat.com.tr\/index.php?rest_route=%2Fwp%2Fv2%2Fproduct_tag&post=20201"}],"curies":[{"name":"wp","href":"https:\/\/api.w.org\/{rel}","templated":true}]}}