{"id":20202,"date":"2021-09-03T21:02:22","date_gmt":"2021-09-03T21:02:22","guid":{"rendered":"https:\/\/koroglucivata.com\/?post_type=product&#038;p=20202"},"modified":"2021-09-03T21:02:26","modified_gmt":"2021-09-03T21:02:26","slug":"4903-allen-anahtar-alti-kose-uzun-boy-mm","status":"publish","type":"product","link":"https:\/\/korogluhirdavat.com.tr\/?product=4903-allen-anahtar-alti-kose-uzun-boy-mm","title":{"rendered":"4903 Allen Anahtar Alt\u0131 K\u00f6\u015fe Uzun Boy (mm)"},"content":{"rendered":"<table border=\"0\" width=\"100%\" cellspacing=\"2\" cellpadding=\"2\">\n<tbody>\n<tr>\n<td align=\"center\" bgcolor=\"#cecfd1\"><strong>KOD<\/strong><\/td>\n<td align=\"center\" bgcolor=\"#cecfd1\"><img loading=\"lazy\" decoding=\"async\" src=\"https:\/\/www.izeltas.com.tr\/izeltascomtr\/upl\/Image\/altigenDolu.jpg\" alt=\"\" width=\"34\" height=\"34\" \/><\/td>\n<td align=\"center\" bgcolor=\"#cecfd1\"><img loading=\"lazy\" decoding=\"async\" src=\"https:\/\/www.izeltas.com.tr\/izeltascomtr\/upl\/Image\/L.jpg\" alt=\"\" width=\"34\" height=\"34\" \/><\/td>\n<td align=\"center\" bgcolor=\"#cecfd1\"><img loading=\"lazy\" decoding=\"async\" src=\"https:\/\/www.izeltas.com.tr\/izeltascomtr\/upl\/Image\/L1.jpg\" alt=\"\" width=\"34\" height=\"34\" \/><\/td>\n<td align=\"center\" bgcolor=\"#cecfd1\"><img loading=\"lazy\" decoding=\"async\" src=\"https:\/\/www.izeltas.com.tr\/izeltascomtr\/upl\/Image\/terazi_G.jpg\" alt=\"\" width=\"34\" height=\"34\" \/><\/td>\n<td align=\"center\" bgcolor=\"#cecfd1\"><img loading=\"lazy\" decoding=\"async\" src=\"https:\/\/www.izeltas.com.tr\/izeltascomtr\/upl\/Image\/kare.jpg\" alt=\"\" width=\"34\" height=\"34\" \/><\/td>\n<\/tr>\n<tr bgcolor=\"#ffffff\">\n<td align=\"center\">4903 22 0020<\/td>\n<td align=\"center\">2<\/td>\n<td align=\"center\">100<\/td>\n<td align=\"center\">16<\/td>\n<td align=\"center\">3<\/td>\n<td align=\"center\">10<\/td>\n<\/tr>\n<tr bgcolor=\"#e2e3e4\">\n<td align=\"center\">4903 22 0025<\/td>\n<td align=\"center\">2.5<\/td>\n<td align=\"center\">112<\/td>\n<td align=\"center\">18<\/td>\n<td align=\"center\">5<\/td>\n<td align=\"center\">10<\/td>\n<\/tr>\n<tr bgcolor=\"#ffffff\">\n<td align=\"center\">4903 22 0030<\/td>\n<td align=\"center\">3<\/td>\n<td align=\"center\">126<\/td>\n<td align=\"center\">20<\/td>\n<td align=\"center\">10<\/td>\n<td align=\"center\">10<\/td>\n<\/tr>\n<tr bgcolor=\"#e2e3e4\">\n<td align=\"center\">4903 22 0035<\/td>\n<td align=\"center\">3.5<\/td>\n<td align=\"center\">136,5<\/td>\n<td align=\"center\">22<\/td>\n<td align=\"center\">15<\/td>\n<td align=\"center\">10<\/td>\n<\/tr>\n<tr bgcolor=\"#ffffff\">\n<td align=\"center\">4903 22 0040<\/td>\n<td align=\"center\">4<\/td>\n<td align=\"center\">140<\/td>\n<td align=\"center\">25<\/td>\n<td align=\"center\">20<\/td>\n<td align=\"center\">10<\/td>\n<\/tr>\n<tr bgcolor=\"#e2e3e4\">\n<td align=\"center\">4903 22 0050<\/td>\n<td align=\"center\">5<\/td>\n<td align=\"center\">160<\/td>\n<td align=\"center\">28<\/td>\n<td align=\"center\">30<\/td>\n<td align=\"center\">10<\/td>\n<\/tr>\n<tr bgcolor=\"#ffffff\">\n<td align=\"center\">4903 22 0060<\/td>\n<td align=\"center\">6<\/td>\n<td align=\"center\">180<\/td>\n<td align=\"center\">32<\/td>\n<td align=\"center\">50<\/td>\n<td align=\"center\">10<\/td>\n<\/tr>\n<tr bgcolor=\"#e2e3e4\">\n<td align=\"center\">4903 22 0070<\/td>\n<td align=\"center\">7<\/td>\n<td align=\"center\">190<\/td>\n<td align=\"center\">34<\/td>\n<td align=\"center\">80<\/td>\n<td align=\"center\">10<\/td>\n<\/tr>\n<tr bgcolor=\"#ffffff\">\n<td align=\"center\">4903 22 0080<\/td>\n<td align=\"center\">8<\/td>\n<td align=\"center\">200<\/td>\n<td align=\"center\">36<\/td>\n<td align=\"center\">100<\/td>\n<td align=\"center\">10<\/td>\n<\/tr>\n<tr bgcolor=\"#e2e3e4\">\n<td align=\"center\">4903 22 0090<\/td>\n<td align=\"center\">9<\/td>\n<td align=\"center\">210<\/td>\n<td align=\"center\">38<\/td>\n<td align=\"center\">145<\/td>\n<td align=\"center\">10<\/td>\n<\/tr>\n<tr bgcolor=\"#ffffff\">\n<td align=\"center\">4903 22 0100<\/td>\n<td align=\"center\">10<\/td>\n<td align=\"center\">224<\/td>\n<td align=\"center\">40<\/td>\n<td align=\"center\">180<\/td>\n<td align=\"center\">10<\/td>\n<\/tr>\n<tr bgcolor=\"#e2e3e4\">\n<td align=\"center\">4903 22 0120<\/td>\n<td align=\"center\">12<\/td>\n<td align=\"center\">250<\/td>\n<td align=\"center\">45<\/td>\n<td align=\"center\">285<\/td>\n<td align=\"center\">10<\/td>\n<\/tr>\n<\/tbody>\n<\/table>\n","protected":false},"excerpt":{"rendered":"<p>KOD 4903 22 0020 2 100 16 3 10 4903 22 0025 2.5 112 18 5 10 4903 22 0030 3 126 20 10 10 4903 22 0035 3.5 136,5 22 15 10 4903 22 0040 4 140 25 20 10 4903 22 0050 5 160 28 30 10 4903 22 0060 6 180 32 [&hellip;]<\/p>\n","protected":false},"featured_media":18745,"comment_status":"closed","ping_status":"closed","template":"","meta":[],"product_brand":[],"product_cat":[268,257],"product_tag":[],"class_list":{"0":"post-20202","1":"product","2":"type-product","3":"status-publish","4":"has-post-thumbnail","6":"product_cat-allen-anahtarlar","7":"product_cat-el-aletleri","9":"first","10":"instock","11":"shipping-taxable","12":"product-type-simple"},"_links":{"self":[{"href":"https:\/\/korogluhirdavat.com.tr\/index.php?rest_route=\/wp\/v2\/product\/20202","targetHints":{"allow":["GET"]}}],"collection":[{"href":"https:\/\/korogluhirdavat.com.tr\/index.php?rest_route=\/wp\/v2\/product"}],"about":[{"href":"https:\/\/korogluhirdavat.com.tr\/index.php?rest_route=\/wp\/v2\/types\/product"}],"replies":[{"embeddable":true,"href":"https:\/\/korogluhirdavat.com.tr\/index.php?rest_route=%2Fwp%2Fv2%2Fcomments&post=20202"}],"wp:featuredmedia":[{"embeddable":true,"href":"https:\/\/korogluhirdavat.com.tr\/index.php?rest_route=\/wp\/v2\/media\/18745"}],"wp:attachment":[{"href":"https:\/\/korogluhirdavat.com.tr\/index.php?rest_route=%2Fwp%2Fv2%2Fmedia&parent=20202"}],"wp:term":[{"taxonomy":"product_brand","embeddable":true,"href":"https:\/\/korogluhirdavat.com.tr\/index.php?rest_route=%2Fwp%2Fv2%2Fproduct_brand&post=20202"},{"taxonomy":"product_cat","embeddable":true,"href":"https:\/\/korogluhirdavat.com.tr\/index.php?rest_route=%2Fwp%2Fv2%2Fproduct_cat&post=20202"},{"taxonomy":"product_tag","embeddable":true,"href":"https:\/\/korogluhirdavat.com.tr\/index.php?rest_route=%2Fwp%2Fv2%2Fproduct_tag&post=20202"}],"curies":[{"name":"wp","href":"https:\/\/api.w.org\/{rel}","templated":true}]}}