{"id":20206,"date":"2021-09-03T21:02:23","date_gmt":"2021-09-03T21:02:23","guid":{"rendered":"https:\/\/koroglucivata.com\/?post_type=product&#038;p=20206"},"modified":"2021-09-03T21:02:27","modified_gmt":"2021-09-03T21:02:27","slug":"4906-yuvarlak-basli-allen-anahtari-uzun","status":"publish","type":"product","link":"https:\/\/korogluhirdavat.com.tr\/?product=4906-yuvarlak-basli-allen-anahtari-uzun","title":{"rendered":"4906 Yuvarlak Ba\u015fl\u0131 Allen Anahtar\u0131 Uzun"},"content":{"rendered":"<table border=\"0\" width=\"100%\" cellspacing=\"2\" cellpadding=\"2\">\n<tbody>\n<tr>\n<td align=\"center\" bgcolor=\"#cecfd1\"><strong>KOD<\/strong><\/td>\n<td align=\"center\" bgcolor=\"#cecfd1\"><img loading=\"lazy\" decoding=\"async\" src=\"https:\/\/www.izeltas.com.tr\/izeltascomtr\/upl\/Image\/altigenDolu.jpg\" alt=\"\" width=\"34\" height=\"34\" \/><\/td>\n<td align=\"center\" bgcolor=\"#cecfd1\"><img loading=\"lazy\" decoding=\"async\" src=\"https:\/\/www.izeltas.com.tr\/izeltascomtr\/upl\/Image\/L.jpg\" alt=\"\" width=\"34\" height=\"34\" \/><\/td>\n<td align=\"center\" bgcolor=\"#cecfd1\"><img loading=\"lazy\" decoding=\"async\" src=\"https:\/\/www.izeltas.com.tr\/izeltascomtr\/upl\/Image\/L1.jpg\" alt=\"\" width=\"34\" height=\"34\" \/><\/td>\n<td align=\"center\" bgcolor=\"#cecfd1\"><img loading=\"lazy\" decoding=\"async\" src=\"https:\/\/www.izeltas.com.tr\/izeltascomtr\/upl\/Image\/terazi_G.jpg\" alt=\"\" width=\"34\" height=\"34\" \/><\/td>\n<td align=\"center\" bgcolor=\"#cecfd1\"><img loading=\"lazy\" decoding=\"async\" src=\"https:\/\/www.izeltas.com.tr\/izeltascomtr\/upl\/Image\/kare.jpg\" alt=\"\" width=\"34\" height=\"34\" \/><\/td>\n<\/tr>\n<tr bgcolor=\"#ffffff\">\n<td align=\"center\">4906 22 0015<\/td>\n<td align=\"center\">1.5<\/td>\n<td align=\"center\">79<\/td>\n<td align=\"center\">12<\/td>\n<td align=\"center\">1.5<\/td>\n<td align=\"center\">10<\/td>\n<\/tr>\n<tr bgcolor=\"#e2e3e4\">\n<td align=\"center\">4906 22 0020<\/td>\n<td align=\"center\">2<\/td>\n<td align=\"center\">84<\/td>\n<td align=\"center\">16<\/td>\n<td align=\"center\">3<\/td>\n<td align=\"center\">10<\/td>\n<\/tr>\n<tr bgcolor=\"#ffffff\">\n<td align=\"center\">4906 22 0025<\/td>\n<td align=\"center\">2.5<\/td>\n<td align=\"center\">89<\/td>\n<td align=\"center\">16<\/td>\n<td align=\"center\">5<\/td>\n<td align=\"center\">10<\/td>\n<\/tr>\n<tr bgcolor=\"#e2e3e4\">\n<td align=\"center\">4906 22 0030<\/td>\n<td align=\"center\">3<\/td>\n<td align=\"center\">99<\/td>\n<td align=\"center\">18<\/td>\n<td align=\"center\">7<\/td>\n<td align=\"center\">10<\/td>\n<\/tr>\n<tr bgcolor=\"#ffffff\">\n<td align=\"center\">4906 22 0040<\/td>\n<td align=\"center\">4<\/td>\n<td align=\"center\">109<\/td>\n<td align=\"center\">23<\/td>\n<td align=\"center\">13<\/td>\n<td align=\"center\">10<\/td>\n<\/tr>\n<tr bgcolor=\"#e2e3e4\">\n<td align=\"center\">4906 22 0050<\/td>\n<td align=\"center\">5<\/td>\n<td align=\"center\">125<\/td>\n<td align=\"center\">26<\/td>\n<td align=\"center\">25<\/td>\n<td align=\"center\">10<\/td>\n<\/tr>\n<tr bgcolor=\"#ffffff\">\n<td align=\"center\">4906 22 0060<\/td>\n<td align=\"center\">6<\/td>\n<td align=\"center\">150<\/td>\n<td align=\"center\">28<\/td>\n<td align=\"center\">42<\/td>\n<td align=\"center\">10<\/td>\n<\/tr>\n<tr bgcolor=\"#e2e3e4\">\n<td align=\"center\">4906 22 0080<\/td>\n<td align=\"center\">8<\/td>\n<td align=\"center\">167<\/td>\n<td align=\"center\">33<\/td>\n<td align=\"center\">85<\/td>\n<td align=\"center\">10<\/td>\n<\/tr>\n<tr bgcolor=\"#ffffff\">\n<td align=\"center\">4906 22 0100<\/td>\n<td align=\"center\">10<\/td>\n<td align=\"center\">190<\/td>\n<td align=\"center\">37<\/td>\n<td align=\"center\">150<\/td>\n<td align=\"center\">10<\/td>\n<\/tr>\n<\/tbody>\n<\/table>\n","protected":false},"excerpt":{"rendered":"<p>KOD 4906 22 0015 1.5 79 12 1.5 10 4906 22 0020 2 84 16 3 10 4906 22 0025 2.5 89 16 5 10 4906 22 0030 3 99 18 7 10 4906 22 0040 4 109 23 13 10 4906 22 0050 5 125 26 25 10 4906 22 0060 6 150 28 [&hellip;]<\/p>\n","protected":false},"featured_media":18749,"comment_status":"closed","ping_status":"closed","template":"","meta":[],"product_brand":[],"product_cat":[268,257],"product_tag":[],"class_list":{"0":"post-20206","1":"product","2":"type-product","3":"status-publish","4":"has-post-thumbnail","6":"product_cat-allen-anahtarlar","7":"product_cat-el-aletleri","9":"first","10":"instock","11":"shipping-taxable","12":"product-type-simple"},"_links":{"self":[{"href":"https:\/\/korogluhirdavat.com.tr\/index.php?rest_route=\/wp\/v2\/product\/20206","targetHints":{"allow":["GET"]}}],"collection":[{"href":"https:\/\/korogluhirdavat.com.tr\/index.php?rest_route=\/wp\/v2\/product"}],"about":[{"href":"https:\/\/korogluhirdavat.com.tr\/index.php?rest_route=\/wp\/v2\/types\/product"}],"replies":[{"embeddable":true,"href":"https:\/\/korogluhirdavat.com.tr\/index.php?rest_route=%2Fwp%2Fv2%2Fcomments&post=20206"}],"wp:featuredmedia":[{"embeddable":true,"href":"https:\/\/korogluhirdavat.com.tr\/index.php?rest_route=\/wp\/v2\/media\/18749"}],"wp:attachment":[{"href":"https:\/\/korogluhirdavat.com.tr\/index.php?rest_route=%2Fwp%2Fv2%2Fmedia&parent=20206"}],"wp:term":[{"taxonomy":"product_brand","embeddable":true,"href":"https:\/\/korogluhirdavat.com.tr\/index.php?rest_route=%2Fwp%2Fv2%2Fproduct_brand&post=20206"},{"taxonomy":"product_cat","embeddable":true,"href":"https:\/\/korogluhirdavat.com.tr\/index.php?rest_route=%2Fwp%2Fv2%2Fproduct_cat&post=20206"},{"taxonomy":"product_tag","embeddable":true,"href":"https:\/\/korogluhirdavat.com.tr\/index.php?rest_route=%2Fwp%2Fv2%2Fproduct_tag&post=20206"}],"curies":[{"name":"wp","href":"https:\/\/api.w.org\/{rel}","templated":true}]}}