{"id":20212,"date":"2021-09-03T21:02:24","date_gmt":"2021-09-03T21:02:24","guid":{"rendered":"https:\/\/koroglucivata.com\/?post_type=product&#038;p=20212"},"modified":"2021-09-03T21:02:27","modified_gmt":"2021-09-03T21:02:27","slug":"4912-kaset-allen-anahtar-takimi-7-parca","status":"publish","type":"product","link":"https:\/\/korogluhirdavat.com.tr\/?product=4912-kaset-allen-anahtar-takimi-7-parca","title":{"rendered":"4912 Kaset Allen Anahtar Tak\u0131m\u0131 (7 Par\u00e7a)"},"content":{"rendered":"<table border=\"0\" width=\"100%\" cellspacing=\"2\" cellpadding=\"2\">\n<tbody>\n<tr>\n<td align=\"center\" bgcolor=\"#cecfd1\"><strong>KOD<\/strong><\/td>\n<td align=\"center\" bgcolor=\"#cecfd1\"><img loading=\"lazy\" decoding=\"async\" src=\"https:\/\/www.izeltas.com.tr\/upl\/altigenDolu.jpg\" alt=\"\" width=\"34\" height=\"34\" \/><\/td>\n<td align=\"center\" bgcolor=\"#cecfd1\"><img loading=\"lazy\" decoding=\"async\" src=\"https:\/\/www.izeltas.com.tr\/izeltascomtr\/upl\/Image\/terazi_G.jpg\" alt=\"\" width=\"34\" height=\"34\" \/><\/td>\n<td align=\"center\" bgcolor=\"#cecfd1\"><img loading=\"lazy\" decoding=\"async\" src=\"https:\/\/www.izeltas.com.tr\/izeltascomtr\/upl\/Image\/kare.jpg\" alt=\"\" width=\"34\" height=\"34\" \/><\/td>\n<\/tr>\n<tr>\n<td align=\"center\" bgcolor=\"#ffffff\">4912 00 3107<\/td>\n<td align=\"center\" bgcolor=\"#ffffff\">2.5 &#8211; 3 &#8211; 4 &#8211; 5 &#8211; 6 &#8211; 8 &#8211; 10<\/td>\n<td align=\"center\" bgcolor=\"#ffffff\">355<\/td>\n<td align=\"center\" bgcolor=\"#ffffff\">1<\/td>\n<\/tr>\n<tr>\n<td align=\"center\" bgcolor=\"#e2e3e4\">4912 00 0007<\/td>\n<td align=\"center\" bgcolor=\"#e2e3e4\">1.5 &#8211; 2 &#8211; 2.5 &#8211; 3 &#8211; 4 &#8211; 5 &#8211; 6<\/td>\n<td align=\"center\" bgcolor=\"#e2e3e4\">130<\/td>\n<td align=\"center\" bgcolor=\"#e2e3e4\">1<\/td>\n<\/tr>\n<\/tbody>\n<\/table>\n","protected":false},"excerpt":{"rendered":"<p>KOD 4912 00 3107 2.5 &#8211; 3 &#8211; 4 &#8211; 5 &#8211; 6 &#8211; 8 &#8211; 10 355 1 4912 00 0007 1.5 &#8211; 2 &#8211; 2.5 &#8211; 3 &#8211; 4 &#8211; 5 &#8211; 6 130 1<\/p>\n","protected":false},"featured_media":18755,"comment_status":"closed","ping_status":"closed","template":"","meta":[],"product_brand":[],"product_cat":[268,257],"product_tag":[],"class_list":{"0":"post-20212","1":"product","2":"type-product","3":"status-publish","4":"has-post-thumbnail","6":"product_cat-allen-anahtarlar","7":"product_cat-el-aletleri","9":"first","10":"instock","11":"shipping-taxable","12":"product-type-simple"},"_links":{"self":[{"href":"https:\/\/korogluhirdavat.com.tr\/index.php?rest_route=\/wp\/v2\/product\/20212","targetHints":{"allow":["GET"]}}],"collection":[{"href":"https:\/\/korogluhirdavat.com.tr\/index.php?rest_route=\/wp\/v2\/product"}],"about":[{"href":"https:\/\/korogluhirdavat.com.tr\/index.php?rest_route=\/wp\/v2\/types\/product"}],"replies":[{"embeddable":true,"href":"https:\/\/korogluhirdavat.com.tr\/index.php?rest_route=%2Fwp%2Fv2%2Fcomments&post=20212"}],"wp:featuredmedia":[{"embeddable":true,"href":"https:\/\/korogluhirdavat.com.tr\/index.php?rest_route=\/wp\/v2\/media\/18755"}],"wp:attachment":[{"href":"https:\/\/korogluhirdavat.com.tr\/index.php?rest_route=%2Fwp%2Fv2%2Fmedia&parent=20212"}],"wp:term":[{"taxonomy":"product_brand","embeddable":true,"href":"https:\/\/korogluhirdavat.com.tr\/index.php?rest_route=%2Fwp%2Fv2%2Fproduct_brand&post=20212"},{"taxonomy":"product_cat","embeddable":true,"href":"https:\/\/korogluhirdavat.com.tr\/index.php?rest_route=%2Fwp%2Fv2%2Fproduct_cat&post=20212"},{"taxonomy":"product_tag","embeddable":true,"href":"https:\/\/korogluhirdavat.com.tr\/index.php?rest_route=%2Fwp%2Fv2%2Fproduct_tag&post=20212"}],"curies":[{"name":"wp","href":"https:\/\/api.w.org\/{rel}","templated":true}]}}