{"id":20215,"date":"2021-09-03T21:02:24","date_gmt":"2021-09-03T21:02:24","guid":{"rendered":"https:\/\/koroglucivata.com\/?post_type=product&#038;p=20215"},"modified":"2021-09-03T21:02:28","modified_gmt":"2021-09-03T21:02:28","slug":"4500-elektronikci-tip-klemens-tornavida-seti-6-parca","status":"publish","type":"product","link":"https:\/\/korogluhirdavat.com.tr\/?product=4500-elektronikci-tip-klemens-tornavida-seti-6-parca","title":{"rendered":"4500 Elektronik\u00e7i Tip (Klemens) Tornavida Seti (6 Par\u00e7a)"},"content":{"rendered":"<table border=\"0\" width=\"100%\" cellspacing=\"2\" cellpadding=\"2\">\n<tbody>\n<tr>\n<td align=\"center\" bgcolor=\"#d0d1d3\"><strong>KOD<\/strong><\/td>\n<td align=\"center\" bgcolor=\"#d0d1d3\"><strong>\u0130\u00c7ER\u0130K<\/strong><\/td>\n<td align=\"center\" bgcolor=\"#d0d1d3\"><img loading=\"lazy\" decoding=\"async\" src=\"https:\/\/www.izeltas.com.tr\/izeltascomtr\/upl\/Image\/terazi_G.jpg\" alt=\"\" width=\"34\" height=\"34\" \/><\/td>\n<td align=\"center\" bgcolor=\"#d0d1d3\"><img loading=\"lazy\" decoding=\"async\" src=\"https:\/\/www.izeltas.com.tr\/izeltascomtr\/upl\/Image\/kare.jpg\" alt=\"\" width=\"34\" height=\"34\" \/><\/td>\n<\/tr>\n<tr>\n<td rowspan=\"2\" align=\"center\" bgcolor=\"#ffffff\">4500 00 8106<\/td>\n<td align=\"center\" bgcolor=\"#ffffff\">3&#215;80 &#8211; 3&#215;100<br \/>\n3&#215;125 &#8211; 4&#215;150<\/p>\n<p>D\u00fcz u\u00e7lu<\/td>\n<td rowspan=\"2\" align=\"center\" bgcolor=\"#ffffff\">115<\/td>\n<td rowspan=\"2\" align=\"center\" bgcolor=\"#ffffff\">6<\/td>\n<\/tr>\n<tr>\n<td align=\"center\" bgcolor=\"#e2e3e4\">3&#215;60 -4&#215;80<\/p>\n<p>Y\u0131ld\u0131z u\u00e7lu<\/td>\n<\/tr>\n<\/tbody>\n<\/table>\n","protected":false},"excerpt":{"rendered":"<p>KOD \u0130\u00c7ER\u0130K 4500 00 8106 3&#215;80 &#8211; 3&#215;100 3&#215;125 &#8211; 4&#215;150 D\u00fcz u\u00e7lu 115 6 3&#215;60 -4&#215;80 Y\u0131ld\u0131z u\u00e7lu<\/p>\n","protected":false},"featured_media":18777,"comment_status":"closed","ping_status":"closed","template":"","meta":[],"product_brand":[],"product_cat":[257,269],"product_tag":[],"class_list":{"0":"post-20215","1":"product","2":"type-product","3":"status-publish","4":"has-post-thumbnail","6":"product_cat-el-aletleri","7":"product_cat-tornavidalar","9":"first","10":"instock","11":"shipping-taxable","12":"product-type-simple"},"_links":{"self":[{"href":"https:\/\/korogluhirdavat.com.tr\/index.php?rest_route=\/wp\/v2\/product\/20215","targetHints":{"allow":["GET"]}}],"collection":[{"href":"https:\/\/korogluhirdavat.com.tr\/index.php?rest_route=\/wp\/v2\/product"}],"about":[{"href":"https:\/\/korogluhirdavat.com.tr\/index.php?rest_route=\/wp\/v2\/types\/product"}],"replies":[{"embeddable":true,"href":"https:\/\/korogluhirdavat.com.tr\/index.php?rest_route=%2Fwp%2Fv2%2Fcomments&post=20215"}],"wp:featuredmedia":[{"embeddable":true,"href":"https:\/\/korogluhirdavat.com.tr\/index.php?rest_route=\/wp\/v2\/media\/18777"}],"wp:attachment":[{"href":"https:\/\/korogluhirdavat.com.tr\/index.php?rest_route=%2Fwp%2Fv2%2Fmedia&parent=20215"}],"wp:term":[{"taxonomy":"product_brand","embeddable":true,"href":"https:\/\/korogluhirdavat.com.tr\/index.php?rest_route=%2Fwp%2Fv2%2Fproduct_brand&post=20215"},{"taxonomy":"product_cat","embeddable":true,"href":"https:\/\/korogluhirdavat.com.tr\/index.php?rest_route=%2Fwp%2Fv2%2Fproduct_cat&post=20215"},{"taxonomy":"product_tag","embeddable":true,"href":"https:\/\/korogluhirdavat.com.tr\/index.php?rest_route=%2Fwp%2Fv2%2Fproduct_tag&post=20215"}],"curies":[{"name":"wp","href":"https:\/\/api.w.org\/{rel}","templated":true}]}}