{"id":20216,"date":"2021-09-03T21:02:25","date_gmt":"2021-09-03T21:02:25","guid":{"rendered":"https:\/\/koroglucivata.com\/?post_type=product&#038;p=20216"},"modified":"2021-09-03T21:02:28","modified_gmt":"2021-09-03T21:02:28","slug":"4800-31li-bits-takim-kutulu","status":"publish","type":"product","link":"https:\/\/korogluhirdavat.com.tr\/?product=4800-31li-bits-takim-kutulu","title":{"rendered":"4800 31&#8217;li Bits Tak\u0131m Kutulu"},"content":{"rendered":"<table border=\"0\" width=\"100%\" cellspacing=\"2\" cellpadding=\"2\">\n<tbody>\n<tr>\n<td align=\"center\" bgcolor=\"#e2e3e4\"><strong>KOD<\/strong><\/td>\n<td align=\"center\" bgcolor=\"#e2e3e4\"><strong>\u0130\u00c7ER\u0130K<\/strong><\/td>\n<td align=\"center\" bgcolor=\"#e2e3e4\"><img loading=\"lazy\" decoding=\"async\" src=\"https:\/\/www.izeltas.com.tr\/izeltascomtr\/upl\/Image\/terazi_G.jpg\" alt=\"\" width=\"34\" height=\"34\" \/><\/td>\n<td align=\"center\" bgcolor=\"#e2e3e4\"><img loading=\"lazy\" decoding=\"async\" src=\"https:\/\/www.izeltas.com.tr\/izeltascomtr\/upl\/Image\/kare.jpg\" alt=\"\" width=\"34\" height=\"34\" \/><\/td>\n<\/tr>\n<tr>\n<td rowspan=\"4\" align=\"center\" bgcolor=\"#ffffff\">4800 00 6131<\/td>\n<td align=\"center\" bgcolor=\"#ffffff\">D\u00fcz \u00a0\u00a0 0.6&#215;4.5 &#8211; 0.8&#215;5.5<\/p>\n<p>1.2&#215;6.5<\/td>\n<td rowspan=\"4\" align=\"center\" bgcolor=\"#ffffff\">385<\/td>\n<td align=\"center\" bgcolor=\"#ffffff\">3-3<br \/>\n4<\/td>\n<\/tr>\n<tr>\n<td align=\"center\" bgcolor=\"#ffffff\">Y\u0131ld\u0131z \u00a0\u00a0\u00a0 Ph1<\/p>\n<p>Ph2 &#8211; Ph3<\/td>\n<td align=\"center\" bgcolor=\"#ffffff\">3<br \/>\n6<\/td>\n<\/tr>\n<tr>\n<td align=\"center\" bgcolor=\"#ffffff\">Torx \u00a0\u00a0 T27<\/p>\n<p>T25 &#8211; T30 &#8211; T40<\/p>\n<p>6.3X60 Adapt\u00f6r<\/td>\n<td align=\"center\" bgcolor=\"#ffffff\">2<br \/>\n1-1-1<\/td>\n<\/tr>\n<\/tbody>\n<\/table>\n<p>&nbsp;<\/p>\n","protected":false},"excerpt":{"rendered":"<p>KOD \u0130\u00c7ER\u0130K 4800 00 6131 D\u00fcz \u00a0\u00a0 0.6&#215;4.5 &#8211; 0.8&#215;5.5 1.2&#215;6.5 385 3-3 4 Y\u0131ld\u0131z \u00a0\u00a0\u00a0 Ph1 Ph2 &#8211; Ph3 3 6 Torx \u00a0\u00a0 T27 T25 &#8211; T30 &#8211; T40 6.3X60 Adapt\u00f6r 2 1-1-1 &nbsp;<\/p>\n","protected":false},"featured_media":18778,"comment_status":"closed","ping_status":"closed","template":"","meta":[],"product_brand":[],"product_cat":[271,257],"product_tag":[],"class_list":{"0":"post-20216","1":"product","2":"type-product","3":"status-publish","4":"has-post-thumbnail","6":"product_cat-bitsler","7":"product_cat-el-aletleri","9":"first","10":"instock","11":"shipping-taxable","12":"product-type-simple"},"_links":{"self":[{"href":"https:\/\/korogluhirdavat.com.tr\/index.php?rest_route=\/wp\/v2\/product\/20216","targetHints":{"allow":["GET"]}}],"collection":[{"href":"https:\/\/korogluhirdavat.com.tr\/index.php?rest_route=\/wp\/v2\/product"}],"about":[{"href":"https:\/\/korogluhirdavat.com.tr\/index.php?rest_route=\/wp\/v2\/types\/product"}],"replies":[{"embeddable":true,"href":"https:\/\/korogluhirdavat.com.tr\/index.php?rest_route=%2Fwp%2Fv2%2Fcomments&post=20216"}],"wp:featuredmedia":[{"embeddable":true,"href":"https:\/\/korogluhirdavat.com.tr\/index.php?rest_route=\/wp\/v2\/media\/18778"}],"wp:attachment":[{"href":"https:\/\/korogluhirdavat.com.tr\/index.php?rest_route=%2Fwp%2Fv2%2Fmedia&parent=20216"}],"wp:term":[{"taxonomy":"product_brand","embeddable":true,"href":"https:\/\/korogluhirdavat.com.tr\/index.php?rest_route=%2Fwp%2Fv2%2Fproduct_brand&post=20216"},{"taxonomy":"product_cat","embeddable":true,"href":"https:\/\/korogluhirdavat.com.tr\/index.php?rest_route=%2Fwp%2Fv2%2Fproduct_cat&post=20216"},{"taxonomy":"product_tag","embeddable":true,"href":"https:\/\/korogluhirdavat.com.tr\/index.php?rest_route=%2Fwp%2Fv2%2Fproduct_tag&post=20216"}],"curies":[{"name":"wp","href":"https:\/\/api.w.org\/{rel}","templated":true}]}}