{"id":20219,"date":"2021-09-03T21:02:25","date_gmt":"2021-09-03T21:02:25","guid":{"rendered":"https:\/\/koroglucivata.com\/?post_type=product&#038;p=20219"},"modified":"2021-09-03T21:02:28","modified_gmt":"2021-09-03T21:02:28","slug":"8003-tornavida-sehpasi-dolu","status":"publish","type":"product","link":"https:\/\/korogluhirdavat.com.tr\/?product=8003-tornavida-sehpasi-dolu","title":{"rendered":"8003 Tornavida Sehpas\u0131 (Dolu)"},"content":{"rendered":"<table border=\"0\" width=\"100%\" cellspacing=\"1\" cellpadding=\"1\">\n<tbody>\n<tr>\n<td bgcolor=\"#cccccc\"><strong>KOD<\/strong><\/td>\n<td bgcolor=\"#cccccc\"><strong>\u00d6L\u00c7\u00dc<\/strong><\/td>\n<td bgcolor=\"#cccccc\"><strong>\u0130\u00c7ER\u0130K\u00a0<\/strong><\/td>\n<td bgcolor=\"#cccccc\"><img loading=\"lazy\" decoding=\"async\" src=\"https:\/\/www.izeltas.com.tr\/izeltascomtr\/upl\/Image\/terazi_G.jpg\" alt=\"\" width=\"34\" height=\"34\" \/><\/td>\n<td bgcolor=\"#cccccc\">\u00a0<img loading=\"lazy\" decoding=\"async\" src=\"https:\/\/www.izeltas.com.tr\/izeltascomtr\/upl\/Image\/kare.jpg\" alt=\"\" width=\"34\" height=\"34\" \/><\/td>\n<\/tr>\n<tr>\n<td>8003 00 6270<\/td>\n<td>550X490X250<\/td>\n<td>3&#215;80 &#8211; 4&#215;80 &#8211; 5&#215;100 &#8211; 6&#215;125 &#8211; 7&#215;125 &#8211; 6&#215;150 &#8211; 8&#215;175 &#8211; 9&#215;200 &#8211; 11&#215;250 Kraft D\u00fcz U\u00e7lu Tornavida (5 Adet)<\/p>\n<p>3&#215;60 &#8211; 4.5&#215;80 &#8211; 6&#215;100 &#8211; 8&#215;150 &#8211; 10&#215;200 Kraft Y\u0131ld\u0131z U\u00e7lu Tornavida (5 Adet)<\/td>\n<td>14225<\/td>\n<td>\u00a070<\/td>\n<\/tr>\n<\/tbody>\n<\/table>\n","protected":false},"excerpt":{"rendered":"<p>KOD \u00d6L\u00c7\u00dc \u0130\u00c7ER\u0130K\u00a0 \u00a0 8003 00 6270 550X490X250 3&#215;80 &#8211; 4&#215;80 &#8211; 5&#215;100 &#8211; 6&#215;125 &#8211; 7&#215;125 &#8211; 6&#215;150 &#8211; 8&#215;175 &#8211; 9&#215;200 &#8211; 11&#215;250 Kraft D\u00fcz U\u00e7lu Tornavida (5 Adet) 3&#215;60 &#8211; 4.5&#215;80 &#8211; 6&#215;100 &#8211; 8&#215;150 &#8211; 10&#215;200 Kraft Y\u0131ld\u0131z U\u00e7lu Tornavida (5 Adet) 14225 \u00a070<\/p>\n","protected":false},"featured_media":18781,"comment_status":"closed","ping_status":"closed","template":"","meta":[],"product_brand":[],"product_cat":[257,269],"product_tag":[],"class_list":{"0":"post-20219","1":"product","2":"type-product","3":"status-publish","4":"has-post-thumbnail","6":"product_cat-el-aletleri","7":"product_cat-tornavidalar","9":"first","10":"instock","11":"shipping-taxable","12":"product-type-simple"},"_links":{"self":[{"href":"https:\/\/korogluhirdavat.com.tr\/index.php?rest_route=\/wp\/v2\/product\/20219","targetHints":{"allow":["GET"]}}],"collection":[{"href":"https:\/\/korogluhirdavat.com.tr\/index.php?rest_route=\/wp\/v2\/product"}],"about":[{"href":"https:\/\/korogluhirdavat.com.tr\/index.php?rest_route=\/wp\/v2\/types\/product"}],"replies":[{"embeddable":true,"href":"https:\/\/korogluhirdavat.com.tr\/index.php?rest_route=%2Fwp%2Fv2%2Fcomments&post=20219"}],"wp:featuredmedia":[{"embeddable":true,"href":"https:\/\/korogluhirdavat.com.tr\/index.php?rest_route=\/wp\/v2\/media\/18781"}],"wp:attachment":[{"href":"https:\/\/korogluhirdavat.com.tr\/index.php?rest_route=%2Fwp%2Fv2%2Fmedia&parent=20219"}],"wp:term":[{"taxonomy":"product_brand","embeddable":true,"href":"https:\/\/korogluhirdavat.com.tr\/index.php?rest_route=%2Fwp%2Fv2%2Fproduct_brand&post=20219"},{"taxonomy":"product_cat","embeddable":true,"href":"https:\/\/korogluhirdavat.com.tr\/index.php?rest_route=%2Fwp%2Fv2%2Fproduct_cat&post=20219"},{"taxonomy":"product_tag","embeddable":true,"href":"https:\/\/korogluhirdavat.com.tr\/index.php?rest_route=%2Fwp%2Fv2%2Fproduct_tag&post=20219"}],"curies":[{"name":"wp","href":"https:\/\/api.w.org\/{rel}","templated":true}]}}