{"id":20232,"date":"2021-09-03T21:02:31","date_gmt":"2021-09-03T21:02:31","guid":{"rendered":"https:\/\/koroglucivata.com\/?post_type=product&#038;p=20232"},"modified":"2021-09-03T21:02:35","modified_gmt":"2021-09-03T21:02:35","slug":"125-250-kg-elektrikli-mini-vinc","status":"publish","type":"product","link":"https:\/\/korogluhirdavat.com.tr\/?product=125-250-kg-elektrikli-mini-vinc","title":{"rendered":"125 &#8211; 250 kg Elektrikli Mini Vin\u00e7"},"content":{"rendered":"<p><strong>A\u011f\u0131rl\u0131k <\/strong>11.84 kg<\/p>\n<p><strong>\u00d6l\u00e7\u00fcler<\/strong>37 x 15 x 23 cm<\/p>\n<p><strong>Halat<\/strong>20\/10 M<\/p>\n","protected":false},"excerpt":{"rendered":"<p>A\u011f\u0131rl\u0131k 11.84 kg \u00d6l\u00e7\u00fcler37 x 15 x 23 cm Halat20\/10 M<\/p>\n","protected":false},"featured_media":18794,"comment_status":"closed","ping_status":"closed","template":"","meta":[],"product_brand":[],"product_cat":[274],"product_tag":[],"class_list":{"0":"post-20232","1":"product","2":"type-product","3":"status-publish","4":"has-post-thumbnail","6":"product_cat-vinc","8":"first","9":"instock","10":"shipping-taxable","11":"product-type-simple"},"_links":{"self":[{"href":"https:\/\/korogluhirdavat.com.tr\/index.php?rest_route=\/wp\/v2\/product\/20232","targetHints":{"allow":["GET"]}}],"collection":[{"href":"https:\/\/korogluhirdavat.com.tr\/index.php?rest_route=\/wp\/v2\/product"}],"about":[{"href":"https:\/\/korogluhirdavat.com.tr\/index.php?rest_route=\/wp\/v2\/types\/product"}],"replies":[{"embeddable":true,"href":"https:\/\/korogluhirdavat.com.tr\/index.php?rest_route=%2Fwp%2Fv2%2Fcomments&post=20232"}],"wp:featuredmedia":[{"embeddable":true,"href":"https:\/\/korogluhirdavat.com.tr\/index.php?rest_route=\/wp\/v2\/media\/18794"}],"wp:attachment":[{"href":"https:\/\/korogluhirdavat.com.tr\/index.php?rest_route=%2Fwp%2Fv2%2Fmedia&parent=20232"}],"wp:term":[{"taxonomy":"product_brand","embeddable":true,"href":"https:\/\/korogluhirdavat.com.tr\/index.php?rest_route=%2Fwp%2Fv2%2Fproduct_brand&post=20232"},{"taxonomy":"product_cat","embeddable":true,"href":"https:\/\/korogluhirdavat.com.tr\/index.php?rest_route=%2Fwp%2Fv2%2Fproduct_cat&post=20232"},{"taxonomy":"product_tag","embeddable":true,"href":"https:\/\/korogluhirdavat.com.tr\/index.php?rest_route=%2Fwp%2Fv2%2Fproduct_tag&post=20232"}],"curies":[{"name":"wp","href":"https:\/\/api.w.org\/{rel}","templated":true}]}}