{"id":20233,"date":"2021-09-03T21:02:31","date_gmt":"2021-09-03T21:02:31","guid":{"rendered":"https:\/\/koroglucivata.com\/?post_type=product&#038;p=20233"},"modified":"2021-09-03T21:02:35","modified_gmt":"2021-09-03T21:02:35","slug":"250-500-kg-elektrikli-mini-vinc","status":"publish","type":"product","link":"https:\/\/korogluhirdavat.com.tr\/?product=250-500-kg-elektrikli-mini-vinc","title":{"rendered":"250 &#8211; 500 kg Elektrikli Mini Vin\u00e7"},"content":{"rendered":"<p style=\"font-weight: 400;\">Bak\u0131r Sarg\u0131<\/p>\n<p style=\"font-weight: 400;\">Voltaj: 220 volt<\/p>\n<p style=\"font-weight: 400;\">Maksimum halat boyu 250 kg i\u00e7in: 20 mt<\/p>\n<p style=\"font-weight: 400;\">Maksimum halat boyu 500 kg i\u00e7in: 10 mt<\/p>\n<p style=\"font-weight: 400;\">A\u011f\u0131rl\u0131k:17.50 gr<\/p>\n<p style=\"font-weight: 400;\">\u00d6l\u00e7\u00fcler:41 x 15 x 24 cm<\/p>\n","protected":false},"excerpt":{"rendered":"<p>Bak\u0131r Sarg\u0131 Voltaj: 220 volt Maksimum halat boyu 250 kg i\u00e7in: 20 mt Maksimum halat boyu 500 kg i\u00e7in: 10 mt A\u011f\u0131rl\u0131k:17.50 gr \u00d6l\u00e7\u00fcler:41 x 15 x 24 cm<\/p>\n","protected":false},"featured_media":0,"comment_status":"closed","ping_status":"closed","template":"","meta":[],"product_brand":[],"product_cat":[274],"product_tag":[],"class_list":{"0":"post-20233","1":"product","2":"type-product","3":"status-publish","5":"product_cat-vinc","7":"first","8":"instock","9":"shipping-taxable","10":"product-type-simple"},"_links":{"self":[{"href":"https:\/\/korogluhirdavat.com.tr\/index.php?rest_route=\/wp\/v2\/product\/20233","targetHints":{"allow":["GET"]}}],"collection":[{"href":"https:\/\/korogluhirdavat.com.tr\/index.php?rest_route=\/wp\/v2\/product"}],"about":[{"href":"https:\/\/korogluhirdavat.com.tr\/index.php?rest_route=\/wp\/v2\/types\/product"}],"replies":[{"embeddable":true,"href":"https:\/\/korogluhirdavat.com.tr\/index.php?rest_route=%2Fwp%2Fv2%2Fcomments&post=20233"}],"wp:attachment":[{"href":"https:\/\/korogluhirdavat.com.tr\/index.php?rest_route=%2Fwp%2Fv2%2Fmedia&parent=20233"}],"wp:term":[{"taxonomy":"product_brand","embeddable":true,"href":"https:\/\/korogluhirdavat.com.tr\/index.php?rest_route=%2Fwp%2Fv2%2Fproduct_brand&post=20233"},{"taxonomy":"product_cat","embeddable":true,"href":"https:\/\/korogluhirdavat.com.tr\/index.php?rest_route=%2Fwp%2Fv2%2Fproduct_cat&post=20233"},{"taxonomy":"product_tag","embeddable":true,"href":"https:\/\/korogluhirdavat.com.tr\/index.php?rest_route=%2Fwp%2Fv2%2Fproduct_tag&post=20233"}],"curies":[{"name":"wp","href":"https:\/\/api.w.org\/{rel}","templated":true}]}}