{"id":20235,"date":"2021-09-03T21:02:31","date_gmt":"2021-09-03T21:02:31","guid":{"rendered":"https:\/\/koroglucivata.com\/?post_type=product&#038;p=20235"},"modified":"2021-09-03T21:02:35","modified_gmt":"2021-09-03T21:02:35","slug":"600-1200-kg-elektrikli-mini-vinc","status":"publish","type":"product","link":"https:\/\/korogluhirdavat.com.tr\/?product=600-1200-kg-elektrikli-mini-vinc","title":{"rendered":"600 &#8211; 1200 kg Elektrikli Mini Vin\u00e7"},"content":{"rendered":"<table border=\"0\" width=\"700\" cellspacing=\"0\" cellpadding=\"1\">\n<tbody>\n<tr>\n<td width=\"162\"><strong>A\u011f\u0131rl\u0131k<\/strong><\/td>\n<td width=\"155\">32\u00a0kg<\/td>\n<\/tr>\n<tr>\n<td><strong>\u00d6l\u00e7\u00fcler<\/strong><\/td>\n<td>56 x 25 x 35\u00a0cm<\/td>\n<\/tr>\n<tr>\n<td><strong>Halat<\/strong><\/td>\n<td>20\/10 M<\/td>\n<\/tr>\n<\/tbody>\n<\/table>\n<p>&nbsp;<\/p>\n","protected":false},"excerpt":{"rendered":"<p>A\u011f\u0131rl\u0131k 32\u00a0kg \u00d6l\u00e7\u00fcler 56 x 25 x 35\u00a0cm Halat 20\/10 M &nbsp;<\/p>\n","protected":false},"featured_media":18796,"comment_status":"closed","ping_status":"closed","template":"","meta":[],"product_brand":[],"product_cat":[274],"product_tag":[],"class_list":{"0":"post-20235","1":"product","2":"type-product","3":"status-publish","4":"has-post-thumbnail","6":"product_cat-vinc","8":"first","9":"instock","10":"shipping-taxable","11":"product-type-simple"},"_links":{"self":[{"href":"https:\/\/korogluhirdavat.com.tr\/index.php?rest_route=\/wp\/v2\/product\/20235","targetHints":{"allow":["GET"]}}],"collection":[{"href":"https:\/\/korogluhirdavat.com.tr\/index.php?rest_route=\/wp\/v2\/product"}],"about":[{"href":"https:\/\/korogluhirdavat.com.tr\/index.php?rest_route=\/wp\/v2\/types\/product"}],"replies":[{"embeddable":true,"href":"https:\/\/korogluhirdavat.com.tr\/index.php?rest_route=%2Fwp%2Fv2%2Fcomments&post=20235"}],"wp:featuredmedia":[{"embeddable":true,"href":"https:\/\/korogluhirdavat.com.tr\/index.php?rest_route=\/wp\/v2\/media\/18796"}],"wp:attachment":[{"href":"https:\/\/korogluhirdavat.com.tr\/index.php?rest_route=%2Fwp%2Fv2%2Fmedia&parent=20235"}],"wp:term":[{"taxonomy":"product_brand","embeddable":true,"href":"https:\/\/korogluhirdavat.com.tr\/index.php?rest_route=%2Fwp%2Fv2%2Fproduct_brand&post=20235"},{"taxonomy":"product_cat","embeddable":true,"href":"https:\/\/korogluhirdavat.com.tr\/index.php?rest_route=%2Fwp%2Fv2%2Fproduct_cat&post=20235"},{"taxonomy":"product_tag","embeddable":true,"href":"https:\/\/korogluhirdavat.com.tr\/index.php?rest_route=%2Fwp%2Fv2%2Fproduct_tag&post=20235"}],"curies":[{"name":"wp","href":"https:\/\/api.w.org\/{rel}","templated":true}]}}