{"id":20247,"date":"2021-09-03T21:02:33","date_gmt":"2021-09-03T21:02:33","guid":{"rendered":"https:\/\/koroglucivata.com\/?post_type=product&#038;p=20247"},"modified":"2021-09-03T21:02:36","modified_gmt":"2021-09-03T21:02:36","slug":"tungsten-elektrod","status":"publish","type":"product","link":"https:\/\/korogluhirdavat.com.tr\/?product=tungsten-elektrod","title":{"rendered":"Tungsten Elektrod"},"content":{"rendered":"<p>Karbon \u00e7eliklerinde, paslanmaz \u00e7eliklerde, nikelve titanyum ala\u015f\u0131mlar\u0131 \u00fczerinde AC ak\u0131mdager\u00e7ekle\u015ftirilen kaynak y\u00f6ntemlerinde kullan\u0131l\u0131r.<\/p>\n<p>Spesifikasyon : AWS A5.12 | EWTh &#8211; 2*<\/p>\n<p>* %2 toryum dioksit i\u00e7erir.<\/p>\n<p>&nbsp;<\/p>\n","protected":false},"excerpt":{"rendered":"<p>Karbon \u00e7eliklerinde, paslanmaz \u00e7eliklerde, nikelve titanyum ala\u015f\u0131mlar\u0131 \u00fczerinde AC ak\u0131mdager\u00e7ekle\u015ftirilen kaynak y\u00f6ntemlerinde kullan\u0131l\u0131r. Spesifikasyon : AWS A5.12 | EWTh &#8211; 2* * %2 toryum dioksit i\u00e7erir. &nbsp;<\/p>\n","protected":false},"featured_media":18837,"comment_status":"closed","ping_status":"closed","template":"","meta":[],"product_brand":[],"product_cat":[257,278],"product_tag":[],"class_list":{"0":"post-20247","1":"product","2":"type-product","3":"status-publish","4":"has-post-thumbnail","6":"product_cat-el-aletleri","7":"product_cat-kaynak-ekipmanlari","9":"first","10":"instock","11":"shipping-taxable","12":"product-type-simple"},"_links":{"self":[{"href":"https:\/\/korogluhirdavat.com.tr\/index.php?rest_route=\/wp\/v2\/product\/20247","targetHints":{"allow":["GET"]}}],"collection":[{"href":"https:\/\/korogluhirdavat.com.tr\/index.php?rest_route=\/wp\/v2\/product"}],"about":[{"href":"https:\/\/korogluhirdavat.com.tr\/index.php?rest_route=\/wp\/v2\/types\/product"}],"replies":[{"embeddable":true,"href":"https:\/\/korogluhirdavat.com.tr\/index.php?rest_route=%2Fwp%2Fv2%2Fcomments&post=20247"}],"wp:featuredmedia":[{"embeddable":true,"href":"https:\/\/korogluhirdavat.com.tr\/index.php?rest_route=\/wp\/v2\/media\/18837"}],"wp:attachment":[{"href":"https:\/\/korogluhirdavat.com.tr\/index.php?rest_route=%2Fwp%2Fv2%2Fmedia&parent=20247"}],"wp:term":[{"taxonomy":"product_brand","embeddable":true,"href":"https:\/\/korogluhirdavat.com.tr\/index.php?rest_route=%2Fwp%2Fv2%2Fproduct_brand&post=20247"},{"taxonomy":"product_cat","embeddable":true,"href":"https:\/\/korogluhirdavat.com.tr\/index.php?rest_route=%2Fwp%2Fv2%2Fproduct_cat&post=20247"},{"taxonomy":"product_tag","embeddable":true,"href":"https:\/\/korogluhirdavat.com.tr\/index.php?rest_route=%2Fwp%2Fv2%2Fproduct_tag&post=20247"}],"curies":[{"name":"wp","href":"https:\/\/api.w.org\/{rel}","templated":true}]}}