{"id":20250,"date":"2021-09-03T21:02:34","date_gmt":"2021-09-03T21:02:34","guid":{"rendered":"https:\/\/koroglucivata.com\/?post_type=product&#038;p=20250"},"modified":"2021-09-03T21:02:37","modified_gmt":"2021-09-03T21:02:37","slug":"dijital-kumpas","status":"publish","type":"product","link":"https:\/\/korogluhirdavat.com.tr\/?product=dijital-kumpas","title":{"rendered":"Dijital Kumpas"},"content":{"rendered":"<p>\u0130\u00e7 \u00e7ap, D\u0131\u015f \u00e7ap ve Derinlik \u00f6l\u00e7\u00fclebilir,<\/p>\n<p>Inch \/ Metrik ikili skalaya sahiptir,<\/p>\n<p>Karbon \u00c7elikten imal edilmi\u015ftir,<\/p>\n<p>Plastik kutuludur, yedek pil kutudad\u0131r.<\/p>\n<p>&nbsp;<\/p>\n","protected":false},"excerpt":{"rendered":"<p>\u0130\u00e7 \u00e7ap, D\u0131\u015f \u00e7ap ve Derinlik \u00f6l\u00e7\u00fclebilir, Inch \/ Metrik ikili skalaya sahiptir, Karbon \u00c7elikten imal edilmi\u015ftir, Plastik kutuludur, yedek pil kutudad\u0131r. &nbsp;<\/p>\n","protected":false},"featured_media":18840,"comment_status":"closed","ping_status":"closed","template":"","meta":[],"product_brand":[],"product_cat":[280],"product_tag":[],"class_list":{"0":"post-20250","1":"product","2":"type-product","3":"status-publish","4":"has-post-thumbnail","6":"product_cat-dijital-olcum-aletleri","8":"first","9":"instock","10":"shipping-taxable","11":"product-type-simple"},"_links":{"self":[{"href":"https:\/\/korogluhirdavat.com.tr\/index.php?rest_route=\/wp\/v2\/product\/20250","targetHints":{"allow":["GET"]}}],"collection":[{"href":"https:\/\/korogluhirdavat.com.tr\/index.php?rest_route=\/wp\/v2\/product"}],"about":[{"href":"https:\/\/korogluhirdavat.com.tr\/index.php?rest_route=\/wp\/v2\/types\/product"}],"replies":[{"embeddable":true,"href":"https:\/\/korogluhirdavat.com.tr\/index.php?rest_route=%2Fwp%2Fv2%2Fcomments&post=20250"}],"wp:featuredmedia":[{"embeddable":true,"href":"https:\/\/korogluhirdavat.com.tr\/index.php?rest_route=\/wp\/v2\/media\/18840"}],"wp:attachment":[{"href":"https:\/\/korogluhirdavat.com.tr\/index.php?rest_route=%2Fwp%2Fv2%2Fmedia&parent=20250"}],"wp:term":[{"taxonomy":"product_brand","embeddable":true,"href":"https:\/\/korogluhirdavat.com.tr\/index.php?rest_route=%2Fwp%2Fv2%2Fproduct_brand&post=20250"},{"taxonomy":"product_cat","embeddable":true,"href":"https:\/\/korogluhirdavat.com.tr\/index.php?rest_route=%2Fwp%2Fv2%2Fproduct_cat&post=20250"},{"taxonomy":"product_tag","embeddable":true,"href":"https:\/\/korogluhirdavat.com.tr\/index.php?rest_route=%2Fwp%2Fv2%2Fproduct_tag&post=20250"}],"curies":[{"name":"wp","href":"https:\/\/api.w.org\/{rel}","templated":true}]}}