{"id":20260,"date":"2021-09-03T21:02:38","date_gmt":"2021-09-03T21:02:38","guid":{"rendered":"https:\/\/koroglucivata.com\/?post_type=product&#038;p=20260"},"modified":"2021-09-03T21:02:41","modified_gmt":"2021-09-03T21:02:41","slug":"188-kalite","status":"publish","type":"product","link":"https:\/\/korogluhirdavat.com.tr\/?product=188-kalite","title":{"rendered":"188 Kalite"},"content":{"rendered":"<div class=\"product-description\">\n<p>Dayan\u0131kl\u0131 lateks mesneti ile hem dayan\u0131kl\u0131d\u0131r hem de farkl\u0131 y\u00fczeylere kolayl\u0131kla uyum sa\u011flar. Hem \u0131slak hem kuru kullan\u0131labilen \u00f6zel bir \u00fcr\u00fcnd\u00fcr.<\/p>\n<\/div>\n<div class=\"row\">\n<div class=\"col-md-6 product-features\">\n<h2 class=\"title\">Teknik \u00d6zellikler<\/h2>\n<div class=\"content\">\n<ul>\n<li>Silikon karbit<\/li>\n<li>Kapal\u0131 kumlama<\/li>\n<li>Suya dayan\u0131kl\u0131 lateks ka\u011f\u0131t mesnet<\/li>\n<li>Yap\u0131\u015ft\u0131rma: Re\u00e7ine \u00fczerine re\u00e7ine<\/li>\n<\/ul>\n<\/div>\n<\/div>\n<div class=\"col-md-6 product-benefits\">\n<h2 class=\"title\">Avantajlar<\/h2>\n<div class=\"content\">\n<ul>\n<li>Hem \u0131slak hem kuru kullan\u0131ma uygun<\/li>\n<li>Dayan\u0131kl\u0131 ka\u011f\u0131t mesnet<\/li>\n<li>Y\u00fcksek performansl\u0131<br \/>\nGirinti ve \u00e7\u0131k\u0131nt\u0131lara uyum sa\u011flayabilen lateksli esnek yap\u0131<\/li>\n<\/ul>\n<\/div>\n<\/div>\n<\/div>\n<div class=\"row\">\n<div class=\"col-md-6 product-markets\">\n<h2 class=\"title\">Pazarlar &amp; Malzemeler<\/h2>\n<div class=\"content\">\n<ul>\n<li>Otomotiv<\/li>\n<li>Ah\u015fap<\/li>\n<li>Mermer<\/li>\n<li>Metal<\/li>\n<\/ul>\n<\/div>\n<\/div>\n<div class=\"col-md-6 product-applications\">\n<h2 class=\"title\">Uygulama<\/h2>\n<div class=\"content\">\n<ul>\n<li>El ve makine kullan\u0131m\u0131na uygundur<\/li>\n<\/ul>\n<\/div>\n<\/div>\n<\/div>\n<div class=\"specification-table\">\n<h2 class=\"title\">\u00dcr\u00fcn Tablosu<\/h2>\n<div class=\"content\">\n<div class=\"table-responsive\">\n<table class=\"table table-condensed table-striped\">\n<thead>\n<tr>\n<th>Koli \/ Adet<\/th>\n<th colspan=\"1\" rowspan=\"1\">Kum<\/th>\n<\/tr>\n<\/thead>\n<tbody>\n<tr>\n<td>250<\/td>\n<td>60<\/td>\n<\/tr>\n<tr>\n<td>250<\/td>\n<td>80<\/td>\n<\/tr>\n<tr>\n<td>250<\/td>\n<td>100<\/td>\n<\/tr>\n<tr>\n<td>250<\/td>\n<td>120<\/td>\n<\/tr>\n<tr>\n<td>500<\/td>\n<td>150<\/td>\n<\/tr>\n<tr>\n<td>500<\/td>\n<td>180<\/td>\n<\/tr>\n<tr>\n<td>500<\/td>\n<td>220-240-280-320-360-400-500-600<\/td>\n<\/tr>\n<tr>\n<td>500<\/td>\n<td>800-1000-1200<\/td>\n<\/tr>\n<tr>\n<td>500<\/td>\n<td>1500<\/td>\n<\/tr>\n<tr>\n<td>500<\/td>\n<td>2000<\/td>\n<\/tr>\n<\/tbody>\n<\/table>\n<\/div>\n<\/div>\n<\/div>\n","protected":false},"excerpt":{"rendered":"<p>Dayan\u0131kl\u0131 lateks mesneti ile hem dayan\u0131kl\u0131d\u0131r hem de farkl\u0131 y\u00fczeylere kolayl\u0131kla uyum sa\u011flar. Hem \u0131slak hem kuru kullan\u0131labilen \u00f6zel bir \u00fcr\u00fcnd\u00fcr. Teknik \u00d6zellikler Silikon karbit Kapal\u0131 kumlama Suya dayan\u0131kl\u0131 lateks ka\u011f\u0131t mesnet Yap\u0131\u015ft\u0131rma: Re\u00e7ine \u00fczerine re\u00e7ine Avantajlar Hem \u0131slak hem kuru kullan\u0131ma uygun Dayan\u0131kl\u0131 ka\u011f\u0131t mesnet Y\u00fcksek performansl\u0131 Girinti ve \u00e7\u0131k\u0131nt\u0131lara uyum sa\u011flayabilen lateksli esnek [&hellip;]<\/p>\n","protected":false},"featured_media":18850,"comment_status":"closed","ping_status":"closed","template":"","meta":[],"product_brand":[],"product_cat":[245,288],"product_tag":[],"class_list":{"0":"post-20260","1":"product","2":"type-product","3":"status-publish","4":"has-post-thumbnail","6":"product_cat-elektrikli-el-aletleri","7":"product_cat-zimparalar","9":"first","10":"instock","11":"shipping-taxable","12":"product-type-simple"},"_links":{"self":[{"href":"https:\/\/korogluhirdavat.com.tr\/index.php?rest_route=\/wp\/v2\/product\/20260","targetHints":{"allow":["GET"]}}],"collection":[{"href":"https:\/\/korogluhirdavat.com.tr\/index.php?rest_route=\/wp\/v2\/product"}],"about":[{"href":"https:\/\/korogluhirdavat.com.tr\/index.php?rest_route=\/wp\/v2\/types\/product"}],"replies":[{"embeddable":true,"href":"https:\/\/korogluhirdavat.com.tr\/index.php?rest_route=%2Fwp%2Fv2%2Fcomments&post=20260"}],"wp:featuredmedia":[{"embeddable":true,"href":"https:\/\/korogluhirdavat.com.tr\/index.php?rest_route=\/wp\/v2\/media\/18850"}],"wp:attachment":[{"href":"https:\/\/korogluhirdavat.com.tr\/index.php?rest_route=%2Fwp%2Fv2%2Fmedia&parent=20260"}],"wp:term":[{"taxonomy":"product_brand","embeddable":true,"href":"https:\/\/korogluhirdavat.com.tr\/index.php?rest_route=%2Fwp%2Fv2%2Fproduct_brand&post=20260"},{"taxonomy":"product_cat","embeddable":true,"href":"https:\/\/korogluhirdavat.com.tr\/index.php?rest_route=%2Fwp%2Fv2%2Fproduct_cat&post=20260"},{"taxonomy":"product_tag","embeddable":true,"href":"https:\/\/korogluhirdavat.com.tr\/index.php?rest_route=%2Fwp%2Fv2%2Fproduct_tag&post=20260"}],"curies":[{"name":"wp","href":"https:\/\/api.w.org\/{rel}","templated":true}]}}