{"id":20261,"date":"2021-09-03T21:02:38","date_gmt":"2021-09-03T21:02:38","guid":{"rendered":"https:\/\/koroglucivata.com\/?post_type=product&#038;p=20261"},"modified":"2021-09-03T21:02:41","modified_gmt":"2021-09-03T21:02:41","slug":"gt-888-kalite-kirmizi","status":"publish","type":"product","link":"https:\/\/korogluhirdavat.com.tr\/?product=gt-888-kalite-kirmizi","title":{"rendered":"GT 888 Kalite (K\u0131rm\u0131z\u0131)"},"content":{"rendered":"<div class=\"product-description\">\n<p>Green Tiger su z\u0131mparas\u0131 hem \u0131slak hem kuru kullan\u0131ma uygundur. Girintiler ve \u00e7\u0131k\u0131nt\u0131lar \u00fczerindeki p\u00fcr\u00fczleri gidermeyi sa\u011flayan esnek bir yap\u0131s\u0131 vard\u0131r.<\/p>\n<\/div>\n<div class=\"row\">\n<div class=\"col-md-6 product-features\">\n<h2 class=\"title\">Teknik \u00d6zellikler<\/h2>\n<div class=\"content\">\n<ul>\n<li>Al\u00fcminyum oksit<\/li>\n<li>Kapal\u0131 kumlama<\/li>\n<li>Lateksli ka\u011f\u0131t mesnet<\/li>\n<li>Yap\u0131\u015ft\u0131rma: Re\u00e7ine \u00fczerine re\u00e7ine<\/li>\n<\/ul>\n<\/div>\n<\/div>\n<div class=\"col-md-6 product-benefits\">\n<h2 class=\"title\">Avantajlar<\/h2>\n<div class=\"content\">\n<ul>\n<li>Hem \u0131slak hem kuru kullan\u0131ma uygun<\/li>\n<li>\u00c7ok ama\u00e7l\u0131<\/li>\n<li>Girinti ve \u00e7\u0131k\u0131nt\u0131lar\u0131 kolayca z\u0131mparalamay\u0131 sa\u011flayan esnek yap\u0131<\/li>\n<li>Dayan\u0131kl\u0131 ka\u011f\u0131t mesnet<\/li>\n<\/ul>\n<\/div>\n<\/div>\n<\/div>\n<div class=\"row\">\n<div class=\"col-md-6 product-markets\">\n<h2 class=\"title\">Pazarlar &amp; Malzemeler<\/h2>\n<div class=\"content\">\n<ul>\n<li>Ah\u015fap<\/li>\n<li>Metal<\/li>\n<li>Otomotiv<\/li>\n<\/ul>\n<\/div>\n<\/div>\n<\/div>\n<table class=\"table table-bordered\">\n<tbody>\n<tr>\n<td>\u00d6l\u00e7\u00fcler<\/td>\n<td>Kum<\/td>\n<td>Adet\/Koli<\/td>\n<td>Fiyat (TL\/Adet)<\/td>\n<\/tr>\n<tr>\n<td>230&#215;280<\/td>\n<td>P60<\/td>\n<td>250<\/td>\n<td><\/td>\n<\/tr>\n<tr>\n<td>230&#215;280<\/td>\n<td>P80<\/td>\n<td>250<\/td>\n<td><\/td>\n<\/tr>\n<tr>\n<td>230&#215;280<\/td>\n<td>P100<\/td>\n<td>250<\/td>\n<td><\/td>\n<\/tr>\n<tr>\n<td>230&#215;280<\/td>\n<td>P120<\/td>\n<td>250<\/td>\n<td><\/td>\n<\/tr>\n<tr>\n<td>230&#215;280<\/td>\n<td>P150<\/td>\n<td>500<\/td>\n<td><\/td>\n<\/tr>\n<tr>\n<td>230&#215;280<\/td>\n<td>P180<\/td>\n<td>500<\/td>\n<td><\/td>\n<\/tr>\n<tr>\n<td>230&#215;280<\/td>\n<td>P220<\/td>\n<td>500<\/td>\n<td><\/td>\n<\/tr>\n<tr>\n<td>230&#215;280<\/td>\n<td>P240<\/td>\n<td>500<\/td>\n<td><\/td>\n<\/tr>\n<tr>\n<td>230&#215;280<\/td>\n<td>P280<\/td>\n<td>500<\/td>\n<td><\/td>\n<\/tr>\n<tr>\n<td>230&#215;280<\/td>\n<td>P320<\/td>\n<td>500<\/td>\n<td><\/td>\n<\/tr>\n<tr>\n<td>230&#215;280<\/td>\n<td>P360<\/td>\n<td>500<\/td>\n<td><\/td>\n<\/tr>\n<tr>\n<td>230&#215;280<\/td>\n<td>P400<\/td>\n<td>500<\/td>\n<td><\/td>\n<\/tr>\n<tr>\n<td>230&#215;280<\/td>\n<td>P500<\/td>\n<td>500<\/td>\n<td><\/td>\n<\/tr>\n<tr>\n<td>230&#215;280<\/td>\n<td>P600<\/td>\n<td>500<\/td>\n<td><\/td>\n<\/tr>\n<tr>\n<td>230&#215;280<\/td>\n<td>P800<\/td>\n<td>500<\/td>\n<td><\/td>\n<\/tr>\n<tr>\n<td>230&#215;280<\/td>\n<td>P1000<\/td>\n<td>500<\/td>\n<td><\/td>\n<\/tr>\n<tr>\n<td>230&#215;280<\/td>\n<td>P1200<\/td>\n<td>500<\/td>\n<td><\/td>\n<\/tr>\n<tr>\n<td>230&#215;280<\/td>\n<td>P1500<\/td>\n<td>500<\/td>\n<td><\/td>\n<\/tr>\n<tr>\n<td>230&#215;280<\/td>\n<td>P2000<\/td>\n<td>500<\/td>\n<td><\/td>\n<\/tr>\n<\/tbody>\n<\/table>\n","protected":false},"excerpt":{"rendered":"<p>Green Tiger su z\u0131mparas\u0131 hem \u0131slak hem kuru kullan\u0131ma uygundur. Girintiler ve \u00e7\u0131k\u0131nt\u0131lar \u00fczerindeki p\u00fcr\u00fczleri gidermeyi sa\u011flayan esnek bir yap\u0131s\u0131 vard\u0131r. Teknik \u00d6zellikler Al\u00fcminyum oksit Kapal\u0131 kumlama Lateksli ka\u011f\u0131t mesnet Yap\u0131\u015ft\u0131rma: Re\u00e7ine \u00fczerine re\u00e7ine Avantajlar Hem \u0131slak hem kuru kullan\u0131ma uygun \u00c7ok ama\u00e7l\u0131 Girinti ve \u00e7\u0131k\u0131nt\u0131lar\u0131 kolayca z\u0131mparalamay\u0131 sa\u011flayan esnek yap\u0131 Dayan\u0131kl\u0131 ka\u011f\u0131t mesnet Pazarlar [&hellip;]<\/p>\n","protected":false},"featured_media":18851,"comment_status":"closed","ping_status":"closed","template":"","meta":[],"product_brand":[],"product_cat":[245,288],"product_tag":[],"class_list":{"0":"post-20261","1":"product","2":"type-product","3":"status-publish","4":"has-post-thumbnail","6":"product_cat-elektrikli-el-aletleri","7":"product_cat-zimparalar","9":"first","10":"instock","11":"shipping-taxable","12":"product-type-simple"},"_links":{"self":[{"href":"https:\/\/korogluhirdavat.com.tr\/index.php?rest_route=\/wp\/v2\/product\/20261","targetHints":{"allow":["GET"]}}],"collection":[{"href":"https:\/\/korogluhirdavat.com.tr\/index.php?rest_route=\/wp\/v2\/product"}],"about":[{"href":"https:\/\/korogluhirdavat.com.tr\/index.php?rest_route=\/wp\/v2\/types\/product"}],"replies":[{"embeddable":true,"href":"https:\/\/korogluhirdavat.com.tr\/index.php?rest_route=%2Fwp%2Fv2%2Fcomments&post=20261"}],"wp:featuredmedia":[{"embeddable":true,"href":"https:\/\/korogluhirdavat.com.tr\/index.php?rest_route=\/wp\/v2\/media\/18851"}],"wp:attachment":[{"href":"https:\/\/korogluhirdavat.com.tr\/index.php?rest_route=%2Fwp%2Fv2%2Fmedia&parent=20261"}],"wp:term":[{"taxonomy":"product_brand","embeddable":true,"href":"https:\/\/korogluhirdavat.com.tr\/index.php?rest_route=%2Fwp%2Fv2%2Fproduct_brand&post=20261"},{"taxonomy":"product_cat","embeddable":true,"href":"https:\/\/korogluhirdavat.com.tr\/index.php?rest_route=%2Fwp%2Fv2%2Fproduct_cat&post=20261"},{"taxonomy":"product_tag","embeddable":true,"href":"https:\/\/korogluhirdavat.com.tr\/index.php?rest_route=%2Fwp%2Fv2%2Fproduct_tag&post=20261"}],"curies":[{"name":"wp","href":"https:\/\/api.w.org\/{rel}","templated":true}]}}