{"id":20265,"date":"2021-09-03T21:02:38","date_gmt":"2021-09-03T21:02:38","guid":{"rendered":"https:\/\/koroglucivata.com\/?post_type=product&#038;p=20265"},"modified":"2021-09-03T21:02:41","modified_gmt":"2021-09-03T21:02:41","slug":"4-tarafli-sunger-zimpara","status":"publish","type":"product","link":"https:\/\/korogluhirdavat.com.tr\/?product=4-tarafli-sunger-zimpara","title":{"rendered":"4 Tarafl\u0131 S\u00fcnger Z\u0131mpara"},"content":{"rendered":"<div class=\"product-description\">\n<p>S\u00fcnger z\u0131mparalar silikon karbit a\u015f\u0131nd\u0131r\u0131c\u0131s\u0131 sayesinde uzun \u00f6m\u00fcrl\u00fcd\u00fcr ve su le y\u0131kan\u0131p bir\u00e7ok kez kullan\u0131labilir.<\/p>\n<\/div>\n<div class=\"row\">\n<div class=\"col-md-6 product-features\">\n<h2 class=\"title\">Teknik \u00d6zellikler<\/h2>\n<div class=\"content\">\n<ul>\n<li>Silikon karbit a\u015f\u0131nd\u0131r\u0131c\u0131 tanecikli<\/li>\n<li>Esnek s\u00fcnger yap\u0131s\u0131<\/li>\n<\/ul>\n<\/div>\n<\/div>\n<div class=\"col-md-6 product-benefits\">\n<h2 class=\"title\">Avantajlar<\/h2>\n<div class=\"content\">\n<ul>\n<li>Uzun s\u00fcreli kullan\u0131m<\/li>\n<li>4 tarafl\u0131 a\u015f\u0131nd\u0131r\u0131c\u0131<\/li>\n<li>Avu\u00e7 i\u00e7ine uygunlu\u011fu ile girinti &amp; \u00e7\u0131k\u0131nt\u0131larda m\u00fckemmel sonu\u00e7<\/li>\n<\/ul>\n<\/div>\n<\/div>\n<\/div>\n<div class=\"row\">\n<div class=\"col-md-6 product-markets\">\n<h2 class=\"title\">Pazarlar &amp; Malzemeler<\/h2>\n<div class=\"content\">\n<ul>\n<li>Metal<\/li>\n<li>Ah\u015fap<\/li>\n<li>Plastik<\/li>\n<\/ul>\n<\/div>\n<\/div>\n<div class=\"col-md-6 product-applications\">\n<h2 class=\"title\">Uygulama<\/h2>\n<div class=\"content\">\n<ul>\n<li>Kullan\u0131ld\u0131\u011f\u0131 pazarlar\u0131n yan\u0131 s\u0131ra s\u0131va ve fiberglass malzemelerin z\u0131mparalanmas\u0131 i\u00e7in tercih edilir<\/li>\n<li>Su ile y\u0131kan\u0131p bir\u00e7ok kez kullan\u0131labilir<\/li>\n<\/ul>\n<\/div>\n<\/div>\n<\/div>\n<div class=\"specification-table\">\n<div class=\"content\">\n<div class=\"table-responsive\"><\/div>\n<\/div>\n<\/div>\n","protected":false},"excerpt":{"rendered":"<p>S\u00fcnger z\u0131mparalar silikon karbit a\u015f\u0131nd\u0131r\u0131c\u0131s\u0131 sayesinde uzun \u00f6m\u00fcrl\u00fcd\u00fcr ve su le y\u0131kan\u0131p bir\u00e7ok kez kullan\u0131labilir. Teknik \u00d6zellikler Silikon karbit a\u015f\u0131nd\u0131r\u0131c\u0131 tanecikli Esnek s\u00fcnger yap\u0131s\u0131 Avantajlar Uzun s\u00fcreli kullan\u0131m 4 tarafl\u0131 a\u015f\u0131nd\u0131r\u0131c\u0131 Avu\u00e7 i\u00e7ine uygunlu\u011fu ile girinti &amp; \u00e7\u0131k\u0131nt\u0131larda m\u00fckemmel sonu\u00e7 Pazarlar &amp; Malzemeler Metal Ah\u015fap Plastik Uygulama Kullan\u0131ld\u0131\u011f\u0131 pazarlar\u0131n yan\u0131 s\u0131ra s\u0131va ve fiberglass malzemelerin [&hellip;]<\/p>\n","protected":false},"featured_media":18856,"comment_status":"closed","ping_status":"closed","template":"","meta":[],"product_brand":[],"product_cat":[245,288],"product_tag":[],"class_list":{"0":"post-20265","1":"product","2":"type-product","3":"status-publish","4":"has-post-thumbnail","6":"product_cat-elektrikli-el-aletleri","7":"product_cat-zimparalar","9":"first","10":"instock","11":"shipping-taxable","12":"product-type-simple"},"_links":{"self":[{"href":"https:\/\/korogluhirdavat.com.tr\/index.php?rest_route=\/wp\/v2\/product\/20265","targetHints":{"allow":["GET"]}}],"collection":[{"href":"https:\/\/korogluhirdavat.com.tr\/index.php?rest_route=\/wp\/v2\/product"}],"about":[{"href":"https:\/\/korogluhirdavat.com.tr\/index.php?rest_route=\/wp\/v2\/types\/product"}],"replies":[{"embeddable":true,"href":"https:\/\/korogluhirdavat.com.tr\/index.php?rest_route=%2Fwp%2Fv2%2Fcomments&post=20265"}],"wp:featuredmedia":[{"embeddable":true,"href":"https:\/\/korogluhirdavat.com.tr\/index.php?rest_route=\/wp\/v2\/media\/18856"}],"wp:attachment":[{"href":"https:\/\/korogluhirdavat.com.tr\/index.php?rest_route=%2Fwp%2Fv2%2Fmedia&parent=20265"}],"wp:term":[{"taxonomy":"product_brand","embeddable":true,"href":"https:\/\/korogluhirdavat.com.tr\/index.php?rest_route=%2Fwp%2Fv2%2Fproduct_brand&post=20265"},{"taxonomy":"product_cat","embeddable":true,"href":"https:\/\/korogluhirdavat.com.tr\/index.php?rest_route=%2Fwp%2Fv2%2Fproduct_cat&post=20265"},{"taxonomy":"product_tag","embeddable":true,"href":"https:\/\/korogluhirdavat.com.tr\/index.php?rest_route=%2Fwp%2Fv2%2Fproduct_tag&post=20265"}],"curies":[{"name":"wp","href":"https:\/\/api.w.org\/{rel}","templated":true}]}}