{"id":20289,"date":"2021-09-03T21:02:40","date_gmt":"2021-09-03T21:02:40","guid":{"rendered":"https:\/\/koroglucivata.com\/?post_type=product&#038;p=20289"},"modified":"2021-09-03T21:02:44","modified_gmt":"2021-09-03T21:02:44","slug":"poliuretan-mastik-extra-profosyenel-280-ml","status":"publish","type":"product","link":"https:\/\/korogluhirdavat.com.tr\/?product=poliuretan-mastik-extra-profosyenel-280-ml","title":{"rendered":"Poli\u00fcretan Mastik Extra Profosyenel 280 Ml"},"content":{"rendered":"<ul>\n<li><span style=\"font-family: Comic Sans MS;\">Tek komponentli, hava nemi ile k\u00fcrle\u015fen, poli\u00fcretan esasl\u0131 bir s\u0131zd\u0131rmazl\u0131k malzemesidir.<\/span><\/li>\n<li><span style=\"font-family: Comic Sans MS;\">\u00a0\u00a0Tek bile\u015fenlidir.<\/span><\/li>\n<li><span style=\"font-family: Comic Sans MS;\">\u00a0\u00a0Tabanca ile kolay uygulan\u0131r.<\/span><\/li>\n<li><span style=\"font-family: Comic Sans MS;\">\u00a0\u00a0Boyanabilir, hi\u00e7bir hacim de\u011fi\u015fikli\u011fine u\u011framaz.<\/span><\/li>\n<li><span style=\"font-family: Comic Sans MS;\">\u00a0\u00a0Hava \u015fartlar\u0131na ve suya dayan\u0131kl\u0131d\u0131r.<\/span><\/li>\n<li><span style=\"font-family: Comic Sans MS;\">\u00a0\u00a0Daimi elastikiyetini korur.<\/span><\/li>\n<li><span style=\"font-family: Comic Sans MS;\">\u00a0\u00a0\u00dcst\u00fcn yap\u0131\u015fma sa\u011flar.<\/span><\/li>\n<li><span style=\"font-family: Comic Sans MS;\">\u00a0\u00a0Korozyonu \u00f6nler.<br \/>\n<\/span><\/li>\n<li><span style=\"font-family: Comic Sans MS;\">Esneme ve sarkma yap\u0131p hacim kaybetmez.<\/span><\/li>\n<li><span style=\"font-family: Comic Sans MS;\">\u00a0\u00a0Boyal\u0131 y\u00fczeylere \u00e7ok iyi yap\u0131\u015f\u0131r, s\u0131cak ve so\u011fu\u011fa dayan\u0131kl\u0131d\u0131r.<\/span><\/li>\n<\/ul>\n<ul>\n<li><u><span style=\"font-family: Comic Sans MS;\">Uygulama alanlar\u0131<\/span><\/u><\/li>\n<li><span style=\"font-family: Comic Sans MS;\">\u00a0Otomotiv, tekne i\u00e7inde ve d\u0131\u015f\u0131nda \u00e7ok geni\u015f bir uygulama yelpazesi bulunan dayson otomastik, su alt\u0131 ve su \u00fcst\u00fcnde \u0131rgat, ko\u00e7boynuzu, kurta\u011fz\u0131 gibi g\u00fcverte elemanlar\u0131 montaj\u0131nda, borda \u00e7\u0131k\u0131\u015f\u0131, yak\u0131t ve su dolum a\u011f\u0131zlar\u0131 montaj\u0131nda, tekne i\u00e7inde mobilya ek yerlerinde, tuvalet, lavabo montaj\u0131nda, s\u0131zd\u0131rmazl\u0131k amac\u0131yla kullan\u0131l\u0131r.<br \/>\n<\/span><\/li>\n<li><span style=\"font-family: Comic Sans MS;\">\u00a0Ayr\u0131ca motorlu ta\u015f\u0131tlar\u0131n karoserinde yap\u0131\u015ft\u0131rma izolasyonla beraber pas yapmay\u0131 \u00f6nler.<br \/>\nBu y\u00fczden a\u015fa\u011f\u0131daki uygulamalarda \u00e7ok y\u00fcksek verim sa\u011flan\u0131r.<br \/>\nKaporta ek yerleri sa\u00e7lar\u0131n birle\u015fim yerleri ara\u00e7lardaki t\u00fcm metal ve plastik par\u00e7alar\u0131n yap\u0131\u015ft\u0131rmas\u0131n da \u00e7ok y\u00fcksek verim al\u0131n\u0131r.<\/span><\/li>\n<li><span style=\"font-family: Comic Sans MS;\">\u00a0Astars\u0131z g\u00fc\u00e7l\u00fc yap\u0131\u015fkan \u00f6zelli\u011fini otomotiv,in\u015faat sekt\u00f6r\u00fc malzemesinde g\u00f6sterir, cam, anod al\u00fcminyum, ah\u015fap, metal, polyester, beton.<br \/>\n<\/span><\/li>\n<li><span style=\"font-family: Comic Sans MS;\">\u00a0<\/span>\u00a0\u00a0<span style=\"font-family: Comic Sans MS;\">Dayson pu mastik, \u00e7e\u015fitli end\u00fcstrilerde birle\u015ftirme ve yap\u0131\u015ft\u0131rma ama\u00e7l\u0131 kullan\u0131l\u0131r.<\/span><\/li>\n<\/ul>\n","protected":false},"excerpt":{"rendered":"<p>Tek komponentli, hava nemi ile k\u00fcrle\u015fen, poli\u00fcretan esasl\u0131 bir s\u0131zd\u0131rmazl\u0131k malzemesidir. \u00a0\u00a0Tek bile\u015fenlidir. \u00a0\u00a0Tabanca ile kolay uygulan\u0131r. \u00a0\u00a0Boyanabilir, hi\u00e7bir hacim de\u011fi\u015fikli\u011fine u\u011framaz. \u00a0\u00a0Hava \u015fartlar\u0131na ve suya dayan\u0131kl\u0131d\u0131r. \u00a0\u00a0Daimi elastikiyetini korur. \u00a0\u00a0\u00dcst\u00fcn yap\u0131\u015fma sa\u011flar. \u00a0\u00a0Korozyonu \u00f6nler. Esneme ve sarkma yap\u0131p hacim kaybetmez. \u00a0\u00a0Boyal\u0131 y\u00fczeylere \u00e7ok iyi yap\u0131\u015f\u0131r, s\u0131cak ve so\u011fu\u011fa dayan\u0131kl\u0131d\u0131r. Uygulama alanlar\u0131 \u00a0Otomotiv, tekne i\u00e7inde [&hellip;]<\/p>\n","protected":false},"featured_media":18898,"comment_status":"closed","ping_status":"closed","template":"","meta":[],"product_brand":[],"product_cat":[284,285],"product_tag":[],"class_list":{"0":"post-20289","1":"product","2":"type-product","3":"status-publish","4":"has-post-thumbnail","6":"product_cat-yapistirici-ve-kimyasallar","7":"product_cat-yapistirici-ve-kimyasallar-yapistirici-ve-kimyasallar","9":"first","10":"instock","11":"shipping-taxable","12":"product-type-simple"},"_links":{"self":[{"href":"https:\/\/korogluhirdavat.com.tr\/index.php?rest_route=\/wp\/v2\/product\/20289","targetHints":{"allow":["GET"]}}],"collection":[{"href":"https:\/\/korogluhirdavat.com.tr\/index.php?rest_route=\/wp\/v2\/product"}],"about":[{"href":"https:\/\/korogluhirdavat.com.tr\/index.php?rest_route=\/wp\/v2\/types\/product"}],"replies":[{"embeddable":true,"href":"https:\/\/korogluhirdavat.com.tr\/index.php?rest_route=%2Fwp%2Fv2%2Fcomments&post=20289"}],"wp:featuredmedia":[{"embeddable":true,"href":"https:\/\/korogluhirdavat.com.tr\/index.php?rest_route=\/wp\/v2\/media\/18898"}],"wp:attachment":[{"href":"https:\/\/korogluhirdavat.com.tr\/index.php?rest_route=%2Fwp%2Fv2%2Fmedia&parent=20289"}],"wp:term":[{"taxonomy":"product_brand","embeddable":true,"href":"https:\/\/korogluhirdavat.com.tr\/index.php?rest_route=%2Fwp%2Fv2%2Fproduct_brand&post=20289"},{"taxonomy":"product_cat","embeddable":true,"href":"https:\/\/korogluhirdavat.com.tr\/index.php?rest_route=%2Fwp%2Fv2%2Fproduct_cat&post=20289"},{"taxonomy":"product_tag","embeddable":true,"href":"https:\/\/korogluhirdavat.com.tr\/index.php?rest_route=%2Fwp%2Fv2%2Fproduct_tag&post=20289"}],"curies":[{"name":"wp","href":"https:\/\/api.w.org\/{rel}","templated":true}]}}