{"id":20298,"date":"2021-09-03T21:02:45","date_gmt":"2021-09-03T21:02:45","guid":{"rendered":"https:\/\/koroglucivata.com\/?post_type=product&#038;p=20298"},"modified":"2021-09-03T21:02:48","modified_gmt":"2021-09-03T21:02:48","slug":"cift-yonlu-iskence-temper-dokum","status":"publish","type":"product","link":"https:\/\/korogluhirdavat.com.tr\/?product=cift-yonlu-iskence-temper-dokum","title":{"rendered":"\u00c7ift Y\u00f6nl\u00fc \u0130\u015fkence Temper D\u00f6k\u00fcm"},"content":{"rendered":"<ul>\n<li>Temper d\u00f6k\u00fcm \u00e7eneler<\/li>\n<li>7000 N Maksimum s\u0131kma kuvveti<\/li>\n<li>Standart t\u0131rt\u0131kl\u0131 lama ile kayd\u0131rmazl\u0131k<\/li>\n<li>Ergonomik a\u011fa\u00e7 sap<\/li>\n<li>Dayan\u0131kl\u0131 ve uzun \u00f6m\u00fcrl\u00fc<\/li>\n<\/ul>\n","protected":false},"excerpt":{"rendered":"<p>Temper d\u00f6k\u00fcm \u00e7eneler 7000 N Maksimum s\u0131kma kuvveti Standart t\u0131rt\u0131kl\u0131 lama ile kayd\u0131rmazl\u0131k Ergonomik a\u011fa\u00e7 sap Dayan\u0131kl\u0131 ve uzun \u00f6m\u00fcrl\u00fc<\/p>\n","protected":false},"featured_media":18931,"comment_status":"closed","ping_status":"closed","template":"","meta":[],"product_brand":[],"product_cat":[257,291],"product_tag":[],"class_list":{"0":"post-20298","1":"product","2":"type-product","3":"status-publish","4":"has-post-thumbnail","6":"product_cat-el-aletleri","7":"product_cat-mengene-ve-iskenceler","9":"first","10":"instock","11":"shipping-taxable","12":"product-type-simple"},"_links":{"self":[{"href":"https:\/\/korogluhirdavat.com.tr\/index.php?rest_route=\/wp\/v2\/product\/20298","targetHints":{"allow":["GET"]}}],"collection":[{"href":"https:\/\/korogluhirdavat.com.tr\/index.php?rest_route=\/wp\/v2\/product"}],"about":[{"href":"https:\/\/korogluhirdavat.com.tr\/index.php?rest_route=\/wp\/v2\/types\/product"}],"replies":[{"embeddable":true,"href":"https:\/\/korogluhirdavat.com.tr\/index.php?rest_route=%2Fwp%2Fv2%2Fcomments&post=20298"}],"wp:featuredmedia":[{"embeddable":true,"href":"https:\/\/korogluhirdavat.com.tr\/index.php?rest_route=\/wp\/v2\/media\/18931"}],"wp:attachment":[{"href":"https:\/\/korogluhirdavat.com.tr\/index.php?rest_route=%2Fwp%2Fv2%2Fmedia&parent=20298"}],"wp:term":[{"taxonomy":"product_brand","embeddable":true,"href":"https:\/\/korogluhirdavat.com.tr\/index.php?rest_route=%2Fwp%2Fv2%2Fproduct_brand&post=20298"},{"taxonomy":"product_cat","embeddable":true,"href":"https:\/\/korogluhirdavat.com.tr\/index.php?rest_route=%2Fwp%2Fv2%2Fproduct_cat&post=20298"},{"taxonomy":"product_tag","embeddable":true,"href":"https:\/\/korogluhirdavat.com.tr\/index.php?rest_route=%2Fwp%2Fv2%2Fproduct_tag&post=20298"}],"curies":[{"name":"wp","href":"https:\/\/api.w.org\/{rel}","templated":true}]}}