{"id":20299,"date":"2021-09-03T21:02:45","date_gmt":"2021-09-03T21:02:45","guid":{"rendered":"https:\/\/koroglucivata.com\/?post_type=product&#038;p=20299"},"modified":"2021-09-03T21:02:48","modified_gmt":"2021-09-03T21:02:48","slug":"kazanci-tip-iskence","status":"publish","type":"product","link":"https:\/\/korogluhirdavat.com.tr\/?product=kazanci-tip-iskence","title":{"rendered":"Kazanc\u0131 Tip \u0130\u015fkence"},"content":{"rendered":"<p>Komple d\u00f6vme \u00e7elik<\/p>\n<p>18000 N Maksimum s\u0131kma kuvveti<\/p>\n<p>Dayan\u0131kl\u0131 ve Uzun \u00d6m\u00fcrl\u00fc<\/p>\n","protected":false},"excerpt":{"rendered":"<p>Komple d\u00f6vme \u00e7elik 18000 N Maksimum s\u0131kma kuvveti Dayan\u0131kl\u0131 ve Uzun \u00d6m\u00fcrl\u00fc<\/p>\n","protected":false},"featured_media":18932,"comment_status":"closed","ping_status":"closed","template":"","meta":[],"product_brand":[],"product_cat":[257,291],"product_tag":[],"class_list":{"0":"post-20299","1":"product","2":"type-product","3":"status-publish","4":"has-post-thumbnail","6":"product_cat-el-aletleri","7":"product_cat-mengene-ve-iskenceler","9":"first","10":"instock","11":"shipping-taxable","12":"product-type-simple"},"_links":{"self":[{"href":"https:\/\/korogluhirdavat.com.tr\/index.php?rest_route=\/wp\/v2\/product\/20299","targetHints":{"allow":["GET"]}}],"collection":[{"href":"https:\/\/korogluhirdavat.com.tr\/index.php?rest_route=\/wp\/v2\/product"}],"about":[{"href":"https:\/\/korogluhirdavat.com.tr\/index.php?rest_route=\/wp\/v2\/types\/product"}],"replies":[{"embeddable":true,"href":"https:\/\/korogluhirdavat.com.tr\/index.php?rest_route=%2Fwp%2Fv2%2Fcomments&post=20299"}],"wp:featuredmedia":[{"embeddable":true,"href":"https:\/\/korogluhirdavat.com.tr\/index.php?rest_route=\/wp\/v2\/media\/18932"}],"wp:attachment":[{"href":"https:\/\/korogluhirdavat.com.tr\/index.php?rest_route=%2Fwp%2Fv2%2Fmedia&parent=20299"}],"wp:term":[{"taxonomy":"product_brand","embeddable":true,"href":"https:\/\/korogluhirdavat.com.tr\/index.php?rest_route=%2Fwp%2Fv2%2Fproduct_brand&post=20299"},{"taxonomy":"product_cat","embeddable":true,"href":"https:\/\/korogluhirdavat.com.tr\/index.php?rest_route=%2Fwp%2Fv2%2Fproduct_cat&post=20299"},{"taxonomy":"product_tag","embeddable":true,"href":"https:\/\/korogluhirdavat.com.tr\/index.php?rest_route=%2Fwp%2Fv2%2Fproduct_tag&post=20299"}],"curies":[{"name":"wp","href":"https:\/\/api.w.org\/{rel}","templated":true}]}}