{"id":20309,"date":"2021-09-03T21:02:46","date_gmt":"2021-09-03T21:02:46","guid":{"rendered":"https:\/\/koroglucivata.com\/?post_type=product&#038;p=20309"},"modified":"2021-09-03T21:02:49","modified_gmt":"2021-09-03T21:02:49","slug":"matkap-mengene","status":"publish","type":"product","link":"https:\/\/korogluhirdavat.com.tr\/?product=matkap-mengene","title":{"rendered":"Matkap Mengene"},"content":{"rendered":"<p>Komple \u00c7elik D\u00f6k\u00fcm G\u00f6vde. \u00c7eneler 52-58 HRC sertle\u015ftirilmi\u015ftir.<\/p>\n<div>Uzun \u00d6m\u00fcrl\u00fc ve garantili.<\/div>\n","protected":false},"excerpt":{"rendered":"<p>Komple \u00c7elik D\u00f6k\u00fcm G\u00f6vde. \u00c7eneler 52-58 HRC sertle\u015ftirilmi\u015ftir. Uzun \u00d6m\u00fcrl\u00fc ve garantili.<\/p>\n","protected":false},"featured_media":18940,"comment_status":"closed","ping_status":"closed","template":"","meta":[],"product_brand":[],"product_cat":[257,291],"product_tag":[],"class_list":{"0":"post-20309","1":"product","2":"type-product","3":"status-publish","4":"has-post-thumbnail","6":"product_cat-el-aletleri","7":"product_cat-mengene-ve-iskenceler","9":"first","10":"instock","11":"shipping-taxable","12":"product-type-simple"},"_links":{"self":[{"href":"https:\/\/korogluhirdavat.com.tr\/index.php?rest_route=\/wp\/v2\/product\/20309","targetHints":{"allow":["GET"]}}],"collection":[{"href":"https:\/\/korogluhirdavat.com.tr\/index.php?rest_route=\/wp\/v2\/product"}],"about":[{"href":"https:\/\/korogluhirdavat.com.tr\/index.php?rest_route=\/wp\/v2\/types\/product"}],"replies":[{"embeddable":true,"href":"https:\/\/korogluhirdavat.com.tr\/index.php?rest_route=%2Fwp%2Fv2%2Fcomments&post=20309"}],"wp:featuredmedia":[{"embeddable":true,"href":"https:\/\/korogluhirdavat.com.tr\/index.php?rest_route=\/wp\/v2\/media\/18940"}],"wp:attachment":[{"href":"https:\/\/korogluhirdavat.com.tr\/index.php?rest_route=%2Fwp%2Fv2%2Fmedia&parent=20309"}],"wp:term":[{"taxonomy":"product_brand","embeddable":true,"href":"https:\/\/korogluhirdavat.com.tr\/index.php?rest_route=%2Fwp%2Fv2%2Fproduct_brand&post=20309"},{"taxonomy":"product_cat","embeddable":true,"href":"https:\/\/korogluhirdavat.com.tr\/index.php?rest_route=%2Fwp%2Fv2%2Fproduct_cat&post=20309"},{"taxonomy":"product_tag","embeddable":true,"href":"https:\/\/korogluhirdavat.com.tr\/index.php?rest_route=%2Fwp%2Fv2%2Fproduct_tag&post=20309"}],"curies":[{"name":"wp","href":"https:\/\/api.w.org\/{rel}","templated":true}]}}