{"id":20312,"date":"2021-09-03T21:02:46","date_gmt":"2021-09-03T21:02:46","guid":{"rendered":"https:\/\/koroglucivata.com\/?post_type=product&#038;p=20312"},"modified":"2021-09-03T21:02:49","modified_gmt":"2021-09-03T21:02:49","slug":"etre-kolu","status":"publish","type":"product","link":"https:\/\/korogluhirdavat.com.tr\/?product=etre-kolu","title":{"rendered":"Etre Kolu"},"content":{"rendered":"<p>Sa\u011flam \u00e7elikten g\u00f6vde dizayn<br \/>\nSertle\u015ftirilmi\u015f silindirler<br \/>\n8mm &#8211; 16mm kadar demir b\u00fckmeye uygundur<br \/>\n\u0130n\u015faat yap\u0131 ve in\u015faat demiri i\u015fleme tesisleri i\u00e7in uygundur<br \/>\nDayan\u0131kl\u0131 ve uzun \u00f6m\u00fcrl\u00fc<\/p>\n","protected":false},"excerpt":{"rendered":"<p>Sa\u011flam \u00e7elikten g\u00f6vde dizayn Sertle\u015ftirilmi\u015f silindirler 8mm &#8211; 16mm kadar demir b\u00fckmeye uygundur \u0130n\u015faat yap\u0131 ve in\u015faat demiri i\u015fleme tesisleri i\u00e7in uygundur Dayan\u0131kl\u0131 ve uzun \u00f6m\u00fcrl\u00fc<\/p>\n","protected":false},"featured_media":18943,"comment_status":"closed","ping_status":"closed","template":"","meta":[],"product_brand":[],"product_cat":[257,291],"product_tag":[],"class_list":{"0":"post-20312","1":"product","2":"type-product","3":"status-publish","4":"has-post-thumbnail","6":"product_cat-el-aletleri","7":"product_cat-mengene-ve-iskenceler","9":"first","10":"instock","11":"shipping-taxable","12":"product-type-simple"},"_links":{"self":[{"href":"https:\/\/korogluhirdavat.com.tr\/index.php?rest_route=\/wp\/v2\/product\/20312","targetHints":{"allow":["GET"]}}],"collection":[{"href":"https:\/\/korogluhirdavat.com.tr\/index.php?rest_route=\/wp\/v2\/product"}],"about":[{"href":"https:\/\/korogluhirdavat.com.tr\/index.php?rest_route=\/wp\/v2\/types\/product"}],"replies":[{"embeddable":true,"href":"https:\/\/korogluhirdavat.com.tr\/index.php?rest_route=%2Fwp%2Fv2%2Fcomments&post=20312"}],"wp:featuredmedia":[{"embeddable":true,"href":"https:\/\/korogluhirdavat.com.tr\/index.php?rest_route=\/wp\/v2\/media\/18943"}],"wp:attachment":[{"href":"https:\/\/korogluhirdavat.com.tr\/index.php?rest_route=%2Fwp%2Fv2%2Fmedia&parent=20312"}],"wp:term":[{"taxonomy":"product_brand","embeddable":true,"href":"https:\/\/korogluhirdavat.com.tr\/index.php?rest_route=%2Fwp%2Fv2%2Fproduct_brand&post=20312"},{"taxonomy":"product_cat","embeddable":true,"href":"https:\/\/korogluhirdavat.com.tr\/index.php?rest_route=%2Fwp%2Fv2%2Fproduct_cat&post=20312"},{"taxonomy":"product_tag","embeddable":true,"href":"https:\/\/korogluhirdavat.com.tr\/index.php?rest_route=%2Fwp%2Fv2%2Fproduct_tag&post=20312"}],"curies":[{"name":"wp","href":"https:\/\/api.w.org\/{rel}","templated":true}]}}