{"id":20317,"date":"2021-09-03T21:02:47","date_gmt":"2021-09-03T21:02:47","guid":{"rendered":"https:\/\/koroglucivata.com\/?post_type=product&#038;p=20317"},"modified":"2021-09-03T21:02:50","modified_gmt":"2021-09-03T21:02:50","slug":"silikon","status":"publish","type":"product","link":"https:\/\/korogluhirdavat.com.tr\/?product=silikon","title":{"rendered":"Silikon"},"content":{"rendered":"<p>ASETOKS\u0130 K\u00dcRLE\u015eME S\u0130STEM\u0130NE SAH\u0130PT\u0130R.<br \/>\n&gt; D\u0130K D\u00dcZEYLERDE AKMA YAPMAZ.<br \/>\n&gt; KURUDU\u011eUNDA SU GE\u00c7\u0130RMEZ BAR\u0130YER OLU\u015eTURUR.<br \/>\n&gt; \u0130\u00c7 VE DI\u015e MEKANLARDA KULLANILAB\u0130L\u0130R.<\/p>\n","protected":false},"excerpt":{"rendered":"<p>280 gr<\/p>\n","protected":false},"featured_media":18972,"comment_status":"closed","ping_status":"closed","template":"","meta":[],"product_brand":[],"product_cat":[292,284],"product_tag":[],"class_list":{"0":"post-20317","1":"product","2":"type-product","3":"status-publish","4":"has-post-thumbnail","6":"product_cat-silikonlar","7":"product_cat-yapistirici-ve-kimyasallar","9":"first","10":"instock","11":"shipping-taxable","12":"product-type-simple"},"_links":{"self":[{"href":"https:\/\/korogluhirdavat.com.tr\/index.php?rest_route=\/wp\/v2\/product\/20317","targetHints":{"allow":["GET"]}}],"collection":[{"href":"https:\/\/korogluhirdavat.com.tr\/index.php?rest_route=\/wp\/v2\/product"}],"about":[{"href":"https:\/\/korogluhirdavat.com.tr\/index.php?rest_route=\/wp\/v2\/types\/product"}],"replies":[{"embeddable":true,"href":"https:\/\/korogluhirdavat.com.tr\/index.php?rest_route=%2Fwp%2Fv2%2Fcomments&post=20317"}],"wp:featuredmedia":[{"embeddable":true,"href":"https:\/\/korogluhirdavat.com.tr\/index.php?rest_route=\/wp\/v2\/media\/18972"}],"wp:attachment":[{"href":"https:\/\/korogluhirdavat.com.tr\/index.php?rest_route=%2Fwp%2Fv2%2Fmedia&parent=20317"}],"wp:term":[{"taxonomy":"product_brand","embeddable":true,"href":"https:\/\/korogluhirdavat.com.tr\/index.php?rest_route=%2Fwp%2Fv2%2Fproduct_brand&post=20317"},{"taxonomy":"product_cat","embeddable":true,"href":"https:\/\/korogluhirdavat.com.tr\/index.php?rest_route=%2Fwp%2Fv2%2Fproduct_cat&post=20317"},{"taxonomy":"product_tag","embeddable":true,"href":"https:\/\/korogluhirdavat.com.tr\/index.php?rest_route=%2Fwp%2Fv2%2Fproduct_tag&post=20317"}],"curies":[{"name":"wp","href":"https:\/\/api.w.org\/{rel}","templated":true}]}}