{"id":20320,"date":"2021-09-03T21:02:51","date_gmt":"2021-09-03T21:02:51","guid":{"rendered":"https:\/\/koroglucivata.com\/?post_type=product&#038;p=20320"},"modified":"2021-09-03T21:02:53","modified_gmt":"2021-09-03T21:02:53","slug":"rtv-silikon","status":"publish","type":"product","link":"https:\/\/korogluhirdavat.com.tr\/?product=rtv-silikon","title":{"rendered":"Rtv Silikon"},"content":{"rendered":"<p>&gt; S\u00dcREKL\u0130 250OC VE 300OC SICAKLIKLARA MARUZ<br \/>\nKALDI\u011eINDA \u00d6ZELL\u0130KLER\u0130N\u0130 KAYBETMEZ.<br \/>\n&gt; DAYANIKLILI\u011eI ARTTIRMAK \u0130\u00c7\u0130N HAZIR CONTALARIN<br \/>\n\u00dcZER\u0130NE UYGULANAB\u0130L\u0130R.<br \/>\n&gt; K\u0130MYASALLARA, YA\u011eLARA VE SOLVENTLERE KAR\u015eI<br \/>\nDAYANIKLIDIR.<\/p>\n","protected":false},"excerpt":{"rendered":"<p>280 gr<\/p>\n","protected":false},"featured_media":18975,"comment_status":"closed","ping_status":"closed","template":"","meta":[],"product_brand":[],"product_cat":[292,284],"product_tag":[],"class_list":{"0":"post-20320","1":"product","2":"type-product","3":"status-publish","4":"has-post-thumbnail","6":"product_cat-silikonlar","7":"product_cat-yapistirici-ve-kimyasallar","9":"first","10":"instock","11":"shipping-taxable","12":"product-type-simple"},"_links":{"self":[{"href":"https:\/\/korogluhirdavat.com.tr\/index.php?rest_route=\/wp\/v2\/product\/20320","targetHints":{"allow":["GET"]}}],"collection":[{"href":"https:\/\/korogluhirdavat.com.tr\/index.php?rest_route=\/wp\/v2\/product"}],"about":[{"href":"https:\/\/korogluhirdavat.com.tr\/index.php?rest_route=\/wp\/v2\/types\/product"}],"replies":[{"embeddable":true,"href":"https:\/\/korogluhirdavat.com.tr\/index.php?rest_route=%2Fwp%2Fv2%2Fcomments&post=20320"}],"wp:featuredmedia":[{"embeddable":true,"href":"https:\/\/korogluhirdavat.com.tr\/index.php?rest_route=\/wp\/v2\/media\/18975"}],"wp:attachment":[{"href":"https:\/\/korogluhirdavat.com.tr\/index.php?rest_route=%2Fwp%2Fv2%2Fmedia&parent=20320"}],"wp:term":[{"taxonomy":"product_brand","embeddable":true,"href":"https:\/\/korogluhirdavat.com.tr\/index.php?rest_route=%2Fwp%2Fv2%2Fproduct_brand&post=20320"},{"taxonomy":"product_cat","embeddable":true,"href":"https:\/\/korogluhirdavat.com.tr\/index.php?rest_route=%2Fwp%2Fv2%2Fproduct_cat&post=20320"},{"taxonomy":"product_tag","embeddable":true,"href":"https:\/\/korogluhirdavat.com.tr\/index.php?rest_route=%2Fwp%2Fv2%2Fproduct_tag&post=20320"}],"curies":[{"name":"wp","href":"https:\/\/api.w.org\/{rel}","templated":true}]}}