{"id":20321,"date":"2021-09-03T21:02:51","date_gmt":"2021-09-03T21:02:51","guid":{"rendered":"https:\/\/koroglucivata.com\/?post_type=product&#038;p=20321"},"modified":"2021-09-03T21:02:53","modified_gmt":"2021-09-03T21:02:53","slug":"ayna-silikon","status":"publish","type":"product","link":"https:\/\/korogluhirdavat.com.tr\/?product=ayna-silikon","title":{"rendered":"Ayna Silikon"},"content":{"rendered":"<p>&gt; N\u00d6TR S\u0130L\u0130KON BAZLI YAPI\u015eTIRICI.<br \/>\n&gt; CAM, AH\u015eAP, VE BETON \u00dcZER\u0130NE G\u00dc\u00c7L\u00dc YAPI\u015eIR.<br \/>\n&gt; KOROZYONA NEDEN OLMAZ.<br \/>\n&gt; \u00c7OK HIZLI KURUR.<\/p>\n","protected":false},"excerpt":{"rendered":"<p>280 gr<\/p>\n","protected":false},"featured_media":18976,"comment_status":"closed","ping_status":"closed","template":"","meta":[],"product_brand":[],"product_cat":[292,284],"product_tag":[],"class_list":{"0":"post-20321","1":"product","2":"type-product","3":"status-publish","4":"has-post-thumbnail","6":"product_cat-silikonlar","7":"product_cat-yapistirici-ve-kimyasallar","9":"first","10":"instock","11":"shipping-taxable","12":"product-type-simple"},"_links":{"self":[{"href":"https:\/\/korogluhirdavat.com.tr\/index.php?rest_route=\/wp\/v2\/product\/20321","targetHints":{"allow":["GET"]}}],"collection":[{"href":"https:\/\/korogluhirdavat.com.tr\/index.php?rest_route=\/wp\/v2\/product"}],"about":[{"href":"https:\/\/korogluhirdavat.com.tr\/index.php?rest_route=\/wp\/v2\/types\/product"}],"replies":[{"embeddable":true,"href":"https:\/\/korogluhirdavat.com.tr\/index.php?rest_route=%2Fwp%2Fv2%2Fcomments&post=20321"}],"wp:featuredmedia":[{"embeddable":true,"href":"https:\/\/korogluhirdavat.com.tr\/index.php?rest_route=\/wp\/v2\/media\/18976"}],"wp:attachment":[{"href":"https:\/\/korogluhirdavat.com.tr\/index.php?rest_route=%2Fwp%2Fv2%2Fmedia&parent=20321"}],"wp:term":[{"taxonomy":"product_brand","embeddable":true,"href":"https:\/\/korogluhirdavat.com.tr\/index.php?rest_route=%2Fwp%2Fv2%2Fproduct_brand&post=20321"},{"taxonomy":"product_cat","embeddable":true,"href":"https:\/\/korogluhirdavat.com.tr\/index.php?rest_route=%2Fwp%2Fv2%2Fproduct_cat&post=20321"},{"taxonomy":"product_tag","embeddable":true,"href":"https:\/\/korogluhirdavat.com.tr\/index.php?rest_route=%2Fwp%2Fv2%2Fproduct_tag&post=20321"}],"curies":[{"name":"wp","href":"https:\/\/api.w.org\/{rel}","templated":true}]}}