{"id":20328,"date":"2021-09-03T21:02:51","date_gmt":"2021-09-03T21:02:51","guid":{"rendered":"https:\/\/koroglucivata.com\/?post_type=product&#038;p=20328"},"modified":"2021-09-03T21:02:54","modified_gmt":"2021-09-03T21:02:54","slug":"lexy-60-pu-kopuk","status":"publish","type":"product","link":"https:\/\/korogluhirdavat.com.tr\/?product=lexy-60-pu-kopuk","title":{"rendered":"Lexy 60 PU K\u00f6p\u00fck"},"content":{"rendered":"<p>&gt; \u00c7OK Y\u00dcKSEK HAC\u0130M.<br \/>\n&gt; \u00dcST\u00dcN H\u00dcCRE YAPISI.<br \/>\n&gt; ZOR ALANLARA ULA\u015eIR.<br \/>\n&gt; MONTAJ \u0130\u00c7\u0130N \u00d6NER\u0130L\u0130R.<\/p>\n","protected":false},"excerpt":{"rendered":"<p>280 ml<\/p>\n","protected":false},"featured_media":18983,"comment_status":"closed","ping_status":"closed","template":"","meta":[],"product_brand":[],"product_cat":[293,284],"product_tag":[],"class_list":{"0":"post-20328","1":"product","2":"type-product","3":"status-publish","4":"has-post-thumbnail","6":"product_cat-kopukler","7":"product_cat-yapistirici-ve-kimyasallar","9":"first","10":"instock","11":"shipping-taxable","12":"product-type-simple"},"_links":{"self":[{"href":"https:\/\/korogluhirdavat.com.tr\/index.php?rest_route=\/wp\/v2\/product\/20328","targetHints":{"allow":["GET"]}}],"collection":[{"href":"https:\/\/korogluhirdavat.com.tr\/index.php?rest_route=\/wp\/v2\/product"}],"about":[{"href":"https:\/\/korogluhirdavat.com.tr\/index.php?rest_route=\/wp\/v2\/types\/product"}],"replies":[{"embeddable":true,"href":"https:\/\/korogluhirdavat.com.tr\/index.php?rest_route=%2Fwp%2Fv2%2Fcomments&post=20328"}],"wp:featuredmedia":[{"embeddable":true,"href":"https:\/\/korogluhirdavat.com.tr\/index.php?rest_route=\/wp\/v2\/media\/18983"}],"wp:attachment":[{"href":"https:\/\/korogluhirdavat.com.tr\/index.php?rest_route=%2Fwp%2Fv2%2Fmedia&parent=20328"}],"wp:term":[{"taxonomy":"product_brand","embeddable":true,"href":"https:\/\/korogluhirdavat.com.tr\/index.php?rest_route=%2Fwp%2Fv2%2Fproduct_brand&post=20328"},{"taxonomy":"product_cat","embeddable":true,"href":"https:\/\/korogluhirdavat.com.tr\/index.php?rest_route=%2Fwp%2Fv2%2Fproduct_cat&post=20328"},{"taxonomy":"product_tag","embeddable":true,"href":"https:\/\/korogluhirdavat.com.tr\/index.php?rest_route=%2Fwp%2Fv2%2Fproduct_tag&post=20328"}],"curies":[{"name":"wp","href":"https:\/\/api.w.org\/{rel}","templated":true}]}}