{"id":20330,"date":"2021-09-03T21:02:51","date_gmt":"2021-09-03T21:02:51","guid":{"rendered":"https:\/\/koroglucivata.com\/?post_type=product&#038;p=20330"},"modified":"2021-09-03T21:02:54","modified_gmt":"2021-09-03T21:02:54","slug":"polyfix-plus-kopuk","status":"publish","type":"product","link":"https:\/\/korogluhirdavat.com.tr\/?product=polyfix-plus-kopuk","title":{"rendered":"Polyf\u0131x Plus K\u00f6p\u00fck"},"content":{"rendered":"<p>&gt; \u0130\u00c7 MEKAN KAPI MONTAJLARINDA KULLANILIR.<br \/>\n&gt; KAPIYI VE KASAYI KASMAZ.<br \/>\n&gt; TEKRAR KULLANILAB\u0130L\u0130R.<br \/>\n&gt; YATAY SIKILAB\u0130L\u0130R.<\/p>\n","protected":false},"excerpt":{"rendered":"<p>280 ml<\/p>\n","protected":false},"featured_media":18985,"comment_status":"closed","ping_status":"closed","template":"","meta":[],"product_brand":[],"product_cat":[293,284],"product_tag":[],"class_list":{"0":"post-20330","1":"product","2":"type-product","3":"status-publish","4":"has-post-thumbnail","6":"product_cat-kopukler","7":"product_cat-yapistirici-ve-kimyasallar","9":"first","10":"instock","11":"shipping-taxable","12":"product-type-simple"},"_links":{"self":[{"href":"https:\/\/korogluhirdavat.com.tr\/index.php?rest_route=\/wp\/v2\/product\/20330","targetHints":{"allow":["GET"]}}],"collection":[{"href":"https:\/\/korogluhirdavat.com.tr\/index.php?rest_route=\/wp\/v2\/product"}],"about":[{"href":"https:\/\/korogluhirdavat.com.tr\/index.php?rest_route=\/wp\/v2\/types\/product"}],"replies":[{"embeddable":true,"href":"https:\/\/korogluhirdavat.com.tr\/index.php?rest_route=%2Fwp%2Fv2%2Fcomments&post=20330"}],"wp:featuredmedia":[{"embeddable":true,"href":"https:\/\/korogluhirdavat.com.tr\/index.php?rest_route=\/wp\/v2\/media\/18985"}],"wp:attachment":[{"href":"https:\/\/korogluhirdavat.com.tr\/index.php?rest_route=%2Fwp%2Fv2%2Fmedia&parent=20330"}],"wp:term":[{"taxonomy":"product_brand","embeddable":true,"href":"https:\/\/korogluhirdavat.com.tr\/index.php?rest_route=%2Fwp%2Fv2%2Fproduct_brand&post=20330"},{"taxonomy":"product_cat","embeddable":true,"href":"https:\/\/korogluhirdavat.com.tr\/index.php?rest_route=%2Fwp%2Fv2%2Fproduct_cat&post=20330"},{"taxonomy":"product_tag","embeddable":true,"href":"https:\/\/korogluhirdavat.com.tr\/index.php?rest_route=%2Fwp%2Fv2%2Fproduct_tag&post=20330"}],"curies":[{"name":"wp","href":"https:\/\/api.w.org\/{rel}","templated":true}]}}