{"id":20334,"date":"2021-09-03T21:02:52","date_gmt":"2021-09-03T21:02:52","guid":{"rendered":"https:\/\/koroglucivata.com\/?post_type=product&#038;p=20334"},"modified":"2021-09-03T21:02:55","modified_gmt":"2021-09-03T21:02:55","slug":"mermer-yapistirici","status":"publish","type":"product","link":"https:\/\/korogluhirdavat.com.tr\/?product=mermer-yapistirici","title":{"rendered":"Mermer Yap\u0131\u015ft\u0131r\u0131c\u0131"},"content":{"rendered":"<p>&gt; Uygulamadan 2 Saat Sonra Yap\u0131\u015ft\u0131r\u0131lan Y\u00fczeyler Kullan\u0131ma Haz\u0131r<br \/>\n&gt; Sertle\u015fme Esnas\u0131nda Renk De\u011fi\u015fimi, \u00c7atlama, K\u00fc\u00e7\u00fclme Yapmaz<br \/>\n&gt; Kimyasallara Duyars\u0131z<\/p>\n","protected":false},"excerpt":{"rendered":"<p>280 ml<\/p>\n","protected":false},"featured_media":18989,"comment_status":"closed","ping_status":"closed","template":"","meta":[],"product_brand":[],"product_cat":[294,284],"product_tag":[],"class_list":{"0":"post-20334","1":"product","2":"type-product","3":"status-publish","4":"has-post-thumbnail","6":"product_cat-yapistirici","7":"product_cat-yapistirici-ve-kimyasallar","9":"first","10":"instock","11":"shipping-taxable","12":"product-type-simple"},"_links":{"self":[{"href":"https:\/\/korogluhirdavat.com.tr\/index.php?rest_route=\/wp\/v2\/product\/20334","targetHints":{"allow":["GET"]}}],"collection":[{"href":"https:\/\/korogluhirdavat.com.tr\/index.php?rest_route=\/wp\/v2\/product"}],"about":[{"href":"https:\/\/korogluhirdavat.com.tr\/index.php?rest_route=\/wp\/v2\/types\/product"}],"replies":[{"embeddable":true,"href":"https:\/\/korogluhirdavat.com.tr\/index.php?rest_route=%2Fwp%2Fv2%2Fcomments&post=20334"}],"wp:featuredmedia":[{"embeddable":true,"href":"https:\/\/korogluhirdavat.com.tr\/index.php?rest_route=\/wp\/v2\/media\/18989"}],"wp:attachment":[{"href":"https:\/\/korogluhirdavat.com.tr\/index.php?rest_route=%2Fwp%2Fv2%2Fmedia&parent=20334"}],"wp:term":[{"taxonomy":"product_brand","embeddable":true,"href":"https:\/\/korogluhirdavat.com.tr\/index.php?rest_route=%2Fwp%2Fv2%2Fproduct_brand&post=20334"},{"taxonomy":"product_cat","embeddable":true,"href":"https:\/\/korogluhirdavat.com.tr\/index.php?rest_route=%2Fwp%2Fv2%2Fproduct_cat&post=20334"},{"taxonomy":"product_tag","embeddable":true,"href":"https:\/\/korogluhirdavat.com.tr\/index.php?rest_route=%2Fwp%2Fv2%2Fproduct_tag&post=20334"}],"curies":[{"name":"wp","href":"https:\/\/api.w.org\/{rel}","templated":true}]}}