{"id":20335,"date":"2021-09-03T21:02:52","date_gmt":"2021-09-03T21:02:52","guid":{"rendered":"https:\/\/koroglucivata.com\/?post_type=product&#038;p=20335"},"modified":"2021-09-03T21:02:55","modified_gmt":"2021-09-03T21:02:55","slug":"kimyasal-dubel","status":"publish","type":"product","link":"https:\/\/korogluhirdavat.com.tr\/?product=kimyasal-dubel","title":{"rendered":"Kimyasal D\u00fcbel"},"content":{"rendered":"<p>&gt; \u00d6zel uygulama tabancas\u0131yla kullan\u0131labilir<br \/>\n&gt; 80\u00b0C\u2019ye dayan\u0131kl\u0131<br \/>\n&gt; Min. kartu\u015f kullan\u0131m s\u0131cakl\u0131\u011f\u0131 20\u00b0C<br \/>\n&gt; Depolama s\u0131cakl\u0131k aral\u0131\u011f\u0131 5\u00b0C -25\u00b0C<br \/>\n&gt; Raf \u00f6mr\u00fc; uygun saklama ko\u015fullar\u0131nda 12 ay<\/p>\n","protected":false},"excerpt":{"rendered":"<p>280 ml<\/p>\n","protected":false},"featured_media":18990,"comment_status":"closed","ping_status":"closed","template":"","meta":[],"product_brand":[],"product_cat":[284,285],"product_tag":[],"class_list":{"0":"post-20335","1":"product","2":"type-product","3":"status-publish","4":"has-post-thumbnail","6":"product_cat-yapistirici-ve-kimyasallar","7":"product_cat-yapistirici-ve-kimyasallar-yapistirici-ve-kimyasallar","9":"first","10":"instock","11":"shipping-taxable","12":"product-type-simple"},"_links":{"self":[{"href":"https:\/\/korogluhirdavat.com.tr\/index.php?rest_route=\/wp\/v2\/product\/20335","targetHints":{"allow":["GET"]}}],"collection":[{"href":"https:\/\/korogluhirdavat.com.tr\/index.php?rest_route=\/wp\/v2\/product"}],"about":[{"href":"https:\/\/korogluhirdavat.com.tr\/index.php?rest_route=\/wp\/v2\/types\/product"}],"replies":[{"embeddable":true,"href":"https:\/\/korogluhirdavat.com.tr\/index.php?rest_route=%2Fwp%2Fv2%2Fcomments&post=20335"}],"wp:featuredmedia":[{"embeddable":true,"href":"https:\/\/korogluhirdavat.com.tr\/index.php?rest_route=\/wp\/v2\/media\/18990"}],"wp:attachment":[{"href":"https:\/\/korogluhirdavat.com.tr\/index.php?rest_route=%2Fwp%2Fv2%2Fmedia&parent=20335"}],"wp:term":[{"taxonomy":"product_brand","embeddable":true,"href":"https:\/\/korogluhirdavat.com.tr\/index.php?rest_route=%2Fwp%2Fv2%2Fproduct_brand&post=20335"},{"taxonomy":"product_cat","embeddable":true,"href":"https:\/\/korogluhirdavat.com.tr\/index.php?rest_route=%2Fwp%2Fv2%2Fproduct_cat&post=20335"},{"taxonomy":"product_tag","embeddable":true,"href":"https:\/\/korogluhirdavat.com.tr\/index.php?rest_route=%2Fwp%2Fv2%2Fproduct_tag&post=20335"}],"curies":[{"name":"wp","href":"https:\/\/api.w.org\/{rel}","templated":true}]}}