{"id":20336,"date":"2021-09-03T21:02:52","date_gmt":"2021-09-03T21:02:52","guid":{"rendered":"https:\/\/koroglucivata.com\/?post_type=product&#038;p=20336"},"modified":"2021-09-03T21:02:55","modified_gmt":"2021-09-03T21:02:55","slug":"wd-40-pas-sokucu-ve-yaglayici","status":"publish","type":"product","link":"https:\/\/korogluhirdavat.com.tr\/?product=wd-40-pas-sokucu-ve-yaglayici","title":{"rendered":"Wd-40 Pas S\u00f6k\u00fcc\u00fc ve Ya\u011flay\u0131c\u0131"},"content":{"rendered":"<p>&gt; Nem atar<br \/>\n&gt; Pas \u00e7\u00f6zer<br \/>\n&gt; Pastan korur<br \/>\n&gt; Temizler<br \/>\n&gt; Ya\u011flar<\/p>\n","protected":false},"excerpt":{"rendered":"<p>280 ml<\/p>\n","protected":false},"featured_media":18991,"comment_status":"closed","ping_status":"closed","template":"","meta":[],"product_brand":[],"product_cat":[295,284],"product_tag":[],"class_list":{"0":"post-20336","1":"product","2":"type-product","3":"status-publish","4":"has-post-thumbnail","6":"product_cat-pas-sokuculer","7":"product_cat-yapistirici-ve-kimyasallar","9":"first","10":"instock","11":"shipping-taxable","12":"product-type-simple"},"_links":{"self":[{"href":"https:\/\/korogluhirdavat.com.tr\/index.php?rest_route=\/wp\/v2\/product\/20336","targetHints":{"allow":["GET"]}}],"collection":[{"href":"https:\/\/korogluhirdavat.com.tr\/index.php?rest_route=\/wp\/v2\/product"}],"about":[{"href":"https:\/\/korogluhirdavat.com.tr\/index.php?rest_route=\/wp\/v2\/types\/product"}],"replies":[{"embeddable":true,"href":"https:\/\/korogluhirdavat.com.tr\/index.php?rest_route=%2Fwp%2Fv2%2Fcomments&post=20336"}],"wp:featuredmedia":[{"embeddable":true,"href":"https:\/\/korogluhirdavat.com.tr\/index.php?rest_route=\/wp\/v2\/media\/18991"}],"wp:attachment":[{"href":"https:\/\/korogluhirdavat.com.tr\/index.php?rest_route=%2Fwp%2Fv2%2Fmedia&parent=20336"}],"wp:term":[{"taxonomy":"product_brand","embeddable":true,"href":"https:\/\/korogluhirdavat.com.tr\/index.php?rest_route=%2Fwp%2Fv2%2Fproduct_brand&post=20336"},{"taxonomy":"product_cat","embeddable":true,"href":"https:\/\/korogluhirdavat.com.tr\/index.php?rest_route=%2Fwp%2Fv2%2Fproduct_cat&post=20336"},{"taxonomy":"product_tag","embeddable":true,"href":"https:\/\/korogluhirdavat.com.tr\/index.php?rest_route=%2Fwp%2Fv2%2Fproduct_tag&post=20336"}],"curies":[{"name":"wp","href":"https:\/\/api.w.org\/{rel}","templated":true}]}}